{"id":127498,"date":"2025-10-01T14:57:28","date_gmt":"2025-10-01T17:57:28","guid":{"rendered":"https:\/\/www.argensend.com\/producto\/evita-miente-la-verdadera-historia-del-voto-femenino-de-lanusse-alfredo-ricardo\/"},"modified":"2025-10-01T14:57:28","modified_gmt":"2025-10-01T17:57:28","slug":"evita-miente-la-verdadera-historia-del-voto-femenino-de-lanusse-alfredo-ricardo","status":"publish","type":"product","link":"https:\/\/www.argensend.com\/en\/product\/evita-miente-la-verdadera-historia-del-voto-femenino-de-lanusse-alfredo-ricardo\/","title":{"rendered":"Evita Miente La Verdadera Historia Del Voto Femenino De Lanusse, Alfredo Ricardo"},"content":{"rendered":"","protected":false},"excerpt":{"rendered":"<p>Un ensayo de Alfredo Ricardo Lanusse que cuestiona la versi\u00f3n oficial sobre el rol de Eva Per\u00f3n en la obtenci\u00f3n del voto femenino.<\/p>","protected":false},"featured_media":123830,"comment_status":"closed","ping_status":"closed","template":"","meta":{"_acf_changed":false,"om_disable_all_campaigns":false,"_monsterinsights_skip_tracking":false,"_monsterinsights_sitenote_active":false,"_monsterinsights_sitenote_note":"","_monsterinsights_sitenote_category":0},"etheme_brands":[],"product_brand":[],"product_cat":[685],"product_tag":[],"class_list":{"0":"post-127498","1":"product","2":"type-product","3":"status-publish","4":"has-post-thumbnail","6":"product_cat-libros","8":"first","9":"instock","10":"sale","11":"taxable","12":"shipping-taxable","13":"purchasable","14":"product-type-simple"},"acf":[],"aioseo_notices":[],"_links":{"self":[{"href":"https:\/\/www.argensend.com\/en\/wp-json\/wp\/v2\/product\/127498","targetHints":{"allow":["GET"]}}],"collection":[{"href":"https:\/\/www.argensend.com\/en\/wp-json\/wp\/v2\/product"}],"about":[{"href":"https:\/\/www.argensend.com\/en\/wp-json\/wp\/v2\/types\/product"}],"replies":[{"embeddable":true,"href":"https:\/\/www.argensend.com\/en\/wp-json\/wp\/v2\/comments?post=127498"}],"version-history":[{"count":0,"href":"https:\/\/www.argensend.com\/en\/wp-json\/wp\/v2\/product\/127498\/revisions"}],"wp:featuredmedia":[{"embeddable":true,"href":"https:\/\/www.argensend.com\/en\/wp-json\/wp\/v2\/media\/123830"}],"wp:attachment":[{"href":"https:\/\/www.argensend.com\/en\/wp-json\/wp\/v2\/media?parent=127498"}],"wp:term":[{"taxonomy":"brand","embeddable":true,"href":"https:\/\/www.argensend.com\/en\/wp-json\/wp\/v2\/etheme_brands?post=127498"},{"taxonomy":"product_brand","embeddable":true,"href":"https:\/\/www.argensend.com\/en\/wp-json\/wp\/v2\/product_brand?post=127498"},{"taxonomy":"product_cat","embeddable":true,"href":"https:\/\/www.argensend.com\/en\/wp-json\/wp\/v2\/product_cat?post=127498"},{"taxonomy":"product_tag","embeddable":true,"href":"https:\/\/www.argensend.com\/en\/wp-json\/wp\/v2\/product_tag?post=127498"}],"curies":[{"name":"wp","href":"https:\/\/api.w.org\/{rel}","templated":true}]}}