{"id":127503,"date":"2025-10-01T14:57:30","date_gmt":"2025-10-01T17:57:30","guid":{"rendered":"https:\/\/www.argensend.com\/producto\/exploracion-de-santa-cruz-y-las-costas-del-pacifico-del-castillo-agustin\/"},"modified":"2025-10-01T14:57:30","modified_gmt":"2025-10-01T17:57:30","slug":"exploracion-de-santa-cruz-y-las-costas-del-pacifico-del-castillo-agustin","status":"publish","type":"product","link":"https:\/\/www.argensend.com\/en\/product\/exploracion-de-santa-cruz-y-las-costas-del-pacifico-del-castillo-agustin\/","title":{"rendered":"Exploraci\u00f3n De Santa Cruz Y Las Costas Del Pacifico Del Castillo, Agust\u00edn"},"content":{"rendered":"","protected":false},"excerpt":{"rendered":"<p>Un registro hist\u00f3rico de la exploraci\u00f3n de la provincia de Santa Cruz y sus conexiones con las costas del Pac\u00edfico.<\/p>","protected":false},"featured_media":124450,"comment_status":"closed","ping_status":"closed","template":"","meta":{"_acf_changed":false,"om_disable_all_campaigns":false,"_monsterinsights_skip_tracking":false,"_monsterinsights_sitenote_active":false,"_monsterinsights_sitenote_note":"","_monsterinsights_sitenote_category":0},"etheme_brands":[],"product_brand":[],"product_cat":[685],"product_tag":[],"class_list":{"0":"post-127503","1":"product","2":"type-product","3":"status-publish","4":"has-post-thumbnail","6":"product_cat-libros","8":"first","9":"instock","10":"sale","11":"taxable","12":"shipping-taxable","13":"purchasable","14":"product-type-simple"},"acf":[],"aioseo_notices":[],"_links":{"self":[{"href":"https:\/\/www.argensend.com\/en\/wp-json\/wp\/v2\/product\/127503","targetHints":{"allow":["GET"]}}],"collection":[{"href":"https:\/\/www.argensend.com\/en\/wp-json\/wp\/v2\/product"}],"about":[{"href":"https:\/\/www.argensend.com\/en\/wp-json\/wp\/v2\/types\/product"}],"replies":[{"embeddable":true,"href":"https:\/\/www.argensend.com\/en\/wp-json\/wp\/v2\/comments?post=127503"}],"version-history":[{"count":0,"href":"https:\/\/www.argensend.com\/en\/wp-json\/wp\/v2\/product\/127503\/revisions"}],"wp:featuredmedia":[{"embeddable":true,"href":"https:\/\/www.argensend.com\/en\/wp-json\/wp\/v2\/media\/124450"}],"wp:attachment":[{"href":"https:\/\/www.argensend.com\/en\/wp-json\/wp\/v2\/media?parent=127503"}],"wp:term":[{"taxonomy":"brand","embeddable":true,"href":"https:\/\/www.argensend.com\/en\/wp-json\/wp\/v2\/etheme_brands?post=127503"},{"taxonomy":"product_brand","embeddable":true,"href":"https:\/\/www.argensend.com\/en\/wp-json\/wp\/v2\/product_brand?post=127503"},{"taxonomy":"product_cat","embeddable":true,"href":"https:\/\/www.argensend.com\/en\/wp-json\/wp\/v2\/product_cat?post=127503"},{"taxonomy":"product_tag","embeddable":true,"href":"https:\/\/www.argensend.com\/en\/wp-json\/wp\/v2\/product_tag?post=127503"}],"curies":[{"name":"wp","href":"https:\/\/api.w.org\/{rel}","templated":true}]}}