{"id":127518,"date":"2025-10-01T14:57:42","date_gmt":"2025-10-01T17:57:42","guid":{"rendered":"https:\/\/www.argensend.com\/producto\/filosofia-y-politica-una-relacion-enigmatica-de-badiou-alain\/"},"modified":"2025-10-01T14:57:42","modified_gmt":"2025-10-01T17:57:42","slug":"filosofia-y-politica-una-relacion-enigmatica-de-badiou-alain","status":"publish","type":"product","link":"https:\/\/www.argensend.com\/en\/product\/filosofia-y-politica-una-relacion-enigmatica-de-badiou-alain\/","title":{"rendered":"Filosofia Y Pol\u00edtica: Una Relaci\u00f3n Enigmatica De Badiou, Alain"},"content":{"rendered":"","protected":false},"excerpt":{"rendered":"<p>Un ensayo de Alain Badiou que explora la compleja y a menudo contradictoria relaci\u00f3n entre la filosof\u00eda y la pr\u00e1ctica pol\u00edtica.<\/p>","protected":false},"featured_media":125077,"comment_status":"closed","ping_status":"closed","template":"","meta":{"_acf_changed":false,"om_disable_all_campaigns":false,"_monsterinsights_skip_tracking":false,"_monsterinsights_sitenote_active":false,"_monsterinsights_sitenote_note":"","_monsterinsights_sitenote_category":0},"etheme_brands":[],"product_brand":[],"product_cat":[685],"product_tag":[],"class_list":{"0":"post-127518","1":"product","2":"type-product","3":"status-publish","4":"has-post-thumbnail","6":"product_cat-libros","8":"first","9":"instock","10":"sale","11":"taxable","12":"shipping-taxable","13":"purchasable","14":"product-type-simple"},"acf":[],"aioseo_notices":[],"_links":{"self":[{"href":"https:\/\/www.argensend.com\/en\/wp-json\/wp\/v2\/product\/127518","targetHints":{"allow":["GET"]}}],"collection":[{"href":"https:\/\/www.argensend.com\/en\/wp-json\/wp\/v2\/product"}],"about":[{"href":"https:\/\/www.argensend.com\/en\/wp-json\/wp\/v2\/types\/product"}],"replies":[{"embeddable":true,"href":"https:\/\/www.argensend.com\/en\/wp-json\/wp\/v2\/comments?post=127518"}],"version-history":[{"count":0,"href":"https:\/\/www.argensend.com\/en\/wp-json\/wp\/v2\/product\/127518\/revisions"}],"wp:featuredmedia":[{"embeddable":true,"href":"https:\/\/www.argensend.com\/en\/wp-json\/wp\/v2\/media\/125077"}],"wp:attachment":[{"href":"https:\/\/www.argensend.com\/en\/wp-json\/wp\/v2\/media?parent=127518"}],"wp:term":[{"taxonomy":"brand","embeddable":true,"href":"https:\/\/www.argensend.com\/en\/wp-json\/wp\/v2\/etheme_brands?post=127518"},{"taxonomy":"product_brand","embeddable":true,"href":"https:\/\/www.argensend.com\/en\/wp-json\/wp\/v2\/product_brand?post=127518"},{"taxonomy":"product_cat","embeddable":true,"href":"https:\/\/www.argensend.com\/en\/wp-json\/wp\/v2\/product_cat?post=127518"},{"taxonomy":"product_tag","embeddable":true,"href":"https:\/\/www.argensend.com\/en\/wp-json\/wp\/v2\/product_tag?post=127518"}],"curies":[{"name":"wp","href":"https:\/\/api.w.org\/{rel}","templated":true}]}}