{"id":127633,"date":"2025-10-01T14:58:53","date_gmt":"2025-10-01T17:58:53","guid":{"rendered":"https:\/\/www.argensend.com\/producto\/hey-julio-iglesias-y-la-conquista-de-america-de-laguna-hans\/"},"modified":"2025-10-01T14:58:53","modified_gmt":"2025-10-01T17:58:53","slug":"hey-julio-iglesias-y-la-conquista-de-america-de-laguna-hans","status":"publish","type":"product","link":"https:\/\/www.argensend.com\/en\/product\/hey-julio-iglesias-y-la-conquista-de-america-de-laguna-hans\/","title":{"rendered":"Hey! Julio Iglesias Y La Conquista De Am\u00e9rica De Laguna, Hans"},"content":{"rendered":"","protected":false},"excerpt":{"rendered":"<p>La historia de c\u00f3mo Julio Iglesias se convirti\u00f3 en un fen\u00f3meno global, analizando su estrategia para conquistar el mercado musical de Am\u00e9rica.<\/p>","protected":false},"featured_media":123433,"comment_status":"closed","ping_status":"closed","template":"","meta":{"_acf_changed":false,"om_disable_all_campaigns":false,"_monsterinsights_skip_tracking":false,"_monsterinsights_sitenote_active":false,"_monsterinsights_sitenote_note":"","_monsterinsights_sitenote_category":0},"etheme_brands":[],"product_brand":[],"product_cat":[685],"product_tag":[],"class_list":{"0":"post-127633","1":"product","2":"type-product","3":"status-publish","4":"has-post-thumbnail","6":"product_cat-libros","8":"first","9":"instock","10":"sale","11":"taxable","12":"shipping-taxable","13":"purchasable","14":"product-type-simple"},"acf":[],"aioseo_notices":[],"_links":{"self":[{"href":"https:\/\/www.argensend.com\/en\/wp-json\/wp\/v2\/product\/127633","targetHints":{"allow":["GET"]}}],"collection":[{"href":"https:\/\/www.argensend.com\/en\/wp-json\/wp\/v2\/product"}],"about":[{"href":"https:\/\/www.argensend.com\/en\/wp-json\/wp\/v2\/types\/product"}],"replies":[{"embeddable":true,"href":"https:\/\/www.argensend.com\/en\/wp-json\/wp\/v2\/comments?post=127633"}],"version-history":[{"count":0,"href":"https:\/\/www.argensend.com\/en\/wp-json\/wp\/v2\/product\/127633\/revisions"}],"wp:featuredmedia":[{"embeddable":true,"href":"https:\/\/www.argensend.com\/en\/wp-json\/wp\/v2\/media\/123433"}],"wp:attachment":[{"href":"https:\/\/www.argensend.com\/en\/wp-json\/wp\/v2\/media?parent=127633"}],"wp:term":[{"taxonomy":"brand","embeddable":true,"href":"https:\/\/www.argensend.com\/en\/wp-json\/wp\/v2\/etheme_brands?post=127633"},{"taxonomy":"product_brand","embeddable":true,"href":"https:\/\/www.argensend.com\/en\/wp-json\/wp\/v2\/product_brand?post=127633"},{"taxonomy":"product_cat","embeddable":true,"href":"https:\/\/www.argensend.com\/en\/wp-json\/wp\/v2\/product_cat?post=127633"},{"taxonomy":"product_tag","embeddable":true,"href":"https:\/\/www.argensend.com\/en\/wp-json\/wp\/v2\/product_tag?post=127633"}],"curies":[{"name":"wp","href":"https:\/\/api.w.org\/{rel}","templated":true}]}}