{"id":127637,"date":"2025-10-01T14:58:54","date_gmt":"2025-10-01T17:58:54","guid":{"rendered":"https:\/\/www.argensend.com\/producto\/historia-de-la-argentina-1852-1890-de-sabato-hilda\/"},"modified":"2025-10-01T14:58:55","modified_gmt":"2025-10-01T17:58:55","slug":"historia-de-la-argentina-1852-1890-de-sabato-hilda","status":"publish","type":"product","link":"https:\/\/www.argensend.com\/en\/product\/historia-de-la-argentina-1852-1890-de-sabato-hilda\/","title":{"rendered":"Historia De La Argentina 1852 \u2013 1890 De Sabato, Hilda"},"content":{"rendered":"","protected":false},"excerpt":{"rendered":"<p>Un estudio sobre el per\u00edodo de la organizaci\u00f3n nacional argentina, desde la ca\u00edda de Rosas hasta el fin del r\u00e9gimen olig\u00e1rquico.<\/p>","protected":false},"featured_media":124625,"comment_status":"closed","ping_status":"closed","template":"","meta":{"_acf_changed":false,"om_disable_all_campaigns":false,"_monsterinsights_skip_tracking":false,"_monsterinsights_sitenote_active":false,"_monsterinsights_sitenote_note":"","_monsterinsights_sitenote_category":0},"etheme_brands":[],"product_brand":[],"product_cat":[685],"product_tag":[],"class_list":{"0":"post-127637","1":"product","2":"type-product","3":"status-publish","4":"has-post-thumbnail","6":"product_cat-libros","8":"first","9":"instock","10":"sale","11":"taxable","12":"shipping-taxable","13":"purchasable","14":"product-type-simple"},"acf":[],"aioseo_notices":[],"_links":{"self":[{"href":"https:\/\/www.argensend.com\/en\/wp-json\/wp\/v2\/product\/127637","targetHints":{"allow":["GET"]}}],"collection":[{"href":"https:\/\/www.argensend.com\/en\/wp-json\/wp\/v2\/product"}],"about":[{"href":"https:\/\/www.argensend.com\/en\/wp-json\/wp\/v2\/types\/product"}],"replies":[{"embeddable":true,"href":"https:\/\/www.argensend.com\/en\/wp-json\/wp\/v2\/comments?post=127637"}],"version-history":[{"count":0,"href":"https:\/\/www.argensend.com\/en\/wp-json\/wp\/v2\/product\/127637\/revisions"}],"wp:featuredmedia":[{"embeddable":true,"href":"https:\/\/www.argensend.com\/en\/wp-json\/wp\/v2\/media\/124625"}],"wp:attachment":[{"href":"https:\/\/www.argensend.com\/en\/wp-json\/wp\/v2\/media?parent=127637"}],"wp:term":[{"taxonomy":"brand","embeddable":true,"href":"https:\/\/www.argensend.com\/en\/wp-json\/wp\/v2\/etheme_brands?post=127637"},{"taxonomy":"product_brand","embeddable":true,"href":"https:\/\/www.argensend.com\/en\/wp-json\/wp\/v2\/product_brand?post=127637"},{"taxonomy":"product_cat","embeddable":true,"href":"https:\/\/www.argensend.com\/en\/wp-json\/wp\/v2\/product_cat?post=127637"},{"taxonomy":"product_tag","embeddable":true,"href":"https:\/\/www.argensend.com\/en\/wp-json\/wp\/v2\/product_tag?post=127637"}],"curies":[{"name":"wp","href":"https:\/\/api.w.org\/{rel}","templated":true}]}}