{"id":127670,"date":"2025-10-01T14:59:23","date_gmt":"2025-10-01T17:59:23","guid":{"rendered":"https:\/\/www.argensend.com\/producto\/ingenieria-autocontrol-y-auditoria-de-la-higiene-industria-alimen-de-puig-duran-fresco-jorge\/"},"modified":"2025-10-01T14:59:23","modified_gmt":"2025-10-01T17:59:23","slug":"ingenieria-autocontrol-y-auditoria-de-la-higiene-industria-alimen-de-puig-duran-fresco-jorge","status":"publish","type":"product","link":"https:\/\/www.argensend.com\/en\/product\/ingenieria-autocontrol-y-auditoria-de-la-higiene-industria-alimen-de-puig-duran-fresco-jorge\/","title":{"rendered":"Ingenier\u00eda Autocontrol Y Auditor\u00eda De La Higiene Industria Alimen De Puig-Duran Fresco, Jorge"},"content":{"rendered":"","protected":false},"excerpt":{"rendered":"<p>Manual t\u00e9cnico sobre la implementaci\u00f3n de sistemas de autocontrol, higiene y auditor\u00eda en la industria alimentaria.<\/p>","protected":false},"featured_media":123645,"comment_status":"closed","ping_status":"closed","template":"","meta":{"_acf_changed":false,"om_disable_all_campaigns":false,"_monsterinsights_skip_tracking":false,"_monsterinsights_sitenote_active":false,"_monsterinsights_sitenote_note":"","_monsterinsights_sitenote_category":0},"etheme_brands":[],"product_brand":[],"product_cat":[685],"product_tag":[],"class_list":{"0":"post-127670","1":"product","2":"type-product","3":"status-publish","4":"has-post-thumbnail","6":"product_cat-libros","8":"first","9":"instock","10":"sale","11":"taxable","12":"shipping-taxable","13":"purchasable","14":"product-type-simple"},"acf":[],"aioseo_notices":[],"_links":{"self":[{"href":"https:\/\/www.argensend.com\/en\/wp-json\/wp\/v2\/product\/127670","targetHints":{"allow":["GET"]}}],"collection":[{"href":"https:\/\/www.argensend.com\/en\/wp-json\/wp\/v2\/product"}],"about":[{"href":"https:\/\/www.argensend.com\/en\/wp-json\/wp\/v2\/types\/product"}],"replies":[{"embeddable":true,"href":"https:\/\/www.argensend.com\/en\/wp-json\/wp\/v2\/comments?post=127670"}],"version-history":[{"count":0,"href":"https:\/\/www.argensend.com\/en\/wp-json\/wp\/v2\/product\/127670\/revisions"}],"wp:featuredmedia":[{"embeddable":true,"href":"https:\/\/www.argensend.com\/en\/wp-json\/wp\/v2\/media\/123645"}],"wp:attachment":[{"href":"https:\/\/www.argensend.com\/en\/wp-json\/wp\/v2\/media?parent=127670"}],"wp:term":[{"taxonomy":"brand","embeddable":true,"href":"https:\/\/www.argensend.com\/en\/wp-json\/wp\/v2\/etheme_brands?post=127670"},{"taxonomy":"product_brand","embeddable":true,"href":"https:\/\/www.argensend.com\/en\/wp-json\/wp\/v2\/product_brand?post=127670"},{"taxonomy":"product_cat","embeddable":true,"href":"https:\/\/www.argensend.com\/en\/wp-json\/wp\/v2\/product_cat?post=127670"},{"taxonomy":"product_tag","embeddable":true,"href":"https:\/\/www.argensend.com\/en\/wp-json\/wp\/v2\/product_tag?post=127670"}],"curies":[{"name":"wp","href":"https:\/\/api.w.org\/{rel}","templated":true}]}}