{"id":127680,"date":"2025-10-01T14:59:27","date_gmt":"2025-10-01T17:59:27","guid":{"rendered":"https:\/\/www.argensend.com\/producto\/iosi-el-espia-arrepentido-de-lewin-miriam-lutzky-horacio\/"},"modified":"2025-10-01T14:59:27","modified_gmt":"2025-10-01T17:59:27","slug":"iosi-el-espia-arrepentido-de-lewin-miriam-lutzky-horacio","status":"publish","type":"product","link":"https:\/\/www.argensend.com\/en\/product\/iosi-el-espia-arrepentido-de-lewin-miriam-lutzky-horacio\/","title":{"rendered":"Iosi El Esp\u00eda Arrepentido De Lewin, Miriam; Lutzky, Horacio"},"content":{"rendered":"","protected":false},"excerpt":{"rendered":"<p>La cr\u00f3nica real de Iosi, el esp\u00eda arrepentido que revel\u00f3 informaci\u00f3n crucial sobre los atentados de los a\u00f1os 90 en Argentina.<\/p>","protected":false},"featured_media":124219,"comment_status":"closed","ping_status":"closed","template":"","meta":{"_acf_changed":false,"om_disable_all_campaigns":false,"_monsterinsights_skip_tracking":false,"_monsterinsights_sitenote_active":false,"_monsterinsights_sitenote_note":"","_monsterinsights_sitenote_category":0},"etheme_brands":[],"product_brand":[],"product_cat":[685],"product_tag":[],"class_list":{"0":"post-127680","1":"product","2":"type-product","3":"status-publish","4":"has-post-thumbnail","6":"product_cat-libros","8":"first","9":"instock","10":"sale","11":"taxable","12":"shipping-taxable","13":"purchasable","14":"product-type-simple"},"acf":[],"aioseo_notices":[],"_links":{"self":[{"href":"https:\/\/www.argensend.com\/en\/wp-json\/wp\/v2\/product\/127680","targetHints":{"allow":["GET"]}}],"collection":[{"href":"https:\/\/www.argensend.com\/en\/wp-json\/wp\/v2\/product"}],"about":[{"href":"https:\/\/www.argensend.com\/en\/wp-json\/wp\/v2\/types\/product"}],"replies":[{"embeddable":true,"href":"https:\/\/www.argensend.com\/en\/wp-json\/wp\/v2\/comments?post=127680"}],"version-history":[{"count":0,"href":"https:\/\/www.argensend.com\/en\/wp-json\/wp\/v2\/product\/127680\/revisions"}],"wp:featuredmedia":[{"embeddable":true,"href":"https:\/\/www.argensend.com\/en\/wp-json\/wp\/v2\/media\/124219"}],"wp:attachment":[{"href":"https:\/\/www.argensend.com\/en\/wp-json\/wp\/v2\/media?parent=127680"}],"wp:term":[{"taxonomy":"brand","embeddable":true,"href":"https:\/\/www.argensend.com\/en\/wp-json\/wp\/v2\/etheme_brands?post=127680"},{"taxonomy":"product_brand","embeddable":true,"href":"https:\/\/www.argensend.com\/en\/wp-json\/wp\/v2\/product_brand?post=127680"},{"taxonomy":"product_cat","embeddable":true,"href":"https:\/\/www.argensend.com\/en\/wp-json\/wp\/v2\/product_cat?post=127680"},{"taxonomy":"product_tag","embeddable":true,"href":"https:\/\/www.argensend.com\/en\/wp-json\/wp\/v2\/product_tag?post=127680"}],"curies":[{"name":"wp","href":"https:\/\/api.w.org\/{rel}","templated":true}]}}