{"id":127801,"date":"2025-10-01T15:01:00","date_gmt":"2025-10-01T18:01:00","guid":{"rendered":"https:\/\/www.argensend.com\/producto\/la-maquina-de-hacer-pajaros-charly-el-rock-progresivo-y-la-dictadura-de-igarzabal-nicolas-2\/"},"modified":"2025-10-01T15:01:01","modified_gmt":"2025-10-01T18:01:01","slug":"la-maquina-de-hacer-pajaros-charly-el-rock-progresivo-y-la-dictadura-de-igarzabal-nicolas-2","status":"publish","type":"product","link":"https:\/\/www.argensend.com\/en\/product\/la-maquina-de-hacer-pajaros-charly-el-rock-progresivo-y-la-dictadura-de-igarzabal-nicolas-2\/","title":{"rendered":"La M\u00e1quina De Hacer P\u00e1jaros: Charly, El Rock Progresivo Y La Dictadura De Igarz\u00e1bal, Nicol\u00e1s"},"content":{"rendered":"","protected":false},"excerpt":{"rendered":"<p>Un an\u00e1lisis profundo de la banda La M\u00e1quina de Hacer P\u00e1jaros y c\u00f3mo Charly Garc\u00eda articul\u00f3 el rock progresivo como una forma de resistencia cultural durante la Dictadura Argentina.<\/p>","protected":false},"featured_media":124028,"comment_status":"closed","ping_status":"closed","template":"","meta":{"_acf_changed":false,"om_disable_all_campaigns":false,"_monsterinsights_skip_tracking":false,"_monsterinsights_sitenote_active":false,"_monsterinsights_sitenote_note":"","_monsterinsights_sitenote_category":0},"etheme_brands":[],"product_brand":[],"product_cat":[685],"product_tag":[],"class_list":{"0":"post-127801","1":"product","2":"type-product","3":"status-publish","4":"has-post-thumbnail","6":"product_cat-libros","8":"first","9":"instock","10":"sale","11":"taxable","12":"shipping-taxable","13":"purchasable","14":"product-type-simple"},"acf":[],"aioseo_notices":[],"_links":{"self":[{"href":"https:\/\/www.argensend.com\/en\/wp-json\/wp\/v2\/product\/127801","targetHints":{"allow":["GET"]}}],"collection":[{"href":"https:\/\/www.argensend.com\/en\/wp-json\/wp\/v2\/product"}],"about":[{"href":"https:\/\/www.argensend.com\/en\/wp-json\/wp\/v2\/types\/product"}],"replies":[{"embeddable":true,"href":"https:\/\/www.argensend.com\/en\/wp-json\/wp\/v2\/comments?post=127801"}],"version-history":[{"count":0,"href":"https:\/\/www.argensend.com\/en\/wp-json\/wp\/v2\/product\/127801\/revisions"}],"wp:featuredmedia":[{"embeddable":true,"href":"https:\/\/www.argensend.com\/en\/wp-json\/wp\/v2\/media\/124028"}],"wp:attachment":[{"href":"https:\/\/www.argensend.com\/en\/wp-json\/wp\/v2\/media?parent=127801"}],"wp:term":[{"taxonomy":"brand","embeddable":true,"href":"https:\/\/www.argensend.com\/en\/wp-json\/wp\/v2\/etheme_brands?post=127801"},{"taxonomy":"product_brand","embeddable":true,"href":"https:\/\/www.argensend.com\/en\/wp-json\/wp\/v2\/product_brand?post=127801"},{"taxonomy":"product_cat","embeddable":true,"href":"https:\/\/www.argensend.com\/en\/wp-json\/wp\/v2\/product_cat?post=127801"},{"taxonomy":"product_tag","embeddable":true,"href":"https:\/\/www.argensend.com\/en\/wp-json\/wp\/v2\/product_tag?post=127801"}],"curies":[{"name":"wp","href":"https:\/\/api.w.org\/{rel}","templated":true}]}}