{"id":127840,"date":"2025-10-01T15:01:39","date_gmt":"2025-10-01T18:01:39","guid":{"rendered":"https:\/\/www.argensend.com\/producto\/la-ultima-noche-de-ayrton-senna-de-terruzi-giorgio\/"},"modified":"2025-10-01T15:01:39","modified_gmt":"2025-10-01T18:01:39","slug":"la-ultima-noche-de-ayrton-senna-de-terruzi-giorgio","status":"publish","type":"product","link":"https:\/\/www.argensend.com\/en\/product\/la-ultima-noche-de-ayrton-senna-de-terruzi-giorgio\/","title":{"rendered":"La \u00daltima Noche De Ayrton Senna De Terruzi, Giorgio"},"content":{"rendered":"","protected":false},"excerpt":{"rendered":"<p>La reconstrucci\u00f3n period\u00edstica de las \u00faltimas horas de Ayrton Senna, un \u00edcono de la F\u00f3rmula 1, y el tr\u00e1gico fin de semana en Imola.<\/p>","protected":false},"featured_media":124165,"comment_status":"closed","ping_status":"closed","template":"","meta":{"_acf_changed":false,"om_disable_all_campaigns":false,"_monsterinsights_skip_tracking":false,"_monsterinsights_sitenote_active":false,"_monsterinsights_sitenote_note":"","_monsterinsights_sitenote_category":0},"etheme_brands":[],"product_brand":[],"product_cat":[685],"product_tag":[],"class_list":{"0":"post-127840","1":"product","2":"type-product","3":"status-publish","4":"has-post-thumbnail","6":"product_cat-libros","8":"first","9":"instock","10":"sale","11":"taxable","12":"shipping-taxable","13":"purchasable","14":"product-type-simple"},"acf":[],"aioseo_notices":[],"_links":{"self":[{"href":"https:\/\/www.argensend.com\/en\/wp-json\/wp\/v2\/product\/127840","targetHints":{"allow":["GET"]}}],"collection":[{"href":"https:\/\/www.argensend.com\/en\/wp-json\/wp\/v2\/product"}],"about":[{"href":"https:\/\/www.argensend.com\/en\/wp-json\/wp\/v2\/types\/product"}],"replies":[{"embeddable":true,"href":"https:\/\/www.argensend.com\/en\/wp-json\/wp\/v2\/comments?post=127840"}],"version-history":[{"count":0,"href":"https:\/\/www.argensend.com\/en\/wp-json\/wp\/v2\/product\/127840\/revisions"}],"wp:featuredmedia":[{"embeddable":true,"href":"https:\/\/www.argensend.com\/en\/wp-json\/wp\/v2\/media\/124165"}],"wp:attachment":[{"href":"https:\/\/www.argensend.com\/en\/wp-json\/wp\/v2\/media?parent=127840"}],"wp:term":[{"taxonomy":"brand","embeddable":true,"href":"https:\/\/www.argensend.com\/en\/wp-json\/wp\/v2\/etheme_brands?post=127840"},{"taxonomy":"product_brand","embeddable":true,"href":"https:\/\/www.argensend.com\/en\/wp-json\/wp\/v2\/product_brand?post=127840"},{"taxonomy":"product_cat","embeddable":true,"href":"https:\/\/www.argensend.com\/en\/wp-json\/wp\/v2\/product_cat?post=127840"},{"taxonomy":"product_tag","embeddable":true,"href":"https:\/\/www.argensend.com\/en\/wp-json\/wp\/v2\/product_tag?post=127840"}],"curies":[{"name":"wp","href":"https:\/\/api.w.org\/{rel}","templated":true}]}}