{"id":12788,"date":"2020-11-12T16:07:48","date_gmt":"2020-11-12T19:07:48","guid":{"rendered":"https:\/\/www.argensend.com\/?post_type=product&#038;p=12788"},"modified":"2025-04-21T20:58:07","modified_gmt":"2025-04-21T23:58:07","slug":"galletitas-vainilla-sabor-chocolate-formis-paq-108-gr-x3-unidades","status":"publish","type":"product","link":"https:\/\/www.argensend.com\/en\/product\/galletitas-vainilla-sabor-chocolate-formis-paq-108-gr-x3-unidades\/","title":{"rendered":"Formis &#8211; Galletitas de Vainilla Sabor Chocolate 108gr &#8211; X3 Unidades"},"content":{"rendered":"<p>\u00a1Descubre la deliciosa Galletita Formis Vainilla\/Chocolate! Esta irresistible galletita combina el sabor cl\u00e1sico de la vainilla con el intenso sabor del chocolate, creando una experiencia de sabor \u00fanica en cada bocado. Con un peso de 72 g, es perfecta para disfrutar en cualquier momento del d\u00eda. \u00a1No esperes m\u00e1s y a\u00f1ade la Galletita Formis Vainilla\/Chocolate a tu carrito de compras! Disfruta de su sabor \u00fanico y sorprende a tus seres queridos con esta delicia irresistible.<\/p>","protected":false},"excerpt":{"rendered":"<p>\u00a1Descubre la deliciosa Galletita Formis Vainilla\/Chocolate! Esta irresistible galletita combina el sabor cl\u00e1sico de la vainilla con el intenso sabor del chocolate, creando una experiencia&#8230;<\/p>","protected":false},"featured_media":12789,"comment_status":"closed","ping_status":"closed","template":"","meta":{"_acf_changed":false,"om_disable_all_campaigns":false,"_monsterinsights_skip_tracking":false,"_monsterinsights_sitenote_active":false,"_monsterinsights_sitenote_note":"","_monsterinsights_sitenote_category":0},"etheme_brands":[],"product_brand":[],"product_cat":[3004,137],"product_tag":[68,2033,2034],"class_list":{"0":"post-12788","1":"product","2":"type-product","3":"status-publish","4":"has-post-thumbnail","6":"product_cat-galletitas-dulces","7":"product_cat-galletitas-bizcochitos","8":"product_tag-de","9":"product_tag-galleta","10":"product_tag-galletas","12":"first","13":"instock","14":"taxable","15":"shipping-taxable","16":"purchasable","17":"product-type-simple"},"acf":[],"aioseo_notices":[],"_links":{"self":[{"href":"https:\/\/www.argensend.com\/en\/wp-json\/wp\/v2\/product\/12788","targetHints":{"allow":["GET"]}}],"collection":[{"href":"https:\/\/www.argensend.com\/en\/wp-json\/wp\/v2\/product"}],"about":[{"href":"https:\/\/www.argensend.com\/en\/wp-json\/wp\/v2\/types\/product"}],"replies":[{"embeddable":true,"href":"https:\/\/www.argensend.com\/en\/wp-json\/wp\/v2\/comments?post=12788"}],"version-history":[{"count":5,"href":"https:\/\/www.argensend.com\/en\/wp-json\/wp\/v2\/product\/12788\/revisions"}],"predecessor-version":[{"id":117705,"href":"https:\/\/www.argensend.com\/en\/wp-json\/wp\/v2\/product\/12788\/revisions\/117705"}],"wp:featuredmedia":[{"embeddable":true,"href":"https:\/\/www.argensend.com\/en\/wp-json\/wp\/v2\/media\/12789"}],"wp:attachment":[{"href":"https:\/\/www.argensend.com\/en\/wp-json\/wp\/v2\/media?parent=12788"}],"wp:term":[{"taxonomy":"brand","embeddable":true,"href":"https:\/\/www.argensend.com\/en\/wp-json\/wp\/v2\/etheme_brands?post=12788"},{"taxonomy":"product_brand","embeddable":true,"href":"https:\/\/www.argensend.com\/en\/wp-json\/wp\/v2\/product_brand?post=12788"},{"taxonomy":"product_cat","embeddable":true,"href":"https:\/\/www.argensend.com\/en\/wp-json\/wp\/v2\/product_cat?post=12788"},{"taxonomy":"product_tag","embeddable":true,"href":"https:\/\/www.argensend.com\/en\/wp-json\/wp\/v2\/product_tag?post=12788"}],"curies":[{"name":"wp","href":"https:\/\/api.w.org\/{rel}","templated":true}]}}