{"id":127955,"date":"2025-10-01T15:02:58","date_gmt":"2025-10-01T18:02:58","guid":{"rendered":"https:\/\/www.argensend.com\/producto\/los-tres-la-ultima-cancion-rock-roll-y-jazz-guachaca-1987-2000-de-symns-enrique\/"},"modified":"2025-10-01T15:02:59","modified_gmt":"2025-10-01T18:02:59","slug":"los-tres-la-ultima-cancion-rock-roll-y-jazz-guachaca-1987-2000-de-symns-enrique","status":"publish","type":"product","link":"https:\/\/www.argensend.com\/en\/product\/los-tres-la-ultima-cancion-rock-roll-y-jazz-guachaca-1987-2000-de-symns-enrique\/","title":{"rendered":"Los Tres, La \u00daltima Canci\u00f3n: Rock &#038; Roll Y Jazz Guachaca (1987-2000) De Symns, Enrique"},"content":{"rendered":"","protected":false},"excerpt":{"rendered":"<p>Una cr\u00f3nica de la banda chilena Los Tres, que fusion\u00f3 el rock con el jazz guachaca, cubriendo su per\u00edodo clave de 1987 a 2000.<\/p>","protected":false},"featured_media":124550,"comment_status":"closed","ping_status":"closed","template":"","meta":{"_acf_changed":false,"om_disable_all_campaigns":false,"_monsterinsights_skip_tracking":false,"_monsterinsights_sitenote_active":false,"_monsterinsights_sitenote_note":"","_monsterinsights_sitenote_category":0},"etheme_brands":[],"product_brand":[],"product_cat":[685],"product_tag":[],"class_list":{"0":"post-127955","1":"product","2":"type-product","3":"status-publish","4":"has-post-thumbnail","6":"product_cat-libros","8":"first","9":"instock","10":"sale","11":"taxable","12":"shipping-taxable","13":"purchasable","14":"product-type-simple"},"acf":[],"aioseo_notices":[],"_links":{"self":[{"href":"https:\/\/www.argensend.com\/en\/wp-json\/wp\/v2\/product\/127955","targetHints":{"allow":["GET"]}}],"collection":[{"href":"https:\/\/www.argensend.com\/en\/wp-json\/wp\/v2\/product"}],"about":[{"href":"https:\/\/www.argensend.com\/en\/wp-json\/wp\/v2\/types\/product"}],"replies":[{"embeddable":true,"href":"https:\/\/www.argensend.com\/en\/wp-json\/wp\/v2\/comments?post=127955"}],"version-history":[{"count":0,"href":"https:\/\/www.argensend.com\/en\/wp-json\/wp\/v2\/product\/127955\/revisions"}],"wp:featuredmedia":[{"embeddable":true,"href":"https:\/\/www.argensend.com\/en\/wp-json\/wp\/v2\/media\/124550"}],"wp:attachment":[{"href":"https:\/\/www.argensend.com\/en\/wp-json\/wp\/v2\/media?parent=127955"}],"wp:term":[{"taxonomy":"brand","embeddable":true,"href":"https:\/\/www.argensend.com\/en\/wp-json\/wp\/v2\/etheme_brands?post=127955"},{"taxonomy":"product_brand","embeddable":true,"href":"https:\/\/www.argensend.com\/en\/wp-json\/wp\/v2\/product_brand?post=127955"},{"taxonomy":"product_cat","embeddable":true,"href":"https:\/\/www.argensend.com\/en\/wp-json\/wp\/v2\/product_cat?post=127955"},{"taxonomy":"product_tag","embeddable":true,"href":"https:\/\/www.argensend.com\/en\/wp-json\/wp\/v2\/product_tag?post=127955"}],"curies":[{"name":"wp","href":"https:\/\/api.w.org\/{rel}","templated":true}]}}