{"id":128071,"date":"2025-10-01T15:03:54","date_gmt":"2025-10-01T18:03:54","guid":{"rendered":"https:\/\/www.argensend.com\/producto\/mis-cuarenta-a-os-con-torcuato-di-tellavida-e-ideas-de-un-pensador-irre-de-di-tella-tamara\/"},"modified":"2025-10-01T15:03:54","modified_gmt":"2025-10-01T18:03:54","slug":"mis-cuarenta-a-os-con-torcuato-di-tellavida-e-ideas-de-un-pensador-irre-de-di-tella-tamara","status":"publish","type":"product","link":"https:\/\/www.argensend.com\/en\/product\/mis-cuarenta-a-os-con-torcuato-di-tellavida-e-ideas-de-un-pensador-irre-de-di-tella-tamara\/","title":{"rendered":"Mis Cuarenta A\/Os Con Torcuato Di Tellavida E Ideas De Un Pensador Irre De Di Tella, Tamara"},"content":{"rendered":"","protected":false},"excerpt":{"rendered":"<p>Una biograf\u00eda de Torcuato Di Tella, explorando su vida, sus ideas y su impacto en la sociolog\u00eda y la pol\u00edtica argentina.<\/p>","protected":false},"featured_media":124655,"comment_status":"closed","ping_status":"closed","template":"","meta":{"_acf_changed":false,"om_disable_all_campaigns":false,"_monsterinsights_skip_tracking":false,"_monsterinsights_sitenote_active":false,"_monsterinsights_sitenote_note":"","_monsterinsights_sitenote_category":0},"etheme_brands":[],"product_brand":[],"product_cat":[685],"product_tag":[],"class_list":{"0":"post-128071","1":"product","2":"type-product","3":"status-publish","4":"has-post-thumbnail","6":"product_cat-libros","8":"first","9":"instock","10":"sale","11":"taxable","12":"shipping-taxable","13":"purchasable","14":"product-type-simple"},"acf":[],"aioseo_notices":[],"_links":{"self":[{"href":"https:\/\/www.argensend.com\/en\/wp-json\/wp\/v2\/product\/128071","targetHints":{"allow":["GET"]}}],"collection":[{"href":"https:\/\/www.argensend.com\/en\/wp-json\/wp\/v2\/product"}],"about":[{"href":"https:\/\/www.argensend.com\/en\/wp-json\/wp\/v2\/types\/product"}],"replies":[{"embeddable":true,"href":"https:\/\/www.argensend.com\/en\/wp-json\/wp\/v2\/comments?post=128071"}],"version-history":[{"count":0,"href":"https:\/\/www.argensend.com\/en\/wp-json\/wp\/v2\/product\/128071\/revisions"}],"wp:featuredmedia":[{"embeddable":true,"href":"https:\/\/www.argensend.com\/en\/wp-json\/wp\/v2\/media\/124655"}],"wp:attachment":[{"href":"https:\/\/www.argensend.com\/en\/wp-json\/wp\/v2\/media?parent=128071"}],"wp:term":[{"taxonomy":"brand","embeddable":true,"href":"https:\/\/www.argensend.com\/en\/wp-json\/wp\/v2\/etheme_brands?post=128071"},{"taxonomy":"product_brand","embeddable":true,"href":"https:\/\/www.argensend.com\/en\/wp-json\/wp\/v2\/product_brand?post=128071"},{"taxonomy":"product_cat","embeddable":true,"href":"https:\/\/www.argensend.com\/en\/wp-json\/wp\/v2\/product_cat?post=128071"},{"taxonomy":"product_tag","embeddable":true,"href":"https:\/\/www.argensend.com\/en\/wp-json\/wp\/v2\/product_tag?post=128071"}],"curies":[{"name":"wp","href":"https:\/\/api.w.org\/{rel}","templated":true}]}}