{"id":128169,"date":"2025-10-01T15:04:51","date_gmt":"2025-10-01T18:04:51","guid":{"rendered":"https:\/\/www.argensend.com\/producto\/pensamiento-critico-y-revolucionantologia-necesaria-de-martinez-heredia-fernando\/"},"modified":"2025-10-01T15:04:52","modified_gmt":"2025-10-01T18:04:52","slug":"pensamiento-critico-y-revolucionantologia-necesaria-de-martinez-heredia-fernando","status":"publish","type":"product","link":"https:\/\/www.argensend.com\/en\/product\/pensamiento-critico-y-revolucionantologia-necesaria-de-martinez-heredia-fernando\/","title":{"rendered":"Pensamiento Critico Y Revolucionantologia Necesaria De Mart\u00ednez Heredia, Fernando"},"content":{"rendered":"","protected":false},"excerpt":{"rendered":"<p>Una antolog\u00eda de textos de Fernando Mart\u00ednez Heredia sobre el pensamiento cr\u00edtico y la revoluci\u00f3n en Cuba y Latinoam\u00e9rica.<\/p>","protected":false},"featured_media":124855,"comment_status":"closed","ping_status":"closed","template":"","meta":{"_acf_changed":false,"om_disable_all_campaigns":false,"_monsterinsights_skip_tracking":false,"_monsterinsights_sitenote_active":false,"_monsterinsights_sitenote_note":"","_monsterinsights_sitenote_category":0},"etheme_brands":[],"product_brand":[],"product_cat":[685],"product_tag":[],"class_list":{"0":"post-128169","1":"product","2":"type-product","3":"status-publish","4":"has-post-thumbnail","6":"product_cat-libros","8":"first","9":"instock","10":"sale","11":"taxable","12":"shipping-taxable","13":"purchasable","14":"product-type-simple"},"acf":[],"aioseo_notices":[],"_links":{"self":[{"href":"https:\/\/www.argensend.com\/en\/wp-json\/wp\/v2\/product\/128169","targetHints":{"allow":["GET"]}}],"collection":[{"href":"https:\/\/www.argensend.com\/en\/wp-json\/wp\/v2\/product"}],"about":[{"href":"https:\/\/www.argensend.com\/en\/wp-json\/wp\/v2\/types\/product"}],"replies":[{"embeddable":true,"href":"https:\/\/www.argensend.com\/en\/wp-json\/wp\/v2\/comments?post=128169"}],"version-history":[{"count":0,"href":"https:\/\/www.argensend.com\/en\/wp-json\/wp\/v2\/product\/128169\/revisions"}],"wp:featuredmedia":[{"embeddable":true,"href":"https:\/\/www.argensend.com\/en\/wp-json\/wp\/v2\/media\/124855"}],"wp:attachment":[{"href":"https:\/\/www.argensend.com\/en\/wp-json\/wp\/v2\/media?parent=128169"}],"wp:term":[{"taxonomy":"brand","embeddable":true,"href":"https:\/\/www.argensend.com\/en\/wp-json\/wp\/v2\/etheme_brands?post=128169"},{"taxonomy":"product_brand","embeddable":true,"href":"https:\/\/www.argensend.com\/en\/wp-json\/wp\/v2\/product_brand?post=128169"},{"taxonomy":"product_cat","embeddable":true,"href":"https:\/\/www.argensend.com\/en\/wp-json\/wp\/v2\/product_cat?post=128169"},{"taxonomy":"product_tag","embeddable":true,"href":"https:\/\/www.argensend.com\/en\/wp-json\/wp\/v2\/product_tag?post=128169"}],"curies":[{"name":"wp","href":"https:\/\/api.w.org\/{rel}","templated":true}]}}