{"id":128248,"date":"2025-10-01T15:05:58","date_gmt":"2025-10-01T18:05:58","guid":{"rendered":"https:\/\/www.argensend.com\/producto\/relacion-de-un-viaje-al-rio-de-la-plata-y-de-alli-por-tierra-al-peru\/"},"modified":"2025-10-01T15:05:58","modified_gmt":"2025-10-01T18:05:58","slug":"relacion-de-un-viaje-al-rio-de-la-plata-y-de-alli-por-tierra-al-peru","status":"publish","type":"product","link":"https:\/\/www.argensend.com\/en\/product\/relacion-de-un-viaje-al-rio-de-la-plata-y-de-alli-por-tierra-al-peru\/","title":{"rendered":"Relaci\u00f3n De Un Viaje Al R\u00edo De La Plata Y De All\u00ed Por Tierra Al Peru"},"content":{"rendered":"","protected":false},"excerpt":{"rendered":"<p>La cr\u00f3nica de un viaje hist\u00f3rico por el R\u00edo de la Plata en el per\u00edodo colonial, continuando por tierra hasta el Per\u00fa.<\/p>","protected":false},"featured_media":124162,"comment_status":"closed","ping_status":"closed","template":"","meta":{"_acf_changed":false,"om_disable_all_campaigns":false,"_monsterinsights_skip_tracking":false,"_monsterinsights_sitenote_active":false,"_monsterinsights_sitenote_note":"","_monsterinsights_sitenote_category":0},"etheme_brands":[],"product_brand":[],"product_cat":[685],"product_tag":[],"class_list":{"0":"post-128248","1":"product","2":"type-product","3":"status-publish","4":"has-post-thumbnail","6":"product_cat-libros","8":"first","9":"instock","10":"sale","11":"taxable","12":"shipping-taxable","13":"purchasable","14":"product-type-simple"},"acf":[],"aioseo_notices":[],"_links":{"self":[{"href":"https:\/\/www.argensend.com\/en\/wp-json\/wp\/v2\/product\/128248","targetHints":{"allow":["GET"]}}],"collection":[{"href":"https:\/\/www.argensend.com\/en\/wp-json\/wp\/v2\/product"}],"about":[{"href":"https:\/\/www.argensend.com\/en\/wp-json\/wp\/v2\/types\/product"}],"replies":[{"embeddable":true,"href":"https:\/\/www.argensend.com\/en\/wp-json\/wp\/v2\/comments?post=128248"}],"version-history":[{"count":0,"href":"https:\/\/www.argensend.com\/en\/wp-json\/wp\/v2\/product\/128248\/revisions"}],"wp:featuredmedia":[{"embeddable":true,"href":"https:\/\/www.argensend.com\/en\/wp-json\/wp\/v2\/media\/124162"}],"wp:attachment":[{"href":"https:\/\/www.argensend.com\/en\/wp-json\/wp\/v2\/media?parent=128248"}],"wp:term":[{"taxonomy":"brand","embeddable":true,"href":"https:\/\/www.argensend.com\/en\/wp-json\/wp\/v2\/etheme_brands?post=128248"},{"taxonomy":"product_brand","embeddable":true,"href":"https:\/\/www.argensend.com\/en\/wp-json\/wp\/v2\/product_brand?post=128248"},{"taxonomy":"product_cat","embeddable":true,"href":"https:\/\/www.argensend.com\/en\/wp-json\/wp\/v2\/product_cat?post=128248"},{"taxonomy":"product_tag","embeddable":true,"href":"https:\/\/www.argensend.com\/en\/wp-json\/wp\/v2\/product_tag?post=128248"}],"curies":[{"name":"wp","href":"https:\/\/api.w.org\/{rel}","templated":true}]}}