{"id":128423,"date":"2025-10-01T15:08:05","date_gmt":"2025-10-01T18:08:05","guid":{"rendered":"https:\/\/www.argensend.com\/producto\/una-historia-argentina-en-tiempo-real-de-fernandez-diaz-jorge\/"},"modified":"2025-10-01T15:08:06","modified_gmt":"2025-10-01T18:08:06","slug":"una-historia-argentina-en-tiempo-real-de-fernandez-diaz-jorge","status":"publish","type":"product","link":"https:\/\/www.argensend.com\/en\/product\/una-historia-argentina-en-tiempo-real-de-fernandez-diaz-jorge\/","title":{"rendered":"Una Historia Argentina En Tiempo Real De Fern\u00e1ndez D\u00edaz, Jorge"},"content":{"rendered":"","protected":false},"excerpt":{"rendered":"<p>Cr\u00f3nicas y ensayos de Jorge Fern\u00e1ndez D\u00edaz sobre la actualidad pol\u00edtica, social y cultural de Argentina.<\/p>","protected":false},"featured_media":125027,"comment_status":"closed","ping_status":"closed","template":"","meta":{"_acf_changed":false,"om_disable_all_campaigns":false,"_monsterinsights_skip_tracking":false,"_monsterinsights_sitenote_active":false,"_monsterinsights_sitenote_note":"","_monsterinsights_sitenote_category":0},"etheme_brands":[],"product_brand":[],"product_cat":[685],"product_tag":[],"class_list":{"0":"post-128423","1":"product","2":"type-product","3":"status-publish","4":"has-post-thumbnail","6":"product_cat-libros","8":"first","9":"instock","10":"sale","11":"taxable","12":"shipping-taxable","13":"purchasable","14":"product-type-simple"},"acf":[],"aioseo_notices":[],"_links":{"self":[{"href":"https:\/\/www.argensend.com\/en\/wp-json\/wp\/v2\/product\/128423","targetHints":{"allow":["GET"]}}],"collection":[{"href":"https:\/\/www.argensend.com\/en\/wp-json\/wp\/v2\/product"}],"about":[{"href":"https:\/\/www.argensend.com\/en\/wp-json\/wp\/v2\/types\/product"}],"replies":[{"embeddable":true,"href":"https:\/\/www.argensend.com\/en\/wp-json\/wp\/v2\/comments?post=128423"}],"version-history":[{"count":0,"href":"https:\/\/www.argensend.com\/en\/wp-json\/wp\/v2\/product\/128423\/revisions"}],"wp:featuredmedia":[{"embeddable":true,"href":"https:\/\/www.argensend.com\/en\/wp-json\/wp\/v2\/media\/125027"}],"wp:attachment":[{"href":"https:\/\/www.argensend.com\/en\/wp-json\/wp\/v2\/media?parent=128423"}],"wp:term":[{"taxonomy":"brand","embeddable":true,"href":"https:\/\/www.argensend.com\/en\/wp-json\/wp\/v2\/etheme_brands?post=128423"},{"taxonomy":"product_brand","embeddable":true,"href":"https:\/\/www.argensend.com\/en\/wp-json\/wp\/v2\/product_brand?post=128423"},{"taxonomy":"product_cat","embeddable":true,"href":"https:\/\/www.argensend.com\/en\/wp-json\/wp\/v2\/product_cat?post=128423"},{"taxonomy":"product_tag","embeddable":true,"href":"https:\/\/www.argensend.com\/en\/wp-json\/wp\/v2\/product_tag?post=128423"}],"curies":[{"name":"wp","href":"https:\/\/api.w.org\/{rel}","templated":true}]}}