{"id":128426,"date":"2025-10-01T15:08:16","date_gmt":"2025-10-01T18:08:16","guid":{"rendered":"https:\/\/www.argensend.com\/producto\/una-historia-economica-inconformistade-los-estados-unidos-1865-1980-de-nigra-fabio\/"},"modified":"2025-10-01T15:08:17","modified_gmt":"2025-10-01T18:08:17","slug":"una-historia-economica-inconformistade-los-estados-unidos-1865-1980-de-nigra-fabio","status":"publish","type":"product","link":"https:\/\/www.argensend.com\/en\/product\/una-historia-economica-inconformistade-los-estados-unidos-1865-1980-de-nigra-fabio\/","title":{"rendered":"Una Historia Econ\u00f3mica (Inconformista)de Los Estados Unidos 1865 \u2013 1980 De Nigra, Fabio"},"content":{"rendered":"","protected":false},"excerpt":{"rendered":"<p>Una visi\u00f3n cr\u00edtica y alternativa de la historia econ\u00f3mica de Estados Unidos entre 1865 y 1980.<\/p>","protected":false},"featured_media":123877,"comment_status":"closed","ping_status":"closed","template":"","meta":{"_acf_changed":false,"om_disable_all_campaigns":false,"_monsterinsights_skip_tracking":false,"_monsterinsights_sitenote_active":false,"_monsterinsights_sitenote_note":"","_monsterinsights_sitenote_category":0},"etheme_brands":[],"product_brand":[],"product_cat":[685],"product_tag":[],"class_list":{"0":"post-128426","1":"product","2":"type-product","3":"status-publish","4":"has-post-thumbnail","6":"product_cat-libros","8":"first","9":"instock","10":"sale","11":"taxable","12":"shipping-taxable","13":"purchasable","14":"product-type-simple"},"acf":[],"aioseo_notices":[],"_links":{"self":[{"href":"https:\/\/www.argensend.com\/en\/wp-json\/wp\/v2\/product\/128426","targetHints":{"allow":["GET"]}}],"collection":[{"href":"https:\/\/www.argensend.com\/en\/wp-json\/wp\/v2\/product"}],"about":[{"href":"https:\/\/www.argensend.com\/en\/wp-json\/wp\/v2\/types\/product"}],"replies":[{"embeddable":true,"href":"https:\/\/www.argensend.com\/en\/wp-json\/wp\/v2\/comments?post=128426"}],"version-history":[{"count":0,"href":"https:\/\/www.argensend.com\/en\/wp-json\/wp\/v2\/product\/128426\/revisions"}],"wp:featuredmedia":[{"embeddable":true,"href":"https:\/\/www.argensend.com\/en\/wp-json\/wp\/v2\/media\/123877"}],"wp:attachment":[{"href":"https:\/\/www.argensend.com\/en\/wp-json\/wp\/v2\/media?parent=128426"}],"wp:term":[{"taxonomy":"brand","embeddable":true,"href":"https:\/\/www.argensend.com\/en\/wp-json\/wp\/v2\/etheme_brands?post=128426"},{"taxonomy":"product_brand","embeddable":true,"href":"https:\/\/www.argensend.com\/en\/wp-json\/wp\/v2\/product_brand?post=128426"},{"taxonomy":"product_cat","embeddable":true,"href":"https:\/\/www.argensend.com\/en\/wp-json\/wp\/v2\/product_cat?post=128426"},{"taxonomy":"product_tag","embeddable":true,"href":"https:\/\/www.argensend.com\/en\/wp-json\/wp\/v2\/product_tag?post=128426"}],"curies":[{"name":"wp","href":"https:\/\/api.w.org\/{rel}","templated":true}]}}