{"id":128484,"date":"2025-10-01T15:08:55","date_gmt":"2025-10-01T18:08:55","guid":{"rendered":"https:\/\/www.argensend.com\/producto\/vocabulario-espanol-actualizado-de-iustecnologia-de-la-informacion-del-peso-navarro-emilio-del\/"},"modified":"2025-10-01T15:08:55","modified_gmt":"2025-10-01T18:08:55","slug":"vocabulario-espanol-actualizado-de-iustecnologia-de-la-informacion-del-peso-navarro-emilio-del","status":"publish","type":"product","link":"https:\/\/www.argensend.com\/en\/product\/vocabulario-espanol-actualizado-de-iustecnologia-de-la-informacion-del-peso-navarro-emilio-del\/","title":{"rendered":"Vocabulario Espa\u00f1ol Actualizado De Iustecnologia De La Informacion Del Peso Navarro, Emilio; Del"},"content":{"rendered":"","protected":false},"excerpt":{"rendered":"<p>Un vocabulario que recopila y define los t\u00e9rminos m\u00e1s recientes relacionados con la tecnolog\u00eda de la informaci\u00f3n.<\/p>","protected":false},"featured_media":124916,"comment_status":"closed","ping_status":"closed","template":"","meta":{"_acf_changed":false,"om_disable_all_campaigns":false,"_monsterinsights_skip_tracking":false,"_monsterinsights_sitenote_active":false,"_monsterinsights_sitenote_note":"","_monsterinsights_sitenote_category":0,"jetpack_post_was_ever_published":false},"etheme_brands":[],"product_brand":[],"product_cat":[685],"product_tag":[],"class_list":{"0":"post-128484","1":"product","2":"type-product","3":"status-publish","4":"has-post-thumbnail","6":"product_cat-libros","8":"first","9":"instock","10":"sale","11":"taxable","12":"shipping-taxable","13":"purchasable","14":"product-type-simple"},"acf":[],"aioseo_notices":[],"jetpack_sharing_enabled":true,"_links":{"self":[{"href":"https:\/\/www.argensend.com\/en\/wp-json\/wp\/v2\/product\/128484","targetHints":{"allow":["GET"]}}],"collection":[{"href":"https:\/\/www.argensend.com\/en\/wp-json\/wp\/v2\/product"}],"about":[{"href":"https:\/\/www.argensend.com\/en\/wp-json\/wp\/v2\/types\/product"}],"replies":[{"embeddable":true,"href":"https:\/\/www.argensend.com\/en\/wp-json\/wp\/v2\/comments?post=128484"}],"version-history":[{"count":0,"href":"https:\/\/www.argensend.com\/en\/wp-json\/wp\/v2\/product\/128484\/revisions"}],"wp:featuredmedia":[{"embeddable":true,"href":"https:\/\/www.argensend.com\/en\/wp-json\/wp\/v2\/media\/124916"}],"wp:attachment":[{"href":"https:\/\/www.argensend.com\/en\/wp-json\/wp\/v2\/media?parent=128484"}],"wp:term":[{"taxonomy":"brand","embeddable":true,"href":"https:\/\/www.argensend.com\/en\/wp-json\/wp\/v2\/etheme_brands?post=128484"},{"taxonomy":"product_brand","embeddable":true,"href":"https:\/\/www.argensend.com\/en\/wp-json\/wp\/v2\/product_brand?post=128484"},{"taxonomy":"product_cat","embeddable":true,"href":"https:\/\/www.argensend.com\/en\/wp-json\/wp\/v2\/product_cat?post=128484"},{"taxonomy":"product_tag","embeddable":true,"href":"https:\/\/www.argensend.com\/en\/wp-json\/wp\/v2\/product_tag?post=128484"}],"curies":[{"name":"wp","href":"https:\/\/api.w.org\/{rel}","templated":true}]}}