{"id":128531,"date":"2025-10-06T18:51:07","date_gmt":"2025-10-06T21:51:07","guid":{"rendered":"https:\/\/www.argensend.com\/?post_type=product&#038;p=128531"},"modified":"2025-10-06T18:51:28","modified_gmt":"2025-10-06T21:51:28","slug":"playadito-mate-cocido-25-saquitos","status":"publish","type":"product","link":"https:\/\/www.argensend.com\/en\/product\/playadito-mate-cocido-25-saquitos\/","title":{"rendered":"Playadito &#8211; Mate Cocido &#8211; 25 Saqu\u00edtos"},"content":{"rendered":"<p>Mate Cocido Playadito, en su presentaci\u00f3n de 25 saquitos. Este producto, de la reconocida marca Playadito, es ideal para aquellos que disfrutan de un sabor cl\u00e1sico y aut\u00e9ntico. Adem\u00e1s, es libre de gluten, lo que lo convierte en una opci\u00f3n perfecta para personas con dietas especiales o intolerancias. Aunque no es org\u00e1nico, mantiene la calidad y el sabor que caracterizan a la marca. Cada saquito tiene un peso neto de 3 gramos, la cantidad justa para preparar una infusi\u00f3n con el sabor y la intensidad ideales. El producto viene en una caja, lo que facilita su almacenamiento y conservaci\u00f3n. Adem\u00e1s, se vende en packs individuales, lo que permite probar el producto sin tener que comprar grandes cantidades. A pesar de que no tiene un bajo contenido de polvo, esto no afecta la calidad del producto. Los saquitos no contienen palo, lo que facilita su preparaci\u00f3n y consumo<\/p>","protected":false},"excerpt":{"rendered":"<p>Playadito Mate Cocido<\/p>","protected":false},"featured_media":10231,"comment_status":"open","ping_status":"closed","template":"","meta":{"_acf_changed":false,"om_disable_all_campaigns":false,"_monsterinsights_skip_tracking":false,"_monsterinsights_sitenote_active":false,"_monsterinsights_sitenote_note":"","_monsterinsights_sitenote_category":0},"etheme_brands":[],"product_brand":[10914],"product_cat":[2125,89],"product_tag":[203,234,2913,2153,165,2152],"class_list":{"0":"post-128531","1":"product","2":"type-product","3":"status-publish","4":"has-post-thumbnail","6":"product_brand-cooperativa-liebig","7":"product_cat-te-mate-cocido","8":"product_cat-yerba-e-infusiones","9":"product_tag-argentina","10":"product_tag-argentine","11":"product_tag-cocido","12":"product_tag-infusiones","13":"product_tag-mate","14":"product_tag-yerbas","16":"first","17":"instock","18":"taxable","19":"shipping-taxable","20":"purchasable","21":"product-type-simple"},"acf":[],"aioseo_notices":[],"_links":{"self":[{"href":"https:\/\/www.argensend.com\/en\/wp-json\/wp\/v2\/product\/128531","targetHints":{"allow":["GET"]}}],"collection":[{"href":"https:\/\/www.argensend.com\/en\/wp-json\/wp\/v2\/product"}],"about":[{"href":"https:\/\/www.argensend.com\/en\/wp-json\/wp\/v2\/types\/product"}],"replies":[{"embeddable":true,"href":"https:\/\/www.argensend.com\/en\/wp-json\/wp\/v2\/comments?post=128531"}],"version-history":[{"count":1,"href":"https:\/\/www.argensend.com\/en\/wp-json\/wp\/v2\/product\/128531\/revisions"}],"predecessor-version":[{"id":128554,"href":"https:\/\/www.argensend.com\/en\/wp-json\/wp\/v2\/product\/128531\/revisions\/128554"}],"wp:featuredmedia":[{"embeddable":true,"href":"https:\/\/www.argensend.com\/en\/wp-json\/wp\/v2\/media\/10231"}],"wp:attachment":[{"href":"https:\/\/www.argensend.com\/en\/wp-json\/wp\/v2\/media?parent=128531"}],"wp:term":[{"taxonomy":"brand","embeddable":true,"href":"https:\/\/www.argensend.com\/en\/wp-json\/wp\/v2\/etheme_brands?post=128531"},{"taxonomy":"product_brand","embeddable":true,"href":"https:\/\/www.argensend.com\/en\/wp-json\/wp\/v2\/product_brand?post=128531"},{"taxonomy":"product_cat","embeddable":true,"href":"https:\/\/www.argensend.com\/en\/wp-json\/wp\/v2\/product_cat?post=128531"},{"taxonomy":"product_tag","embeddable":true,"href":"https:\/\/www.argensend.com\/en\/wp-json\/wp\/v2\/product_tag?post=128531"}],"curies":[{"name":"wp","href":"https:\/\/api.w.org\/{rel}","templated":true}]}}