{"id":128589,"date":"2025-10-08T08:41:21","date_gmt":"2025-10-08T11:41:21","guid":{"rendered":"https:\/\/www.argensend.com\/?post_type=product&#038;p=128589"},"modified":"2025-10-12T13:49:26","modified_gmt":"2025-10-12T16:49:26","slug":"ludovica-squirru-dari-caballo-de-fuego-horoscopo-chino-2026-agenda-2026","status":"publish","type":"product","link":"https:\/\/www.argensend.com\/en\/product\/ludovica-squirru-dari-caballo-de-fuego-horoscopo-chino-2026-agenda-2026\/","title":{"rendered":"Ludovica Squirru Dari &#8211; Caballo de Fuego &#8211; Hor\u00f3scopo Chino 2026 + Agenda 2026"},"content":{"rendered":"<p>HOROSCOPO CHINO 2026<\/p>\n<p>En el a\u00f1o del Caballo de Fuego tendremos que cabalgar en un mundo con nuevos paradigmas, valores, guerras, enfermedades y cambios clim\u00e1ticos. Y aprender a domar a este signo que nos tomar\u00e1 examen. A partir del 17 de febrero de 2026, el a\u00f1o estar\u00e1 regido por el Caballo de Fuego, el animal m\u00e1s apasionado e indomable del zoo chino. Creativo, noble y en\u00e9rgico, pero tambi\u00e9n impredecible y temperamental, el caballo encendido por el fuego trae movimientos bruscos, desaf\u00edos y revoluciones para toda la humanidad. Con su inconfundible estilo, la astr\u00f3loga m\u00e1s consultada en habla hispana nos invita a descubrir la esencia de este signo, a entender sus lecciones y a encontrar en sus predicciones una gu\u00eda imprescindible para enfrentar lo que viene. El Hor\u00f3scopo chino 2026 no solo propone comprender la energ\u00eda del Caballo de Fuego, sino tambi\u00e9n reconocernos en ella: con sus luces, sus sombras y su potencia transformadora. Es un llamado a vivir con conciencia, a sanar v\u00ednculos, cuidar el planeta y comprometernos con la paz, la solidaridad y el amor. Bienvenidos a la pasi\u00f3n del arte de vivir. \u00bfEst\u00e1n preparados?<\/p>\n<p>AGENDA 2026<\/p>\n<p>La Agenda 2026 de Ludovica Squirru, para el A\u00f1o del Caballo de Fuego, es un hermoso objeto pensado para organizar todo el a\u00f1o y tambi\u00e9n para tomar decisiones m\u00e1s conscientes en el d\u00eda a d\u00eda. Contiene predicciones y consejos basados en el I-Ching para todos los d\u00edas. Se presenta con un dise\u00f1o elegante e ilustraciones originales de la artista pl\u00e1stica espa\u00f1ola Elsa Farrus. Es tapa dura, anillada, con semana a la vista, a todo color y en papel de alta calidad, para que dure intacta todo el a\u00f1o. Ofrece adem\u00e1s un amplio espacio para anotaciones, secciones para no olvidar los cumplea\u00f1os de los seres queridos, para registrar las vacunas de las mascotas y llevar listas de pel\u00edculas, series y libros pendientes.<\/p>","protected":false},"excerpt":{"rendered":"<p>Ludovica Squirru public\u00f3 su primer hor\u00f3scopo chino hace cuarenta a\u00f1os y muy pronto se convirti\u00f3 en un best seller. Desde su aparici\u00f3n literaria logr\u00f3 que la astrolog\u00eda china se popularizara en la Argentina y otros pa\u00edses de habla hispana y que gracias a sus predicciones miles de lectores se inspiraran en esta filosof\u00eda milenaria para conocerse m\u00e1s \u00edntimamente y tuvieran herramientas para tomar mejores decisiones en el amor, el trabajo, la salud, la familia y el mundo que los rodea.<\/p>","protected":false},"featured_media":128592,"comment_status":"closed","ping_status":"closed","template":"","meta":{"_acf_changed":false,"om_disable_all_campaigns":false,"_monsterinsights_skip_tracking":false,"_monsterinsights_sitenote_active":false,"_monsterinsights_sitenote_note":"","_monsterinsights_sitenote_category":0},"etheme_brands":[],"product_brand":[],"product_cat":[3868,685],"product_tag":[4193,4190,277,4189,4191],"class_list":{"0":"post-128589","1":"product","2":"type-product","3":"status-publish","4":"has-post-thumbnail","6":"product_cat-exclusivos","7":"product_cat-libros","8":"product_tag-agenda","9":"product_tag-astrologia","10":"product_tag-combo","11":"product_tag-horoscopo","12":"product_tag-ludovica","14":"first","15":"instock","16":"sale","17":"featured","18":"taxable","19":"shipping-taxable","20":"purchasable","21":"product-type-simple"},"acf":[],"aioseo_notices":[],"_links":{"self":[{"href":"https:\/\/www.argensend.com\/en\/wp-json\/wp\/v2\/product\/128589","targetHints":{"allow":["GET"]}}],"collection":[{"href":"https:\/\/www.argensend.com\/en\/wp-json\/wp\/v2\/product"}],"about":[{"href":"https:\/\/www.argensend.com\/en\/wp-json\/wp\/v2\/types\/product"}],"replies":[{"embeddable":true,"href":"https:\/\/www.argensend.com\/en\/wp-json\/wp\/v2\/comments?post=128589"}],"version-history":[{"count":2,"href":"https:\/\/www.argensend.com\/en\/wp-json\/wp\/v2\/product\/128589\/revisions"}],"predecessor-version":[{"id":128594,"href":"https:\/\/www.argensend.com\/en\/wp-json\/wp\/v2\/product\/128589\/revisions\/128594"}],"wp:featuredmedia":[{"embeddable":true,"href":"https:\/\/www.argensend.com\/en\/wp-json\/wp\/v2\/media\/128592"}],"wp:attachment":[{"href":"https:\/\/www.argensend.com\/en\/wp-json\/wp\/v2\/media?parent=128589"}],"wp:term":[{"taxonomy":"brand","embeddable":true,"href":"https:\/\/www.argensend.com\/en\/wp-json\/wp\/v2\/etheme_brands?post=128589"},{"taxonomy":"product_brand","embeddable":true,"href":"https:\/\/www.argensend.com\/en\/wp-json\/wp\/v2\/product_brand?post=128589"},{"taxonomy":"product_cat","embeddable":true,"href":"https:\/\/www.argensend.com\/en\/wp-json\/wp\/v2\/product_cat?post=128589"},{"taxonomy":"product_tag","embeddable":true,"href":"https:\/\/www.argensend.com\/en\/wp-json\/wp\/v2\/product_tag?post=128589"}],"curies":[{"name":"wp","href":"https:\/\/api.w.org\/{rel}","templated":true}]}}