{"id":128597,"date":"2025-10-08T09:26:48","date_gmt":"2025-10-08T12:26:48","guid":{"rendered":"https:\/\/www.argensend.com\/?post_type=product&#038;p=128597"},"modified":"2025-10-12T13:57:26","modified_gmt":"2025-10-12T16:57:26","slug":"ludovica-squirru-dari-caballo-de-fuego-agenda-2026","status":"publish","type":"product","link":"https:\/\/www.argensend.com\/en\/product\/ludovica-squirru-dari-caballo-de-fuego-agenda-2026\/","title":{"rendered":"Ludovica Squirru Dari &#8211; Caballo de Fuego &#8211; Agenda 2026"},"content":{"rendered":"<p>AGENDA 2026<\/p>\n<p>La Agenda 2026 de Ludovica Squirru, para el A\u00f1o del Caballo de Fuego, es un hermoso objeto pensado para organizar todo el a\u00f1o y tambi\u00e9n para tomar decisiones m\u00e1s conscientes en el d\u00eda a d\u00eda. Contiene predicciones y consejos basados en el I-Ching para todos los d\u00edas. Se presenta con un dise\u00f1o elegante e ilustraciones originales de la artista pl\u00e1stica espa\u00f1ola Elsa Farrus. Es tapa dura, anillada, con semana a la vista, a todo color y en papel de alta calidad, para que dure intacta todo el a\u00f1o. Ofrece adem\u00e1s un amplio espacio para anotaciones, secciones para no olvidar los cumplea\u00f1os de los seres queridos, para registrar las vacunas de las mascotas y llevar listas de pel\u00edculas, series y libros pendientes.<\/p>","protected":false},"excerpt":{"rendered":"<p>Ludovica Squirru public\u00f3 su primer hor\u00f3scopo chino hace cuarenta a\u00f1os y muy pronto se convirti\u00f3 en un best seller. Desde su aparici\u00f3n literaria logr\u00f3 que la astrolog\u00eda china se popularizara en la Argentina y otros pa\u00edses de habla hispana y que gracias a sus predicciones miles de lectores se inspiraran en esta filosof\u00eda milenaria para conocerse m\u00e1s \u00edntimamente y tuvieran herramientas para tomar mejores decisiones en el amor, el trabajo, la salud, la familia y el mundo que los rodea.<\/p>","protected":false},"featured_media":128590,"comment_status":"closed","ping_status":"closed","template":"","meta":{"_acf_changed":false,"om_disable_all_campaigns":false,"_monsterinsights_skip_tracking":false,"_monsterinsights_sitenote_active":false,"_monsterinsights_sitenote_note":"","_monsterinsights_sitenote_category":0},"etheme_brands":[],"product_brand":[],"product_cat":[3868,685],"product_tag":[10915,4193,4190,4189,4191],"class_list":{"0":"post-128597","1":"product","2":"type-product","3":"status-publish","4":"has-post-thumbnail","6":"product_cat-exclusivos","7":"product_cat-libros","8":"product_tag-10915","9":"product_tag-agenda","10":"product_tag-astrologia","11":"product_tag-horoscopo","12":"product_tag-ludovica","14":"first","15":"instock","16":"sale","17":"taxable","18":"shipping-taxable","19":"purchasable","20":"product-type-simple"},"acf":[],"aioseo_notices":[],"_links":{"self":[{"href":"https:\/\/www.argensend.com\/en\/wp-json\/wp\/v2\/product\/128597","targetHints":{"allow":["GET"]}}],"collection":[{"href":"https:\/\/www.argensend.com\/en\/wp-json\/wp\/v2\/product"}],"about":[{"href":"https:\/\/www.argensend.com\/en\/wp-json\/wp\/v2\/types\/product"}],"replies":[{"embeddable":true,"href":"https:\/\/www.argensend.com\/en\/wp-json\/wp\/v2\/comments?post=128597"}],"version-history":[{"count":1,"href":"https:\/\/www.argensend.com\/en\/wp-json\/wp\/v2\/product\/128597\/revisions"}],"predecessor-version":[{"id":128598,"href":"https:\/\/www.argensend.com\/en\/wp-json\/wp\/v2\/product\/128597\/revisions\/128598"}],"wp:featuredmedia":[{"embeddable":true,"href":"https:\/\/www.argensend.com\/en\/wp-json\/wp\/v2\/media\/128590"}],"wp:attachment":[{"href":"https:\/\/www.argensend.com\/en\/wp-json\/wp\/v2\/media?parent=128597"}],"wp:term":[{"taxonomy":"brand","embeddable":true,"href":"https:\/\/www.argensend.com\/en\/wp-json\/wp\/v2\/etheme_brands?post=128597"},{"taxonomy":"product_brand","embeddable":true,"href":"https:\/\/www.argensend.com\/en\/wp-json\/wp\/v2\/product_brand?post=128597"},{"taxonomy":"product_cat","embeddable":true,"href":"https:\/\/www.argensend.com\/en\/wp-json\/wp\/v2\/product_cat?post=128597"},{"taxonomy":"product_tag","embeddable":true,"href":"https:\/\/www.argensend.com\/en\/wp-json\/wp\/v2\/product_tag?post=128597"}],"curies":[{"name":"wp","href":"https:\/\/api.w.org\/{rel}","templated":true}]}}