{"id":12864,"date":"2020-11-13T19:39:45","date_gmt":"2020-11-13T22:39:45","guid":{"rendered":"https:\/\/www.argensend.com\/?post_type=product&#038;p=12864"},"modified":"2025-12-22T16:58:39","modified_gmt":"2025-12-22T19:58:39","slug":"vacalin-dulce-de-leche-familiar-4-kg","status":"publish","type":"product","link":"https:\/\/www.argensend.com\/en\/product\/vacalin-dulce-de-leche-familiar-4-kg\/","title":{"rendered":"Vacal\u00edn &#8211; Dulce de Leche Familiar 4kg"},"content":{"rendered":"","protected":false},"excerpt":{"rendered":"<p>Es un producto de consistencia cremosa, sin cristales perceptibles sensorialmente, de color casta\u00f1o acaramelado, proveniente de la reacci\u00f3n de Maillard. De sabor dulce caracter\u00edstico, sin olores ni sabores extra\u00f1os.<\/p>\n<p>It is a product with a creamy consistency, without sensorially perceptible crystals, with a caramel brown color, originating from the Maillard reaction. Characteristic sweet flavor, without strange smells or flavors.<\/p>","protected":false},"featured_media":12885,"comment_status":"closed","ping_status":"closed","template":"","meta":{"_acf_changed":false,"om_disable_all_campaigns":false,"_monsterinsights_skip_tracking":false,"_monsterinsights_sitenote_active":false,"_monsterinsights_sitenote_note":"","_monsterinsights_sitenote_category":0},"etheme_brands":[],"product_brand":[],"product_cat":[81,2111],"product_tag":[7744,7745,230,231,203,234,647,383,384,602,762,381,235,236,60,638,232,233,764,763,65,167,382,1248,765],"class_list":{"0":"post-12864","1":"product","2":"type-product","3":"status-publish","4":"has-post-thumbnail","6":"product_cat-dulce-de-leche","7":"product_cat-proveeduria","8":"product_tag-141-09-oz","9":"product_tag-4-kg","10":"product_tag-alimento","11":"product_tag-alimentos","12":"product_tag-argentina","13":"product_tag-argentine","14":"product_tag-balde","15":"product_tag-caramel","16":"product_tag-caseinata","17":"product_tag-caseinate","18":"product_tag-caseinato","19":"product_tag-ddl","20":"product_tag-delicias","21":"product_tag-delicious","22":"product_tag-dulce-de-leche","23":"product_tag-familiar","24":"product_tag-food","25":"product_tag-foods","26":"product_tag-jalea","27":"product_tag-manjar","28":"product_tag-plastico","29":"product_tag-sin-tacc","30":"product_tag-sweet-jam","31":"product_tag-vacalin","32":"product_tag-whiout-tacc","34":"first","35":"instock","36":"taxable","37":"shipping-taxable","38":"purchasable","39":"product-type-simple"},"acf":[],"aioseo_notices":[],"_links":{"self":[{"href":"https:\/\/www.argensend.com\/en\/wp-json\/wp\/v2\/product\/12864","targetHints":{"allow":["GET"]}}],"collection":[{"href":"https:\/\/www.argensend.com\/en\/wp-json\/wp\/v2\/product"}],"about":[{"href":"https:\/\/www.argensend.com\/en\/wp-json\/wp\/v2\/types\/product"}],"replies":[{"embeddable":true,"href":"https:\/\/www.argensend.com\/en\/wp-json\/wp\/v2\/comments?post=12864"}],"version-history":[{"count":4,"href":"https:\/\/www.argensend.com\/en\/wp-json\/wp\/v2\/product\/12864\/revisions"}],"predecessor-version":[{"id":107834,"href":"https:\/\/www.argensend.com\/en\/wp-json\/wp\/v2\/product\/12864\/revisions\/107834"}],"wp:featuredmedia":[{"embeddable":true,"href":"https:\/\/www.argensend.com\/en\/wp-json\/wp\/v2\/media\/12885"}],"wp:attachment":[{"href":"https:\/\/www.argensend.com\/en\/wp-json\/wp\/v2\/media?parent=12864"}],"wp:term":[{"taxonomy":"brand","embeddable":true,"href":"https:\/\/www.argensend.com\/en\/wp-json\/wp\/v2\/etheme_brands?post=12864"},{"taxonomy":"product_brand","embeddable":true,"href":"https:\/\/www.argensend.com\/en\/wp-json\/wp\/v2\/product_brand?post=12864"},{"taxonomy":"product_cat","embeddable":true,"href":"https:\/\/www.argensend.com\/en\/wp-json\/wp\/v2\/product_cat?post=12864"},{"taxonomy":"product_tag","embeddable":true,"href":"https:\/\/www.argensend.com\/en\/wp-json\/wp\/v2\/product_tag?post=12864"}],"curies":[{"name":"wp","href":"https:\/\/api.w.org\/{rel}","templated":true}]}}