{"id":13107,"date":"2020-11-18T17:01:58","date_gmt":"2020-11-18T20:01:58","guid":{"rendered":"https:\/\/www.argensend.com\/?post_type=product&#038;p=13107"},"modified":"2024-12-06T15:56:40","modified_gmt":"2024-12-06T18:56:40","slug":"crema-corporal-dermaglos-hidratacion-profunda-x-200-ml","status":"publish","type":"product","link":"https:\/\/www.argensend.com\/en\/product\/crema-corporal-dermaglos-hidratacion-profunda-x-200-ml\/","title":{"rendered":"Dermagl\u00f3s &#8211; Crema Corporal Hidrataci\u00f3n Profunda 200ml"},"content":{"rendered":"<section class=\"product-description-container\">\n<div class=\"product-description active\">\n<div class=\"productDescription\">\n<section class=\"product-description-container\">\n<div class=\"product-description active\">\n<div class=\"productDescription\">\n<h3>Descripci\u00f3n:<\/h3>\n<p>Su exclusiva formulaci\u00f3n mantiene el equilibrio celular, mejorando el nivel de hidrataci\u00f3n de la piel, gracias a la acci\u00f3n equilibrada de sus componentes. No deja residuos grasos.<\/p>\n<h3>Beneficios:<\/h3>\n<p>Hidrata Profundamente la piel dej\u00e1ndola suave, el\u00e1stica y saludable. Contiene vitamina A y E que estimula la formaci\u00f3n de col\u00e1geno y previene el envejecimiento prematuro de la piel.<\/p>\n<h3>Modo de Uso:<\/h3>\n<p>Aplicar diariamente en todo el cuerpo, mediante suaves masajes, tantas veces como sea necesario.<\/p>\n<\/div>\n<div class=\"product-modules\"><\/div>\n<\/div>\n<\/section>\n<section class=\"product-footer\">\n<section class=\"snippets-product\"><\/section>\n<section class=\"related-product\">\n<div class=\"section-container active\">\n<p>Directions for use:<\/p>\n<p>Apply daily all over the body, by gentle massage, as often as necessary.<\/p>\n<\/div>\n<\/section>\n<\/section>\n<\/div>\n<div class=\"product-modules\"><\/div>\n<\/div>\n<\/section>\n<section class=\"product-footer\">\n<section class=\"snippets-product\"><\/section>\n<section class=\"related-product\">\n<div class=\"section-container active\"><\/div>\n<\/section>\n<\/section>","protected":false},"excerpt":{"rendered":"<p>Descripci\u00f3n: Su exclusiva formulaci\u00f3n mantiene el equilibrio celular, mejorando el nivel de hidrataci\u00f3n de la piel, gracias a la acci\u00f3n equilibrada de sus componentes. No&#8230;<\/p>","protected":false},"featured_media":13108,"comment_status":"closed","ping_status":"closed","template":"","meta":{"_acf_changed":false,"om_disable_all_campaigns":false,"_monsterinsights_skip_tracking":false,"_monsterinsights_sitenote_active":false,"_monsterinsights_sitenote_note":"","_monsterinsights_sitenote_category":0},"etheme_brands":[],"product_brand":[],"product_cat":[8819],"product_tag":[456,464,467,466,465],"class_list":{"0":"post-13107","1":"product","2":"type-product","3":"status-publish","4":"has-post-thumbnail","6":"product_cat-farmacia","7":"product_tag-crema","8":"product_tag-crema-dermaglos","9":"product_tag-crema-en-pote","10":"product_tag-crema-facial","11":"product_tag-dermaglos","13":"first","14":"instock","15":"taxable","16":"shipping-taxable","17":"purchasable","18":"product-type-simple"},"acf":[],"aioseo_notices":[],"_links":{"self":[{"href":"https:\/\/www.argensend.com\/en\/wp-json\/wp\/v2\/product\/13107","targetHints":{"allow":["GET"]}}],"collection":[{"href":"https:\/\/www.argensend.com\/en\/wp-json\/wp\/v2\/product"}],"about":[{"href":"https:\/\/www.argensend.com\/en\/wp-json\/wp\/v2\/types\/product"}],"replies":[{"embeddable":true,"href":"https:\/\/www.argensend.com\/en\/wp-json\/wp\/v2\/comments?post=13107"}],"version-history":[{"count":4,"href":"https:\/\/www.argensend.com\/en\/wp-json\/wp\/v2\/product\/13107\/revisions"}],"predecessor-version":[{"id":98465,"href":"https:\/\/www.argensend.com\/en\/wp-json\/wp\/v2\/product\/13107\/revisions\/98465"}],"wp:featuredmedia":[{"embeddable":true,"href":"https:\/\/www.argensend.com\/en\/wp-json\/wp\/v2\/media\/13108"}],"wp:attachment":[{"href":"https:\/\/www.argensend.com\/en\/wp-json\/wp\/v2\/media?parent=13107"}],"wp:term":[{"taxonomy":"brand","embeddable":true,"href":"https:\/\/www.argensend.com\/en\/wp-json\/wp\/v2\/etheme_brands?post=13107"},{"taxonomy":"product_brand","embeddable":true,"href":"https:\/\/www.argensend.com\/en\/wp-json\/wp\/v2\/product_brand?post=13107"},{"taxonomy":"product_cat","embeddable":true,"href":"https:\/\/www.argensend.com\/en\/wp-json\/wp\/v2\/product_cat?post=13107"},{"taxonomy":"product_tag","embeddable":true,"href":"https:\/\/www.argensend.com\/en\/wp-json\/wp\/v2\/product_tag?post=13107"}],"curies":[{"name":"wp","href":"https:\/\/api.w.org\/{rel}","templated":true}]}}