{"id":131557,"date":"2026-02-02T13:08:03","date_gmt":"2026-02-02T16:08:03","guid":{"rendered":"https:\/\/www.argensend.com\/?post_type=product&#038;p=131557"},"modified":"2026-02-02T13:19:54","modified_gmt":"2026-02-02T16:19:54","slug":"natura-tododia-crema-hidratante-corporal-ciruela-y-flor-de-vainilla-400-ml","status":"publish","type":"product","link":"https:\/\/www.argensend.com\/en\/product\/natura-tododia-crema-hidratante-corporal-ciruela-y-flor-de-vainilla-400-ml\/","title":{"rendered":"Natura Tododia &#8211; Crema Hidratante Corporal Ciruela y Flor De Vainilla 400 Ml"},"content":{"rendered":"","protected":false},"excerpt":{"rendered":"<p>Crema nutritiva ciruela y flor de vainilla Tododia Tecnolog\u00eda prebi\u00f3tica. Para todos los tipos de piel. Nutrici\u00f3n profunda y experta. R\u00e1pida absorci\u00f3n. 94% de ingredientes de origen natural. Natura Tododia es la marca Natura que te invita a cuidar tu cuerpo y celebra cada uno de estos momentos, despertando los sentidos con placer y sentido. La raz\u00f3n de ser de la marca es promover una relaci\u00f3n armoniosa entre el individuo y su cuerpo, haciendo de la rutina de cuidado diario una oportunidad para habitar el cuerpo con presencia y bienestar.<\/p>","protected":false},"featured_media":131558,"comment_status":"closed","ping_status":"closed","template":"","meta":{"_acf_changed":false,"om_disable_all_campaigns":false,"_monsterinsights_skip_tracking":false,"_monsterinsights_sitenote_active":false,"_monsterinsights_sitenote_note":"","_monsterinsights_sitenote_category":0},"etheme_brands":[],"product_brand":[],"product_cat":[8818,8922],"product_tag":[63,203,234,224,1855,1612,1057,4119,4125,3014,873,7032,9165,4007,3387,1132,9167,199,449,9166,652,651,8859],"class_list":{"0":"post-131557","1":"product","2":"type-product","3":"status-publish","4":"has-post-thumbnail","6":"product_cat-perfumeria","7":"product_cat-veganos","8":"product_tag-63","9":"product_tag-argentina","10":"product_tag-argentine","11":"product_tag-argentino","12":"product_tag-bano","13":"product_tag-belleza","14":"product_tag-body","15":"product_tag-cacao","16":"product_tag-cocoa","17":"product_tag-cream","18":"product_tag-dama","19":"product_tag-drama","20":"product_tag-guanabana","21":"product_tag-hogar","22":"product_tag-lemon","23":"product_tag-limon","24":"product_tag-linaza","25":"product_tag-mujer","26":"product_tag-natura","27":"product_tag-soursop","28":"product_tag-vegan","29":"product_tag-vegano","30":"product_tag-veggie","32":"first","33":"instock","34":"taxable","35":"shipping-taxable","36":"purchasable","37":"product-type-simple"},"acf":[],"aioseo_notices":[],"_links":{"self":[{"href":"https:\/\/www.argensend.com\/en\/wp-json\/wp\/v2\/product\/131557","targetHints":{"allow":["GET"]}}],"collection":[{"href":"https:\/\/www.argensend.com\/en\/wp-json\/wp\/v2\/product"}],"about":[{"href":"https:\/\/www.argensend.com\/en\/wp-json\/wp\/v2\/types\/product"}],"replies":[{"embeddable":true,"href":"https:\/\/www.argensend.com\/en\/wp-json\/wp\/v2\/comments?post=131557"}],"version-history":[{"count":1,"href":"https:\/\/www.argensend.com\/en\/wp-json\/wp\/v2\/product\/131557\/revisions"}],"predecessor-version":[{"id":131559,"href":"https:\/\/www.argensend.com\/en\/wp-json\/wp\/v2\/product\/131557\/revisions\/131559"}],"wp:featuredmedia":[{"embeddable":true,"href":"https:\/\/www.argensend.com\/en\/wp-json\/wp\/v2\/media\/131558"}],"wp:attachment":[{"href":"https:\/\/www.argensend.com\/en\/wp-json\/wp\/v2\/media?parent=131557"}],"wp:term":[{"taxonomy":"brand","embeddable":true,"href":"https:\/\/www.argensend.com\/en\/wp-json\/wp\/v2\/etheme_brands?post=131557"},{"taxonomy":"product_brand","embeddable":true,"href":"https:\/\/www.argensend.com\/en\/wp-json\/wp\/v2\/product_brand?post=131557"},{"taxonomy":"product_cat","embeddable":true,"href":"https:\/\/www.argensend.com\/en\/wp-json\/wp\/v2\/product_cat?post=131557"},{"taxonomy":"product_tag","embeddable":true,"href":"https:\/\/www.argensend.com\/en\/wp-json\/wp\/v2\/product_tag?post=131557"}],"curies":[{"name":"wp","href":"https:\/\/api.w.org\/{rel}","templated":true}]}}