{"id":13466,"date":"2020-12-13T17:07:33","date_gmt":"2020-12-13T20:07:33","guid":{"rendered":"https:\/\/www.argensend.com\/?post_type=product&#038;p=13466"},"modified":"2025-04-21T16:42:29","modified_gmt":"2025-04-21T19:42:29","slug":"satial-pasta-fusilli-carb-controller-gluten-free-x-250-gr","status":"publish","type":"product","link":"https:\/\/www.argensend.com\/en\/product\/satial-pasta-fusilli-carb-controller-gluten-free-x-250-gr\/","title":{"rendered":"SaT\u00edal Pasta Fusilli Carb controller &#8211; 250gr"},"content":{"rendered":"<p><b>Satial es un ingediente de origen naturl purificado de faseolamina, a basoe del extracto de phaseolus vulgaris.<\/b><\/p>\n<p>La materia prima utilizada es la original y a ha sido objeto de centenas de estudios cl\u00ednicos y preclinicos.<\/p>\n<p>Su acci\u00f3n ayuda a disminuir el impacto calo rico de los alimentos ricos e almid\u00f3n, disminuyendo el indice glucemico, lo que ayuda a mejorar la respuesta metab\u00f3lica a los niveles de glucosa.<\/p>\n<p>Con una dieta adecuada y ejercicio, Satial ayuda en el control del peso corporal.<\/p>","protected":false},"excerpt":{"rendered":"<p>Satial es un ingediente de origen naturl purificado de faseolamina, a basoe del extracto de phaseolus vulgaris. La materia prima utilizada es la original y&#8230;<\/p>","protected":false},"featured_media":13467,"comment_status":"closed","ping_status":"closed","template":"","meta":{"_acf_changed":false,"om_disable_all_campaigns":false,"_monsterinsights_skip_tracking":false,"_monsterinsights_sitenote_active":false,"_monsterinsights_sitenote_note":"","_monsterinsights_sitenote_category":0},"etheme_brands":[],"product_brand":[],"product_cat":[3292,8819],"product_tag":[],"class_list":{"0":"post-13466","1":"product","2":"type-product","3":"status-publish","4":"has-post-thumbnail","6":"product_cat-bajas-calorias","7":"product_cat-farmacia","9":"first","10":"instock","11":"sale","12":"taxable","13":"shipping-taxable","14":"purchasable","15":"product-type-simple"},"acf":[],"aioseo_notices":[],"_links":{"self":[{"href":"https:\/\/www.argensend.com\/en\/wp-json\/wp\/v2\/product\/13466","targetHints":{"allow":["GET"]}}],"collection":[{"href":"https:\/\/www.argensend.com\/en\/wp-json\/wp\/v2\/product"}],"about":[{"href":"https:\/\/www.argensend.com\/en\/wp-json\/wp\/v2\/types\/product"}],"replies":[{"embeddable":true,"href":"https:\/\/www.argensend.com\/en\/wp-json\/wp\/v2\/comments?post=13466"}],"version-history":[{"count":3,"href":"https:\/\/www.argensend.com\/en\/wp-json\/wp\/v2\/product\/13466\/revisions"}],"predecessor-version":[{"id":106858,"href":"https:\/\/www.argensend.com\/en\/wp-json\/wp\/v2\/product\/13466\/revisions\/106858"}],"wp:featuredmedia":[{"embeddable":true,"href":"https:\/\/www.argensend.com\/en\/wp-json\/wp\/v2\/media\/13467"}],"wp:attachment":[{"href":"https:\/\/www.argensend.com\/en\/wp-json\/wp\/v2\/media?parent=13466"}],"wp:term":[{"taxonomy":"brand","embeddable":true,"href":"https:\/\/www.argensend.com\/en\/wp-json\/wp\/v2\/etheme_brands?post=13466"},{"taxonomy":"product_brand","embeddable":true,"href":"https:\/\/www.argensend.com\/en\/wp-json\/wp\/v2\/product_brand?post=13466"},{"taxonomy":"product_cat","embeddable":true,"href":"https:\/\/www.argensend.com\/en\/wp-json\/wp\/v2\/product_cat?post=13466"},{"taxonomy":"product_tag","embeddable":true,"href":"https:\/\/www.argensend.com\/en\/wp-json\/wp\/v2\/product_tag?post=13466"}],"curies":[{"name":"wp","href":"https:\/\/api.w.org\/{rel}","templated":true}]}}