{"id":13727,"date":"2020-12-29T19:15:30","date_gmt":"2020-12-29T22:15:30","guid":{"rendered":"https:\/\/www.argensend.com\/?post_type=product&#038;p=13727"},"modified":"2025-04-21T14:12:41","modified_gmt":"2025-04-21T17:12:41","slug":"cafe-instantaneo-nescafe-dolca-suave-perfecto-para-batir-doypack-x-170gr","status":"publish","type":"product","link":"https:\/\/www.argensend.com\/en\/product\/cafe-instantaneo-nescafe-dolca-suave-perfecto-para-batir-doypack-x-170gr\/","title":{"rendered":"Nescaf\u00e9 &#8211; Dolca Caf\u00e9 Instant\u00e1neo Suave Doypack 170gr"},"content":{"rendered":"","protected":false},"excerpt":{"rendered":"<p>Caf\u00e9 instantaneo<\/p>","protected":false},"featured_media":58876,"comment_status":"closed","ping_status":"closed","template":"","meta":{"_acf_changed":false,"om_disable_all_campaigns":false,"_monsterinsights_skip_tracking":false,"_monsterinsights_sitenote_active":false,"_monsterinsights_sitenote_note":"","_monsterinsights_sitenote_category":0},"etheme_brands":[],"product_brand":[],"product_cat":[2126],"product_tag":[203,234,224,1275,1357,236,2205,2204,2153,2206,2208,2207,163],"class_list":{"0":"post-13727","1":"product","2":"type-product","3":"status-publish","4":"has-post-thumbnail","6":"product_cat-cafe","7":"product_tag-argentina","8":"product_tag-argentine","9":"product_tag-argentino","10":"product_tag-cafe","11":"product_tag-delicia","12":"product_tag-delicious","13":"product_tag-espresso","14":"product_tag-expresso","15":"product_tag-infusiones","16":"product_tag-molido","17":"product_tag-saquitos","18":"product_tag-tostado","19":"product_tag-yerba","21":"first","22":"instock","23":"taxable","24":"shipping-taxable","25":"purchasable","26":"product-type-simple"},"acf":[],"aioseo_notices":[],"_links":{"self":[{"href":"https:\/\/www.argensend.com\/en\/wp-json\/wp\/v2\/product\/13727","targetHints":{"allow":["GET"]}}],"collection":[{"href":"https:\/\/www.argensend.com\/en\/wp-json\/wp\/v2\/product"}],"about":[{"href":"https:\/\/www.argensend.com\/en\/wp-json\/wp\/v2\/types\/product"}],"replies":[{"embeddable":true,"href":"https:\/\/www.argensend.com\/en\/wp-json\/wp\/v2\/comments?post=13727"}],"version-history":[{"count":4,"href":"https:\/\/www.argensend.com\/en\/wp-json\/wp\/v2\/product\/13727\/revisions"}],"predecessor-version":[{"id":112546,"href":"https:\/\/www.argensend.com\/en\/wp-json\/wp\/v2\/product\/13727\/revisions\/112546"}],"wp:featuredmedia":[{"embeddable":true,"href":"https:\/\/www.argensend.com\/en\/wp-json\/wp\/v2\/media\/58876"}],"wp:attachment":[{"href":"https:\/\/www.argensend.com\/en\/wp-json\/wp\/v2\/media?parent=13727"}],"wp:term":[{"taxonomy":"brand","embeddable":true,"href":"https:\/\/www.argensend.com\/en\/wp-json\/wp\/v2\/etheme_brands?post=13727"},{"taxonomy":"product_brand","embeddable":true,"href":"https:\/\/www.argensend.com\/en\/wp-json\/wp\/v2\/product_brand?post=13727"},{"taxonomy":"product_cat","embeddable":true,"href":"https:\/\/www.argensend.com\/en\/wp-json\/wp\/v2\/product_cat?post=13727"},{"taxonomy":"product_tag","embeddable":true,"href":"https:\/\/www.argensend.com\/en\/wp-json\/wp\/v2\/product_tag?post=13727"}],"curies":[{"name":"wp","href":"https:\/\/api.w.org\/{rel}","templated":true}]}}