{"id":14431,"date":"2021-01-09T15:14:37","date_gmt":"2021-01-09T18:14:37","guid":{"rendered":"https:\/\/www.argensend.com\/?post_type=product&#038;p=14431"},"modified":"2026-04-21T02:55:47","modified_gmt":"2026-04-21T05:55:47","slug":"la-oberena-yerba-mate-organica-certificada-arpillera-1-kg-certified-organic-yerba-mate-arpillera-35-27-oz","status":"publish","type":"product","link":"https:\/\/www.argensend.com\/en\/product\/la-oberena-yerba-mate-organica-certificada-arpillera-1-kg-certified-organic-yerba-mate-arpillera-35-27-oz\/","title":{"rendered":"La Obere\u00f1a &#8211; Yerba Mate Org\u00e1nica Certificada Arpillera 1kg"},"content":{"rendered":"<p>Yerba Mate Org\u00e1nica misionera LA OBERE\u00d1A de calidad premium, envasada en origen en paquete de arpillera de 1kg.<\/p>\n<p>ORIGEN:<br \/>\nElaborada en Ober\u00e1, Provincia de Misiones<\/p>\n<p>PRESENTACI\u00d3N:<br \/>\n1 Paquete de yerba mate en arpillera de 1kg.<\/p>\n<p>\u2022 CALIDAD PREMIUM:<br \/>\nRealizada con materia prima de excelente calidad.<\/p>\n<p>\u2022 SECADO NATURAL A LE\u00d1A:<br \/>\nCon sistema barbacu\u00e1 y bien estacionada durante m\u00e1s de un a\u00f1o y medio.<\/p>\n<p>\u2022 100% LIBRE DE AGROT\u00d3XICOS:<br \/>\nPor lo que no genera acidez estomacal.<\/p>\n<p>\u2022 ENVASADA EN ORIGEN EN ARPILLERA:<br \/>\nPara conservar sus propiedades originales.<\/p>\n<p>\u2022 MUY RENDIDORA:<br \/>\nNo se lava con facilidad y mantiene su sabor hasta el \u00faltimo mate.<\/p>\n<p>\u2022 FECHA DE CADUCIDAD SUPERIOR A 1 A\u00d1O Y MEDIO<\/p>","protected":false},"excerpt":{"rendered":"<p>Yerba Mate Org\u00e1nica misionera LA OBERE\u00d1A de calidad premium, envasada en origen en paquete de arpillera de 1kg. ORIGEN: Elaborada en Ober\u00e1, Provincia de Misiones&#8230;<\/p>","protected":false},"featured_media":14432,"comment_status":"closed","ping_status":"closed","template":"","meta":{"_acf_changed":false,"om_disable_all_campaigns":false,"_monsterinsights_skip_tracking":false,"_monsterinsights_sitenote_active":false,"_monsterinsights_sitenote_note":"","_monsterinsights_sitenote_category":0},"etheme_brands":[],"product_brand":[],"product_cat":[2124],"product_tag":[203,234,6954,6920,6955,225,6956,165,166,228,163],"class_list":{"0":"post-14431","1":"product","2":"type-product","3":"status-publish","4":"has-post-thumbnail","6":"product_cat-yerbas","7":"product_tag-argentina","8":"product_tag-argentine","9":"product_tag-arpillera","10":"product_tag-certificada","11":"product_tag-certified","12":"product_tag-infusion","13":"product_tag-la-oberena","14":"product_tag-mate","15":"product_tag-organica","16":"product_tag-tradicional","17":"product_tag-yerba","19":"first","20":"instock","21":"taxable","22":"shipping-taxable","23":"purchasable","24":"product-type-simple"},"acf":[],"aioseo_notices":[],"_links":{"self":[{"href":"https:\/\/www.argensend.com\/en\/wp-json\/wp\/v2\/product\/14431","targetHints":{"allow":["GET"]}}],"collection":[{"href":"https:\/\/www.argensend.com\/en\/wp-json\/wp\/v2\/product"}],"about":[{"href":"https:\/\/www.argensend.com\/en\/wp-json\/wp\/v2\/types\/product"}],"replies":[{"embeddable":true,"href":"https:\/\/www.argensend.com\/en\/wp-json\/wp\/v2\/comments?post=14431"}],"version-history":[{"count":6,"href":"https:\/\/www.argensend.com\/en\/wp-json\/wp\/v2\/product\/14431\/revisions"}],"predecessor-version":[{"id":116441,"href":"https:\/\/www.argensend.com\/en\/wp-json\/wp\/v2\/product\/14431\/revisions\/116441"}],"wp:featuredmedia":[{"embeddable":true,"href":"https:\/\/www.argensend.com\/en\/wp-json\/wp\/v2\/media\/14432"}],"wp:attachment":[{"href":"https:\/\/www.argensend.com\/en\/wp-json\/wp\/v2\/media?parent=14431"}],"wp:term":[{"taxonomy":"brand","embeddable":true,"href":"https:\/\/www.argensend.com\/en\/wp-json\/wp\/v2\/etheme_brands?post=14431"},{"taxonomy":"product_brand","embeddable":true,"href":"https:\/\/www.argensend.com\/en\/wp-json\/wp\/v2\/product_brand?post=14431"},{"taxonomy":"product_cat","embeddable":true,"href":"https:\/\/www.argensend.com\/en\/wp-json\/wp\/v2\/product_cat?post=14431"},{"taxonomy":"product_tag","embeddable":true,"href":"https:\/\/www.argensend.com\/en\/wp-json\/wp\/v2\/product_tag?post=14431"}],"curies":[{"name":"wp","href":"https:\/\/api.w.org\/{rel}","templated":true}]}}