{"id":15238,"date":"2021-01-29T17:04:39","date_gmt":"2021-01-29T20:04:39","guid":{"rendered":"https:\/\/www.argensend.com\/?post_type=product&#038;p=15238"},"modified":"2025-04-24T14:31:37","modified_gmt":"2025-04-24T17:31:37","slug":"huevo-kinder-sorpresa-azul-nino-2-unidades","status":"publish","type":"product","link":"https:\/\/www.argensend.com\/en\/product\/huevo-kinder-sorpresa-azul-nino-2-unidades\/","title":{"rendered":"Kinder &#8211; Huevo Sorpresa Azul &#8211; 2 Unidades 40gr"},"content":{"rendered":"","protected":false},"excerpt":{"rendered":"<p>Kinder Sorpresa Lui 40gr es el huevo de chocolate que conecta sanamente a ni\u00f1os y adultos, generando desde el disfrute, momentos en familia para jugar con la imaginaci\u00f3n. ?Esto es posible gracias a la combinaci\u00f3n entre un chocolate \u00fanico y la capacidad de sorprender, que han creado un placer sin precedente sobre la base de una experiencia inigualable: disfrutar con alegr\u00eda y plena consciencia.<\/p>\n<p>Cada huevo trae una sorpresa para armar!<\/p>\n<p>&nbsp;<\/p>","protected":false},"featured_media":15239,"comment_status":"closed","ping_status":"closed","template":"","meta":{"_acf_changed":false,"om_disable_all_campaigns":false,"_monsterinsights_skip_tracking":false,"_monsterinsights_sitenote_active":false,"_monsterinsights_sitenote_note":"","_monsterinsights_sitenote_category":0},"etheme_brands":[],"product_brand":[],"product_cat":[628,7921,2173],"product_tag":[203,234,224,1781,159,2197,1357,236,2899,2252,2188,2184,2250,2185,870],"class_list":{"0":"post-15238","1":"product","2":"type-product","3":"status-publish","4":"has-post-thumbnail","6":"product_cat-chocolates","7":"product_cat-ferrero-rocher-kinder-pascuas","8":"product_cat-pascuas","9":"product_tag-argentina","10":"product_tag-argentine","11":"product_tag-argentino","12":"product_tag-choco","13":"product_tag-chocolate","14":"product_tag-chocolates","15":"product_tag-delicia","16":"product_tag-delicious","17":"product_tag-easter","18":"product_tag-egg","19":"product_tag-eggs","20":"product_tag-huevo","21":"product_tag-huevos","22":"product_tag-pascua","23":"product_tag-rico","25":"first","26":"instock","27":"taxable","28":"shipping-taxable","29":"purchasable","30":"product-type-simple"},"acf":[],"aioseo_notices":[],"_links":{"self":[{"href":"https:\/\/www.argensend.com\/en\/wp-json\/wp\/v2\/product\/15238","targetHints":{"allow":["GET"]}}],"collection":[{"href":"https:\/\/www.argensend.com\/en\/wp-json\/wp\/v2\/product"}],"about":[{"href":"https:\/\/www.argensend.com\/en\/wp-json\/wp\/v2\/types\/product"}],"replies":[{"embeddable":true,"href":"https:\/\/www.argensend.com\/en\/wp-json\/wp\/v2\/comments?post=15238"}],"version-history":[{"count":3,"href":"https:\/\/www.argensend.com\/en\/wp-json\/wp\/v2\/product\/15238\/revisions"}],"predecessor-version":[{"id":102635,"href":"https:\/\/www.argensend.com\/en\/wp-json\/wp\/v2\/product\/15238\/revisions\/102635"}],"wp:featuredmedia":[{"embeddable":true,"href":"https:\/\/www.argensend.com\/en\/wp-json\/wp\/v2\/media\/15239"}],"wp:attachment":[{"href":"https:\/\/www.argensend.com\/en\/wp-json\/wp\/v2\/media?parent=15238"}],"wp:term":[{"taxonomy":"brand","embeddable":true,"href":"https:\/\/www.argensend.com\/en\/wp-json\/wp\/v2\/etheme_brands?post=15238"},{"taxonomy":"product_brand","embeddable":true,"href":"https:\/\/www.argensend.com\/en\/wp-json\/wp\/v2\/product_brand?post=15238"},{"taxonomy":"product_cat","embeddable":true,"href":"https:\/\/www.argensend.com\/en\/wp-json\/wp\/v2\/product_cat?post=15238"},{"taxonomy":"product_tag","embeddable":true,"href":"https:\/\/www.argensend.com\/en\/wp-json\/wp\/v2\/product_tag?post=15238"}],"curies":[{"name":"wp","href":"https:\/\/api.w.org\/{rel}","templated":true}]}}