{"id":15573,"date":"2021-02-04T17:35:21","date_gmt":"2021-02-04T20:35:21","guid":{"rendered":"https:\/\/www.argensend.com\/?post_type=product&#038;p=15573"},"modified":"2025-04-21T14:12:32","modified_gmt":"2025-04-21T17:12:32","slug":"capsulas-starbucks-decafeinado-espresso-roast-10-unidades","status":"publish","type":"product","link":"https:\/\/www.argensend.com\/en\/product\/capsulas-starbucks-decafeinado-espresso-roast-10-unidades\/","title":{"rendered":"Starbucks &#8211; C\u00e1psulas de Caf\u00e9 DesCaf\u00e9inado Espresso Roast &#8211; 10 Unidades"},"content":{"rendered":"","protected":false},"excerpt":{"rendered":"","protected":false},"featured_media":15569,"comment_status":"closed","ping_status":"closed","template":"","meta":{"_acf_changed":false,"om_disable_all_campaigns":false,"_monsterinsights_skip_tracking":false,"_monsterinsights_sitenote_active":false,"_monsterinsights_sitenote_note":"","_monsterinsights_sitenote_category":0},"etheme_brands":[],"product_brand":[],"product_cat":[2126],"product_tag":[203,234,224,2215,2214,1357,236,2153,163],"class_list":{"0":"post-15573","1":"product","2":"type-product","3":"status-publish","4":"has-post-thumbnail","6":"product_cat-cafe","7":"product_tag-argentina","8":"product_tag-argentine","9":"product_tag-argentino","10":"product_tag-capsulas","11":"product_tag-capuccinos","12":"product_tag-delicia","13":"product_tag-delicious","14":"product_tag-infusiones","15":"product_tag-yerba","17":"first","18":"instock","19":"taxable","20":"shipping-taxable","21":"purchasable","22":"product-type-simple"},"acf":[],"aioseo_notices":[],"_links":{"self":[{"href":"https:\/\/www.argensend.com\/en\/wp-json\/wp\/v2\/product\/15573","targetHints":{"allow":["GET"]}}],"collection":[{"href":"https:\/\/www.argensend.com\/en\/wp-json\/wp\/v2\/product"}],"about":[{"href":"https:\/\/www.argensend.com\/en\/wp-json\/wp\/v2\/types\/product"}],"replies":[{"embeddable":true,"href":"https:\/\/www.argensend.com\/en\/wp-json\/wp\/v2\/comments?post=15573"}],"version-history":[{"count":4,"href":"https:\/\/www.argensend.com\/en\/wp-json\/wp\/v2\/product\/15573\/revisions"}],"predecessor-version":[{"id":112628,"href":"https:\/\/www.argensend.com\/en\/wp-json\/wp\/v2\/product\/15573\/revisions\/112628"}],"wp:featuredmedia":[{"embeddable":true,"href":"https:\/\/www.argensend.com\/en\/wp-json\/wp\/v2\/media\/15569"}],"wp:attachment":[{"href":"https:\/\/www.argensend.com\/en\/wp-json\/wp\/v2\/media?parent=15573"}],"wp:term":[{"taxonomy":"brand","embeddable":true,"href":"https:\/\/www.argensend.com\/en\/wp-json\/wp\/v2\/etheme_brands?post=15573"},{"taxonomy":"product_brand","embeddable":true,"href":"https:\/\/www.argensend.com\/en\/wp-json\/wp\/v2\/product_brand?post=15573"},{"taxonomy":"product_cat","embeddable":true,"href":"https:\/\/www.argensend.com\/en\/wp-json\/wp\/v2\/product_cat?post=15573"},{"taxonomy":"product_tag","embeddable":true,"href":"https:\/\/www.argensend.com\/en\/wp-json\/wp\/v2\/product_tag?post=15573"}],"curies":[{"name":"wp","href":"https:\/\/api.w.org\/{rel}","templated":true}]}}