{"id":15783,"date":"2021-02-10T15:12:23","date_gmt":"2021-02-10T18:12:23","guid":{"rendered":"https:\/\/www.argensend.com\/?post_type=product&#038;p=15783"},"modified":"2025-04-21T14:12:28","modified_gmt":"2025-04-21T17:12:28","slug":"nestle-nido-leche-en-polvo-fortigrow-deslactosada-800gr","status":"publish","type":"product","link":"https:\/\/www.argensend.com\/en\/product\/nestle-nido-leche-en-polvo-fortigrow-deslactosada-800gr\/","title":{"rendered":"Nestl\u00e9 &#8211; Nido &#8211; Leche en Polvo Fortigrow Deslactosada &#8211; 800gr"},"content":{"rendered":"","protected":false},"excerpt":{"rendered":"<p><strong>Edad recomendada: a partir de 2 a\u00f1os.<\/strong><\/p>\n<p>Leche modificada con A2 beta-case\u00edna en polvo, sin lactosa, para ni\u00f1os. Libre de gluten.<\/p>\n<p>Nido FortiGrow deslactosada potencia el beneficio de digesti\u00f3n con leche A2. Es 0% lactosa, contiene s\u00f3lo prote\u00edna A2 B-case\u00edna, omega 3, vitaminas y minerales.Esta leche est\u00e1 desarrollada para chicos con edad escolar con los nutrientes esenciales para mantener su protecci\u00f3n, estimular su aprendizaje y promover su crecimiento.<\/p>\n<p>EN:<\/p>\n<p><strong>Recommended age: from 2 years old.<\/strong><\/p>\n<p>A2 beta-casein modified milk powder, lactose free, for children. Gluten free.<\/p>\n<p>Nido FortiGrow lactose-free enhances the digestion benefit with A2 milk. It is 0% lactose, contains only A2 B-casein protein, omega 3, vitamins and minerals. This milk is developed for school-age children with essential nutrients to maintain their protection, stimulate their learning and promote their growth.<\/p>","protected":false},"featured_media":63497,"comment_status":"closed","ping_status":"closed","template":"","meta":{"_acf_changed":false,"om_disable_all_campaigns":false,"_monsterinsights_skip_tracking":false,"_monsterinsights_sitenote_active":false,"_monsterinsights_sitenote_note":"","_monsterinsights_sitenote_category":0},"etheme_brands":[],"product_brand":[],"product_cat":[85,10187],"product_tag":[10181,10179,10182,71],"class_list":{"0":"post-15783","1":"product","2":"type-product","3":"status-publish","4":"has-post-thumbnail","6":"product_cat-bebidas","7":"product_cat-leches","8":"product_tag-en-lata","9":"product_tag-leche-en-polvo","10":"product_tag-ninos-y-bebes","11":"product_tag-serenisima","13":"first","14":"instock","15":"taxable","16":"shipping-taxable","17":"purchasable","18":"product-type-simple"},"acf":[],"aioseo_notices":[],"_links":{"self":[{"href":"https:\/\/www.argensend.com\/en\/wp-json\/wp\/v2\/product\/15783","targetHints":{"allow":["GET"]}}],"collection":[{"href":"https:\/\/www.argensend.com\/en\/wp-json\/wp\/v2\/product"}],"about":[{"href":"https:\/\/www.argensend.com\/en\/wp-json\/wp\/v2\/types\/product"}],"replies":[{"embeddable":true,"href":"https:\/\/www.argensend.com\/en\/wp-json\/wp\/v2\/comments?post=15783"}],"version-history":[{"count":4,"href":"https:\/\/www.argensend.com\/en\/wp-json\/wp\/v2\/product\/15783\/revisions"}],"predecessor-version":[{"id":110148,"href":"https:\/\/www.argensend.com\/en\/wp-json\/wp\/v2\/product\/15783\/revisions\/110148"}],"wp:featuredmedia":[{"embeddable":true,"href":"https:\/\/www.argensend.com\/en\/wp-json\/wp\/v2\/media\/63497"}],"wp:attachment":[{"href":"https:\/\/www.argensend.com\/en\/wp-json\/wp\/v2\/media?parent=15783"}],"wp:term":[{"taxonomy":"brand","embeddable":true,"href":"https:\/\/www.argensend.com\/en\/wp-json\/wp\/v2\/etheme_brands?post=15783"},{"taxonomy":"product_brand","embeddable":true,"href":"https:\/\/www.argensend.com\/en\/wp-json\/wp\/v2\/product_brand?post=15783"},{"taxonomy":"product_cat","embeddable":true,"href":"https:\/\/www.argensend.com\/en\/wp-json\/wp\/v2\/product_cat?post=15783"},{"taxonomy":"product_tag","embeddable":true,"href":"https:\/\/www.argensend.com\/en\/wp-json\/wp\/v2\/product_tag?post=15783"}],"curies":[{"name":"wp","href":"https:\/\/api.w.org\/{rel}","templated":true}]}}