{"id":15886,"date":"2021-02-12T14:05:56","date_gmt":"2021-02-12T17:05:56","guid":{"rendered":"https:\/\/www.argensend.com\/?post_type=product&#038;p=15886"},"modified":"2024-12-06T15:58:41","modified_gmt":"2024-12-06T18:58:41","slug":"freediet-carbo-fat-blocker-x-50gs-polvo","status":"publish","type":"product","link":"https:\/\/www.argensend.com\/en\/product\/freediet-carbo-fat-blocker-x-50gs-polvo\/","title":{"rendered":"Freediet Carbo Fat Blocker 50gr polvo"},"content":{"rendered":"","protected":false},"excerpt":{"rendered":"<p>Descripci\u00f3n<\/p>\n<p>FREEDIET CARBO FAT BLOCKER<\/p>\n<p>Suplemento a base de porotos, t\u00e9 verde, y Vitamina B6<\/p>\n<p>FREEDIET CARBO FAT BLOCKER combina sin\u00e9rgicamente Prote\u00edna Vegetal, T\u00e9 Verde y Vitamina B6.<\/p>\n<p>Estudios cient\u00edficos han demostrado que la prote\u00edna vegetal tiene un marcado efecto saciante. El poroto blanco (phaseolus vulgaris) con su aporte de faseolamina ayuda a disminuir la ingesta cal\u00f3rica a partir de impedir la absorci\u00f3n de hidratos de carbono complejos.<\/p>\n<p>Se ha comprobado que posee dos efectos marcados. Afecta la absorci\u00f3n de \u00e1cidos grasos y facilita la combusti\u00f3n de los mismos activando el metabolismo org\u00e1nico. El T\u00e9 Verde a partir de sus polifenoles ha demostrado tener efecto saciante y activador metab\u00f3lico con utilizaci\u00f3n y movilizaci\u00f3n de \u00e1cidos grasos en lugar de reserva en grasas de los mismos.<\/p>\n<p>La clave est\u00e1 en la activaci\u00f3n de la serotonina end\u00f3gena que moviliza al gluc\u00f3geno hep\u00e1tico para la utilizaci\u00f3n de los hidratos de carbono y grasas en la generaci\u00f3n de energ\u00eda.<\/p>\n<p>INGESTA RECOMENDADA: Espolvorear una medida (2,5 g) sobre comidas que contengan cantidades significativas de hidratos de carbono y grasas. No modifica el sabor de las comidas. Apto para cocinar. Puede utilizarse en alimentos fr\u00edos o calientes, dulces o salados y se puede aplicar en agua, jugos, yogurt o infusiones.<\/p>\n<p>&nbsp;<\/p>\n<p>PRESENTACI\u00d3N: polvo, 50g<\/p>","protected":false},"featured_media":15887,"comment_status":"closed","ping_status":"closed","template":"","meta":{"_acf_changed":false,"om_disable_all_campaigns":false,"_monsterinsights_skip_tracking":false,"_monsterinsights_sitenote_active":false,"_monsterinsights_sitenote_note":"","_monsterinsights_sitenote_category":0},"etheme_brands":[],"product_brand":[],"product_cat":[8819],"product_tag":[],"class_list":{"0":"post-15886","1":"product","2":"type-product","3":"status-publish","4":"has-post-thumbnail","6":"product_cat-farmacia","8":"first","9":"instock","10":"sale","11":"taxable","12":"shipping-taxable","13":"purchasable","14":"product-type-simple"},"acf":[],"aioseo_notices":[],"_links":{"self":[{"href":"https:\/\/www.argensend.com\/en\/wp-json\/wp\/v2\/product\/15886","targetHints":{"allow":["GET"]}}],"collection":[{"href":"https:\/\/www.argensend.com\/en\/wp-json\/wp\/v2\/product"}],"about":[{"href":"https:\/\/www.argensend.com\/en\/wp-json\/wp\/v2\/types\/product"}],"replies":[{"embeddable":true,"href":"https:\/\/www.argensend.com\/en\/wp-json\/wp\/v2\/comments?post=15886"}],"version-history":[{"count":2,"href":"https:\/\/www.argensend.com\/en\/wp-json\/wp\/v2\/product\/15886\/revisions"}],"predecessor-version":[{"id":98805,"href":"https:\/\/www.argensend.com\/en\/wp-json\/wp\/v2\/product\/15886\/revisions\/98805"}],"wp:featuredmedia":[{"embeddable":true,"href":"https:\/\/www.argensend.com\/en\/wp-json\/wp\/v2\/media\/15887"}],"wp:attachment":[{"href":"https:\/\/www.argensend.com\/en\/wp-json\/wp\/v2\/media?parent=15886"}],"wp:term":[{"taxonomy":"brand","embeddable":true,"href":"https:\/\/www.argensend.com\/en\/wp-json\/wp\/v2\/etheme_brands?post=15886"},{"taxonomy":"product_brand","embeddable":true,"href":"https:\/\/www.argensend.com\/en\/wp-json\/wp\/v2\/product_brand?post=15886"},{"taxonomy":"product_cat","embeddable":true,"href":"https:\/\/www.argensend.com\/en\/wp-json\/wp\/v2\/product_cat?post=15886"},{"taxonomy":"product_tag","embeddable":true,"href":"https:\/\/www.argensend.com\/en\/wp-json\/wp\/v2\/product_tag?post=15886"}],"curies":[{"name":"wp","href":"https:\/\/api.w.org\/{rel}","templated":true}]}}