{"id":15890,"date":"2021-02-12T14:19:05","date_gmt":"2021-02-12T17:19:05","guid":{"rendered":"https:\/\/www.argensend.com\/?post_type=product&#038;p=15890"},"modified":"2024-12-06T15:58:44","modified_gmt":"2024-12-06T18:58:44","slug":"control-fit-plan-de-descenso-x-30-comprimidos","status":"publish","type":"product","link":"https:\/\/www.argensend.com\/en\/product\/control-fit-plan-de-descenso-x-30-comprimidos\/","title":{"rendered":"control Fit &#8211; Plan de Descenso 30 Comprimidos"},"content":{"rendered":"","protected":false},"excerpt":{"rendered":"<p>INFORMACI\u00d3N DEL PRODUCTO<\/p>\n<p>Suplemento dietario pensado para un efectivo plan de descenso de peso combinando selectos componentes con comprobado poder adelgazante y antioxidante.<\/p>\n<p>La garcinia es un arbusto originario del sudeste asi\u00e1tico, muy utilizado en la preparaci\u00f3n del curry. Las propiedades purgantes de su goma o goma-guta son conocidas desde hace varios siglos. En la actualidad, se utiliza sobre todo en el marco del control de peso.<\/p>\n<p>Ideal para controlar el apetito entre horas.<\/p>\n<p>Hace relativamente poco tiempo que se descubri\u00f3 la riqueza de la piel de su fruto en \u00e1cido hidroxic\u00edtrico (A.H.C).<\/p>\n<p>Algunos estudios han demostrado la actuaci\u00f3n del A.H.C en la regulaci\u00f3n del peso corporal y del apetito. Seg\u00fan \u00e9stos, el AHC act\u00faa inhibiendo la producci\u00f3n hep\u00e1tica de la enzima ATP-citrato liasa, que juega un papel clave en la transformaci\u00f3n de los az\u00facares en triglic\u00e9ridos y lipoprote\u00ednas de baja densidad (LDL). De esta forma, produce una ralentizaci\u00f3n de la producci\u00f3n y del almacenamiento de la grasa procedente del metabolismo de las prote\u00ednas y de los az\u00facares.<\/p>\n<p>En definitiva, la garcinia ayuda a controlar la sensaci\u00f3n de hambre y contribuye a reducir el almacenamiento de grasas, contribuyendo as\u00ed a favorecer la regulaci\u00f3n del peso corporal.<\/p>\n<p>DESCRIPCI\u00d3N<\/p>\n<p>Ayuda a reducir el apetito<\/p>\n<p>Ayuda a disminuir la acumulaci\u00f3n de grasa corporal<\/p>\n<p>Aporta nutrientes y energizantes para equilibrar tu plan de descenso de peso<\/p>\n<p>Suplemento dietario<\/p>\n<p>MODO DE USO<\/p>\n<p>Se recomienda tomar 1 c\u00e1psula preferentemente por la ma\u00f1ana con un gran vaso de agua.<\/p>\n<p>COMPOSICI\u00d3N<\/p>\n<p>Garcinia Cambogia: Su riqueza reside en un alto contenido de \u00e1cido hidroxic\u00edtrico (AHC). El AHC inhibe la transformaci\u00f3n de los az\u00facares en triglic\u00e9ridos y lipoprote\u00ednas, impidiendo que metabolices grasas en tu organismo de modo que \u00e9ste se ve obligado a quemar las grasas ya existentes.<\/p>\n<p>Spirulina: Aporta Prote\u00ednas. Ayuda al desarrollo de masa muscular. Esta min\u00fascula alga azul, vive en lagos de agua dulce y c\u00e1lida. Es una fuente de \u00e1cidos grasos esenciales, prote\u00ednas, vitaminas y minerales sobre todo hierro y betacaroteno recomendable en dietas de control de peso hipocal\u00f3ricas. Su riqueza en prote\u00ednas suprime la sensaci\u00f3n de hambre y soportar el esfuerzo f\u00edsico, ideal para las dietas deportivas. Las prote\u00ednas contribuyen adem\u00e1s a conservar y aumentar la masa muscular.<\/p>\n<p>L-Carnitina: Es un amino\u00e1cido crucial en la producci\u00f3n de energ\u00eda al transportar \u00e1cidos grasos a las mitocondrias de las c\u00e9lulas. Las mitocondrias act\u00faan como motores de las c\u00e9lulas, quemando grasas para crear energ\u00eda utilizable, por lo cual, es uno de los suplementos m\u00e1s usados en el \u00e1mbito deportivo y dietas para bajar de peso.<\/p>\n<p>Guaran\u00e1: Control del peso, cansancio. Arbusto originario del Amazonas utilizado por Guaran\u00edes de Uruguay y Paraguay por sus propiedades estimulantes y fortificantes. Con un alto contenido de cafe\u00edna de sus semillas, superior al del caf\u00e9 o el t\u00e9, acelera la \u201ccombusti\u00f3n\u201d de grasas y aumenta el metabolismo de las c\u00e9lulas, favoreciendo la eliminaci\u00f3n de las grasas almacenadas por el organismo combatiendo el cansancio f\u00edsico e intelectual asociados a dietas de control de peso.<\/p>\n<p>Vitamina B12<\/p>\n<p>PRESENTACION<\/p>\n<p>Envases de 30 c\u00e1psulas<\/p>\n<p>&nbsp;<\/p>\n<p>PRODUCT INFORMATION<\/p>\n<p>Dietary supplement designed for an effective weight loss plan combining selected components with proven slimming and antioxidant power.<\/p>\n<p>Garcinia is a shrub native to Southeast Asia, widely used in the preparation of curry. The purgative properties of its gum or gum-guta have been known for centuries. Nowadays, it is mainly used in the context of weight control.<\/p>\n<p>Ideal to control the appetite between meals.<\/p>\n<p>The richness of the skin of its fruit in hydroxycitric acid (H.H.C.A.) was discovered relatively recently.<\/p>\n<p>Some studies have demonstrated the action of H.H.C.A. in the regulation of body weight and appetite. According to these studies, AHC acts by inhibiting the hepatic production of the enzyme ATP-citrate lyase, which plays a key role in the transformation of sugars into triglycerides and low density lipoproteins (LDL). In this way, it slows down the production and storage of fat from the metabolism of proteins and sugars.<\/p>\n<p>In short, garcinia helps to control the sensation of hunger and contributes to reduce fat storage, thus helping to promote the regulation of body weight.<\/p>\n<p>DESCRIPTION<\/p>\n<p>Helps to reduce appetite<\/p>\n<p>Helps to reduce body fat accumulation<\/p>\n<p>Provides nutrients and energizers to balance your weight loss plan.<\/p>\n<p>Dietary supplement<\/p>\n<p>DIRECTIONS FOR USE<\/p>\n<p>It is recommended to take 1 capsule preferably in the morning with a large glass of water.<\/p>\n<p>COMPOSITION<\/p>\n<p>Garcinia Cambogia: Its richness lies in a high content of hydroxycitric acid (AHC). AHC inhibits the transformation of sugars into triglycerides and lipoproteins, preventing you from metabolizing fats in your body so that it is forced to burn existing fats.<\/p>\n<p>Spirulina: Provides proteins. Helps the development of muscle mass. This tiny blue algae lives in fresh and warm water lakes. It is a source of essential fatty acids, proteins, vitamins and minerals, especially iron and beta-carotene, recommended in low-calorie weight control diets. Its richness in proteins suppresses the sensation of hunger and supports physical effort, ideal for sports diets. Proteins also contribute to preserve and increase muscle mass.<\/p>\n<p>L-Carnitine: It is a crucial amino acid in the production of energy by transporting fatty acids to the mitochondria of cells. Mitochondria act as cell engines, burning fat to create usable energy, which is why it is one of the most used supplements in sports and weight loss diets.<\/p>\n<p>Guarana: Weight control, fatigue. Shrub native to the Amazon used by the Guarani of Uruguay and Paraguay for its stimulating and fortifying properties. With a high caffeine content in its seeds, higher than that of coffee or tea, it accelerates the &#8220;combustion&#8221; of fats and increases the metabolism of the cells, favoring the elimination of stored fats by the body, combating physical and intellectual fatigue associated with weight control diets.<\/p>\n<p>Vitamin B12<\/p>\n<p>PRESENTATION<\/p>\n<p>Packages of 30 capsules<\/p>","protected":false},"featured_media":15891,"comment_status":"closed","ping_status":"closed","template":"","meta":{"_acf_changed":false,"om_disable_all_campaigns":false,"_monsterinsights_skip_tracking":false,"_monsterinsights_sitenote_active":false,"_monsterinsights_sitenote_note":"","_monsterinsights_sitenote_category":0},"etheme_brands":[],"product_brand":[],"product_cat":[75,8819],"product_tag":[],"class_list":{"0":"post-15890","1":"product","2":"type-product","3":"status-publish","4":"has-post-thumbnail","6":"product_cat-alimentos","7":"product_cat-farmacia","9":"first","10":"instock","11":"taxable","12":"shipping-taxable","13":"purchasable","14":"product-type-simple"},"acf":[],"aioseo_notices":[],"_links":{"self":[{"href":"https:\/\/www.argensend.com\/en\/wp-json\/wp\/v2\/product\/15890","targetHints":{"allow":["GET"]}}],"collection":[{"href":"https:\/\/www.argensend.com\/en\/wp-json\/wp\/v2\/product"}],"about":[{"href":"https:\/\/www.argensend.com\/en\/wp-json\/wp\/v2\/types\/product"}],"replies":[{"embeddable":true,"href":"https:\/\/www.argensend.com\/en\/wp-json\/wp\/v2\/comments?post=15890"}],"version-history":[{"count":3,"href":"https:\/\/www.argensend.com\/en\/wp-json\/wp\/v2\/product\/15890\/revisions"}],"predecessor-version":[{"id":98807,"href":"https:\/\/www.argensend.com\/en\/wp-json\/wp\/v2\/product\/15890\/revisions\/98807"}],"wp:featuredmedia":[{"embeddable":true,"href":"https:\/\/www.argensend.com\/en\/wp-json\/wp\/v2\/media\/15891"}],"wp:attachment":[{"href":"https:\/\/www.argensend.com\/en\/wp-json\/wp\/v2\/media?parent=15890"}],"wp:term":[{"taxonomy":"brand","embeddable":true,"href":"https:\/\/www.argensend.com\/en\/wp-json\/wp\/v2\/etheme_brands?post=15890"},{"taxonomy":"product_brand","embeddable":true,"href":"https:\/\/www.argensend.com\/en\/wp-json\/wp\/v2\/product_brand?post=15890"},{"taxonomy":"product_cat","embeddable":true,"href":"https:\/\/www.argensend.com\/en\/wp-json\/wp\/v2\/product_cat?post=15890"},{"taxonomy":"product_tag","embeddable":true,"href":"https:\/\/www.argensend.com\/en\/wp-json\/wp\/v2\/product_tag?post=15890"}],"curies":[{"name":"wp","href":"https:\/\/api.w.org\/{rel}","templated":true}]}}