{"id":15896,"date":"2021-02-12T15:01:55","date_gmt":"2021-02-12T18:01:55","guid":{"rendered":"https:\/\/www.argensend.com\/?post_type=product&#038;p=15896"},"modified":"2024-12-06T15:58:44","modified_gmt":"2024-12-06T18:58:44","slug":"pasapalabra-el-nuevo-sinonimo-de-diversion","status":"publish","type":"product","link":"https:\/\/www.argensend.com\/en\/product\/pasapalabra-el-nuevo-sinonimo-de-diversion\/","title":{"rendered":"ToyCo &#8211; Pasapalabra"},"content":{"rendered":"","protected":false},"excerpt":{"rendered":"<p>Por m\u00e1s de 35 a\u00f1os, gente alrededor del mundo disfruto de este espectacular juego. En algunos pa\u00edses ya es considerado un cl\u00e1sico. Parece f\u00e1cil y lo es pero siempre con habilidad y rapidez, trata de llegar al Rosco para poder ganar.<\/p>","protected":false},"featured_media":15897,"comment_status":"closed","ping_status":"closed","template":"","meta":{"_acf_changed":false,"om_disable_all_campaigns":false,"_monsterinsights_skip_tracking":false,"_monsterinsights_sitenote_active":false,"_monsterinsights_sitenote_note":"","_monsterinsights_sitenote_category":0},"etheme_brands":[],"product_brand":[],"product_cat":[2236],"product_tag":[],"class_list":{"0":"post-15896","1":"product","2":"type-product","3":"status-publish","4":"has-post-thumbnail","6":"product_cat-juegos-mesa","8":"first","9":"instock","10":"taxable","11":"shipping-taxable","12":"purchasable","13":"product-type-simple"},"acf":[],"aioseo_notices":[],"_links":{"self":[{"href":"https:\/\/www.argensend.com\/en\/wp-json\/wp\/v2\/product\/15896","targetHints":{"allow":["GET"]}}],"collection":[{"href":"https:\/\/www.argensend.com\/en\/wp-json\/wp\/v2\/product"}],"about":[{"href":"https:\/\/www.argensend.com\/en\/wp-json\/wp\/v2\/types\/product"}],"replies":[{"embeddable":true,"href":"https:\/\/www.argensend.com\/en\/wp-json\/wp\/v2\/comments?post=15896"}],"version-history":[{"count":3,"href":"https:\/\/www.argensend.com\/en\/wp-json\/wp\/v2\/product\/15896\/revisions"}],"predecessor-version":[{"id":115829,"href":"https:\/\/www.argensend.com\/en\/wp-json\/wp\/v2\/product\/15896\/revisions\/115829"}],"wp:featuredmedia":[{"embeddable":true,"href":"https:\/\/www.argensend.com\/en\/wp-json\/wp\/v2\/media\/15897"}],"wp:attachment":[{"href":"https:\/\/www.argensend.com\/en\/wp-json\/wp\/v2\/media?parent=15896"}],"wp:term":[{"taxonomy":"brand","embeddable":true,"href":"https:\/\/www.argensend.com\/en\/wp-json\/wp\/v2\/etheme_brands?post=15896"},{"taxonomy":"product_brand","embeddable":true,"href":"https:\/\/www.argensend.com\/en\/wp-json\/wp\/v2\/product_brand?post=15896"},{"taxonomy":"product_cat","embeddable":true,"href":"https:\/\/www.argensend.com\/en\/wp-json\/wp\/v2\/product_cat?post=15896"},{"taxonomy":"product_tag","embeddable":true,"href":"https:\/\/www.argensend.com\/en\/wp-json\/wp\/v2\/product_tag?post=15896"}],"curies":[{"name":"wp","href":"https:\/\/api.w.org\/{rel}","templated":true}]}}