{"id":15900,"date":"2021-02-12T15:07:28","date_gmt":"2021-02-12T18:07:28","guid":{"rendered":"https:\/\/www.argensend.com\/?post_type=product&#038;p=15900"},"modified":"2024-12-06T15:58:44","modified_gmt":"2024-12-06T18:58:44","slug":"juego-de-mesa-futbol-matic-original-habano","status":"publish","type":"product","link":"https:\/\/www.argensend.com\/en\/product\/juego-de-mesa-futbol-matic-original-habano\/","title":{"rendered":"F\u00fatbol Matic Original &#8211; Habano"},"content":{"rendered":"","protected":false},"excerpt":{"rendered":"<p>\u00bfQu\u00e9 mejor plan para una tarde de lluvia que un juego de mesa? Con el Futbol Matic vas a crear divertidos recuerdos y pasar momentos inolvidables junto a tus amigos y amigas. Con este pasatiempo entretenido las risas est\u00e1n aseguradas. Convert\u00ed un golazo sorteando premios y castigos y demostr\u00e1 todo lo que sabes de Futbol. Contiene 432 preguntas sobre Futbol (Historia &#8211; Jugadores &#8211; Reglamento)<\/p>","protected":false},"featured_media":15902,"comment_status":"closed","ping_status":"closed","template":"","meta":{"_acf_changed":false,"om_disable_all_campaigns":false,"_monsterinsights_skip_tracking":false,"_monsterinsights_sitenote_active":false,"_monsterinsights_sitenote_note":"","_monsterinsights_sitenote_category":0},"etheme_brands":[],"product_brand":[],"product_cat":[2236],"product_tag":[],"class_list":{"0":"post-15900","1":"product","2":"type-product","3":"status-publish","4":"has-post-thumbnail","6":"product_cat-juegos-mesa","8":"first","9":"instock","10":"taxable","11":"shipping-taxable","12":"purchasable","13":"product-type-simple"},"acf":[],"aioseo_notices":[],"_links":{"self":[{"href":"https:\/\/www.argensend.com\/en\/wp-json\/wp\/v2\/product\/15900","targetHints":{"allow":["GET"]}}],"collection":[{"href":"https:\/\/www.argensend.com\/en\/wp-json\/wp\/v2\/product"}],"about":[{"href":"https:\/\/www.argensend.com\/en\/wp-json\/wp\/v2\/types\/product"}],"replies":[{"embeddable":true,"href":"https:\/\/www.argensend.com\/en\/wp-json\/wp\/v2\/comments?post=15900"}],"version-history":[{"count":4,"href":"https:\/\/www.argensend.com\/en\/wp-json\/wp\/v2\/product\/15900\/revisions"}],"predecessor-version":[{"id":115699,"href":"https:\/\/www.argensend.com\/en\/wp-json\/wp\/v2\/product\/15900\/revisions\/115699"}],"wp:featuredmedia":[{"embeddable":true,"href":"https:\/\/www.argensend.com\/en\/wp-json\/wp\/v2\/media\/15902"}],"wp:attachment":[{"href":"https:\/\/www.argensend.com\/en\/wp-json\/wp\/v2\/media?parent=15900"}],"wp:term":[{"taxonomy":"brand","embeddable":true,"href":"https:\/\/www.argensend.com\/en\/wp-json\/wp\/v2\/etheme_brands?post=15900"},{"taxonomy":"product_brand","embeddable":true,"href":"https:\/\/www.argensend.com\/en\/wp-json\/wp\/v2\/product_brand?post=15900"},{"taxonomy":"product_cat","embeddable":true,"href":"https:\/\/www.argensend.com\/en\/wp-json\/wp\/v2\/product_cat?post=15900"},{"taxonomy":"product_tag","embeddable":true,"href":"https:\/\/www.argensend.com\/en\/wp-json\/wp\/v2\/product_tag?post=15900"}],"curies":[{"name":"wp","href":"https:\/\/api.w.org\/{rel}","templated":true}]}}