{"id":16076,"date":"2021-02-16T14:49:06","date_gmt":"2021-02-16T17:49:06","guid":{"rendered":"https:\/\/www.argensend.com\/?post_type=product&#038;p=16076"},"modified":"2024-12-06T15:58:55","modified_gmt":"2024-12-06T18:58:55","slug":"mascarilla-atomprotect-x-10-unidades-conicet","status":"publish","type":"product","link":"https:\/\/www.argensend.com\/en\/product\/mascarilla-atomprotect-x-10-unidades-conicet\/","title":{"rendered":"Mascarilla Atomprotect conicet &#8211; 10 Unidades"},"content":{"rendered":"","protected":false},"excerpt":{"rendered":"<div data-store=\"product-description-54550592\">\n<div class=\"product-description user-content\">\n<p dir=\"ltr\">Mascarillas que eliminan el 99,9% de virus bacterias y hongos.<\/p>\n<p dir=\"ltr\">15 lavados. M\u00e1s all\u00e1 del tiempo entre lavados.<\/p>\n<p dir=\"ltr\">Talle \u00fanico para adultos.<\/p>\n<p dir=\"ltr\">El\u00e1sticos planos o redondos (se entregan seg\u00fan disponibilidad del momento)<\/p>\n<p dir=\"ltr\">Color \u00fanico. Var\u00eda entre tonalidades lilas.<\/p>\n<p dir=\"ltr\">\n<p dir=\"ltr\">Caracter\u00edsticas:<\/p>\n<p dir=\"ltr\">AGENTE GERMICIDAS:\u00a0iones de plata, iones de cobre y cloruro de benzalconio, estos componentes act\u00faan y sanitizante del barbijo mientras es utilizado.<\/p>\n<p dir=\"ltr\">AUTOESTERILIZANTE:\u00a0Por los reactivos utilizados deja est\u00e9ril al barbijo luego de unos minutos, garantiza que la cadena de traspaso no afecte al usuario.<\/p>\n<p dir=\"ltr\">BIOACTIVO:\u00a0Al estar en contacto con la piel y adquirir temperatura corporal es mayor su efectividad.<\/p>\n<p dir=\"ltr\">TRICAPA PROTECCI\u00d3N:<\/p>\n<p dir=\"ltr\">\u00a0\u00a0 \u00a0\u00a0\u00a0\u00a0\u00a0\u00a0\u00a0\u00a0\u00a0\u00a0\u00a0\u00a0\u00a0\u00a0\u00a0\u00a0\u00a0\u00a0\u00a0\u00a0\u00a0\u00a0\u00a0\u00a0\u00a0\u00a0\u00a0\u00a0\u00a0\u00a0\u00a0\u00a0\u00a0\u00a0\u00a0\u00a0\u00a0\u00a01er capa exterior semimpermeable\u00a0para frenar el ingreso de fluidos externos y frenando la salida de los mismos, pero si permite el paso del aire para respirar.<\/p>\n<p dir=\"ltr\">\u00a0\u00a0\u00a0\u00a0\u00a0\u00a0\u00a0\u00a0\u00a0\u00a0\u00a0\u00a0\u00a0\u00a0\u00a0\u00a0\u00a0\u00a0\u00a0\u00a0\u00a0\u00a0\u00a0\u00a0\u00a0\u00a0\u00a0\u00a0\u00a0\u00a0\u00a0\u00a0\u00a0 \u00a0\u00a0\u00a0\u00a0\u00a0\u00a0\u00a02da capa \u00a0Media es la base textil que soporta la primera capa impermeable y est\u00e1 embebida con los sanitizantes.<\/p>\n<p dir=\"ltr\">\u00a0\u00a0\u00a0\u00a0\u00a0\u00a0\u00a0\u00a0\u00a0\u00a0\u00a0\u00a0\u00a0\u00a0\u00a0\u00a0\u00a0\u00a0\u00a0\u00a0\u00a0\u00a0\u00a0\u00a0\u00a0\u00a0\u00a0\u00a0\u00a0\u00a0\u00a0\u00a0\u00a0\u00a0\u00a0\u00a0\u00a0\u00a0 \u00a0 3ra capa final es la base textil que est\u00e1 embebida con los sanitizantes, \u00a0absorbe la humedad del habla y respiraci\u00f3n, \u00a0mientras va destruyendo colonias de g\u00e9rmenes que genera el mismo usuario.<\/p>\n<p dir=\"ltr\">CONFORT Y USO:\u00a0la sensaci\u00f3n al utilizarlo es muy agradable, no condesa humedad ni genera sofocaci\u00f3n. Combate el feo olor del uso.<\/p>\n<p dir=\"ltr\">EL CUIDADO DEL PRODUCTO MUY SENCILLO:\u00a0Lavables de forma muy simple para\u00a0todos, solo agua y jab\u00f3n. Nunca usar cloro.<\/p>\n<p dir=\"ltr\">SANIDAD DEL PRODUCTO:\u00a0al ser utilizado el usuario se garantida tener frente a su v\u00eda respiratoria un producto cuidado, al auto esterilizarse, \u00a0sabe que no contraer\u00e1 ninguna afecci\u00f3n que pueda eventualmente ser transmitida por el contacto con personas en su proceso de producci\u00f3n.<\/p>\n<p dir=\"ltr\">ECONOMIA\/ REUTILIZABLE; \u00a0al reemplazar mucho barbijos descartables la utilizaci\u00f3n de esta soluci\u00f3n ayuda a ahorrar mucho dinero,\u00a0 es importante tener en cuenta que si se detectan casos de coronavirus en una organizaci\u00f3n est\u00e1 obligada a cerrar por lo tanto la utilizaci\u00f3n de estos barbijos ayuda a no tener p\u00e9rdidas econ\u00f3micas severas.<\/p>\n<p dir=\"ltr\">PRESENTACION\u00a0cada barbijo esta envasado de forma individual garantizando la esterilidad de cada uno.<\/p>\n<\/div>\n<\/div>\n<div class=\"social-share\"><\/div>","protected":false},"featured_media":16078,"comment_status":"closed","ping_status":"closed","template":"","meta":{"_acf_changed":false,"om_disable_all_campaigns":false,"_monsterinsights_skip_tracking":false,"_monsterinsights_sitenote_active":false,"_monsterinsights_sitenote_note":"","_monsterinsights_sitenote_category":0},"etheme_brands":[],"product_brand":[],"product_cat":[8819],"product_tag":[],"class_list":{"0":"post-16076","1":"product","2":"type-product","3":"status-publish","4":"has-post-thumbnail","6":"product_cat-farmacia","8":"first","9":"instock","10":"sale","11":"taxable","12":"shipping-taxable","13":"purchasable","14":"product-type-simple"},"acf":[],"aioseo_notices":[],"_links":{"self":[{"href":"https:\/\/www.argensend.com\/en\/wp-json\/wp\/v2\/product\/16076","targetHints":{"allow":["GET"]}}],"collection":[{"href":"https:\/\/www.argensend.com\/en\/wp-json\/wp\/v2\/product"}],"about":[{"href":"https:\/\/www.argensend.com\/en\/wp-json\/wp\/v2\/types\/product"}],"replies":[{"embeddable":true,"href":"https:\/\/www.argensend.com\/en\/wp-json\/wp\/v2\/comments?post=16076"}],"version-history":[{"count":3,"href":"https:\/\/www.argensend.com\/en\/wp-json\/wp\/v2\/product\/16076\/revisions"}],"predecessor-version":[{"id":98819,"href":"https:\/\/www.argensend.com\/en\/wp-json\/wp\/v2\/product\/16076\/revisions\/98819"}],"wp:featuredmedia":[{"embeddable":true,"href":"https:\/\/www.argensend.com\/en\/wp-json\/wp\/v2\/media\/16078"}],"wp:attachment":[{"href":"https:\/\/www.argensend.com\/en\/wp-json\/wp\/v2\/media?parent=16076"}],"wp:term":[{"taxonomy":"brand","embeddable":true,"href":"https:\/\/www.argensend.com\/en\/wp-json\/wp\/v2\/etheme_brands?post=16076"},{"taxonomy":"product_brand","embeddable":true,"href":"https:\/\/www.argensend.com\/en\/wp-json\/wp\/v2\/product_brand?post=16076"},{"taxonomy":"product_cat","embeddable":true,"href":"https:\/\/www.argensend.com\/en\/wp-json\/wp\/v2\/product_cat?post=16076"},{"taxonomy":"product_tag","embeddable":true,"href":"https:\/\/www.argensend.com\/en\/wp-json\/wp\/v2\/product_tag?post=16076"}],"curies":[{"name":"wp","href":"https:\/\/api.w.org\/{rel}","templated":true}]}}