{"id":16407,"date":"2021-02-24T22:28:46","date_gmt":"2021-02-25T01:28:46","guid":{"rendered":"https:\/\/www.argensend.com\/?post_type=product&#038;p=16407"},"modified":"2024-12-06T15:59:10","modified_gmt":"2024-12-06T18:59:10","slug":"locos-x-el-asado-locos-x-el-asado-un-aplauso-para-el-asador","status":"publish","type":"product","link":"https:\/\/www.argensend.com\/en\/product\/locos-x-el-asado-locos-x-el-asado-un-aplauso-para-el-asador\/","title":{"rendered":"Locos el Asado: Locos el Asado: Un Aplauso para el Asador!"},"content":{"rendered":"<div class=\"hd\">\n<h4>Rese\u00f1a del libro\u00a0Locos X El Asado : Un Aplauso Para El Asador<\/h4>\n<\/div>\n<p id=\"ctl00_ContentPlaceHolder1_rptFicha_ctl00_itemPropDescription\" class=\"resenia overflow-text\" data-min-height=\"300\" data-max-height=\"36\">+100 millones de visitas en YouTube, Facebook, Twitter, Instagram y p\u00e1gina web +650 mil seguidores en las redes +3850 kilos de carne asada Decenas y decenas de recetas incre\u00edbles, Y una (1) obsesi\u00f3n&#8230; \u00a1el asado con amigos!<\/p>\n<h4 data-min-height=\"300\" data-max-height=\"36\">EN: Locos X El Asado Book Review: An Applause For The Asador<\/h4>\n<p data-min-height=\"300\" data-max-height=\"36\">+100 million visits on YouTube, Facebook, Twitter, Instagram and website +650 thousand followers on the networks +3,850 kilos of roast meat Dozens and dozens of incredible recipes, AND one (1) obsession &#8230; barbecue with friends !<\/p>","protected":false},"excerpt":{"rendered":"<p>Locos x el Asado \u00a1Un Aplauso para el Asador! (2016)<\/p>\n<p>M\u00e1s de 50 recetas in\u00e9ditas para que prendan el fuego y disfruten con sus seres queridos.<\/p>\n<p><em>EN:<\/em> Locos x el Asado &#8211; Applause for the grill!<\/p>\n<p>More than 50 unpublished recipes for you to light the fire and enjoy with your loved ones.<\/p>","protected":false},"featured_media":16408,"comment_status":"closed","ping_status":"closed","template":"","meta":{"_acf_changed":false,"om_disable_all_campaigns":false,"_monsterinsights_skip_tracking":false,"_monsterinsights_sitenote_active":false,"_monsterinsights_sitenote_note":"","_monsterinsights_sitenote_category":0},"etheme_brands":[],"product_brand":[],"product_cat":[685,9871],"product_tag":[312,755,578,756,754,4866,587,752,753,5000,758,757,3646],"class_list":{"0":"post-16407","1":"product","2":"type-product","3":"status-publish","4":"has-post-thumbnail","6":"product_cat-libros","7":"product_cat-libros-argentinos","8":"product_tag-asado","9":"product_tag-book","10":"product_tag-cocinar","11":"product_tag-cook","12":"product_tag-crazy","13":"product_tag-el","14":"product_tag-grill","15":"product_tag-libro","16":"product_tag-locos","17":"product_tag-por","18":"product_tag-second-edition","19":"product_tag-segunda-edicion","20":"product_tag-x","22":"first","23":"instock","24":"taxable","25":"shipping-taxable","26":"purchasable","27":"product-type-simple"},"acf":[],"aioseo_notices":[],"_links":{"self":[{"href":"https:\/\/www.argensend.com\/en\/wp-json\/wp\/v2\/product\/16407","targetHints":{"allow":["GET"]}}],"collection":[{"href":"https:\/\/www.argensend.com\/en\/wp-json\/wp\/v2\/product"}],"about":[{"href":"https:\/\/www.argensend.com\/en\/wp-json\/wp\/v2\/types\/product"}],"replies":[{"embeddable":true,"href":"https:\/\/www.argensend.com\/en\/wp-json\/wp\/v2\/comments?post=16407"}],"version-history":[{"count":4,"href":"https:\/\/www.argensend.com\/en\/wp-json\/wp\/v2\/product\/16407\/revisions"}],"predecessor-version":[{"id":107335,"href":"https:\/\/www.argensend.com\/en\/wp-json\/wp\/v2\/product\/16407\/revisions\/107335"}],"wp:featuredmedia":[{"embeddable":true,"href":"https:\/\/www.argensend.com\/en\/wp-json\/wp\/v2\/media\/16408"}],"wp:attachment":[{"href":"https:\/\/www.argensend.com\/en\/wp-json\/wp\/v2\/media?parent=16407"}],"wp:term":[{"taxonomy":"brand","embeddable":true,"href":"https:\/\/www.argensend.com\/en\/wp-json\/wp\/v2\/etheme_brands?post=16407"},{"taxonomy":"product_brand","embeddable":true,"href":"https:\/\/www.argensend.com\/en\/wp-json\/wp\/v2\/product_brand?post=16407"},{"taxonomy":"product_cat","embeddable":true,"href":"https:\/\/www.argensend.com\/en\/wp-json\/wp\/v2\/product_cat?post=16407"},{"taxonomy":"product_tag","embeddable":true,"href":"https:\/\/www.argensend.com\/en\/wp-json\/wp\/v2\/product_tag?post=16407"}],"curies":[{"name":"wp","href":"https:\/\/api.w.org\/{rel}","templated":true}]}}