{"id":16440,"date":"2021-02-26T13:21:10","date_gmt":"2021-02-26T16:21:10","guid":{"rendered":"https:\/\/www.argensend.com\/?post_type=product&#038;p=16440"},"modified":"2024-12-06T15:59:11","modified_gmt":"2024-12-06T18:59:11","slug":"crema-ultra-nutritiva-rosa-mosqueta-x-110ml-tortulan","status":"publish","type":"product","link":"https:\/\/www.argensend.com\/en\/product\/crema-ultra-nutritiva-rosa-mosqueta-x-110ml-tortulan\/","title":{"rendered":"Tortulan &#8211; Crema Ultra Nutritiva Rosa Mosqueta 110ml"},"content":{"rendered":"<section class=\"product-description-container\">\n<div class=\"product-description active\">\n<div class=\"productDescription\">\n<section class=\"product-description-container\">\n<div class=\"product-description active\">\n<div class=\"productDescription\"><\/div>\n<div class=\"product-modules\"><\/div>\n<\/div>\n<\/section>\n<section class=\"product-footer\">\n<section class=\"snippets-product\"><\/section>\n<section class=\"related-product\">\n<div class=\"section-container active\"><\/div>\n<\/section>\n<\/section>\n<\/div>\n<div class=\"product-modules\"><\/div>\n<\/div>\n<\/section>\n<section class=\"product-footer\">\n<section class=\"snippets-product\"><\/section>\n<section class=\"related-product\">\n<div class=\"section-container active\"><\/div>\n<\/section>\n<\/section>","protected":false},"excerpt":{"rendered":"<p>El aceite de Rosa Mosqueta, se incorpora a la crema Ultra Nutritiva Tortulan\u00ae para proporcionar acciones emolientes y anti-irritantes, actuando frente a factores agresivos como el viento, fr\u00edo en invierno y los da\u00f1inos rayos ultravioletas del verano. Sus principios activos son sustancias astringentes, taninos espec\u00edficos, precursores de Vitamina A como regeneradores de la piel y un alto contenido de triglic\u00e9ridos esenciales, conocidos como Vitamina F, cuya ausencia provoca envejecimiento acelerado y su presencia, reconstituci\u00f3n de los tejidos celulares da\u00f1ados.<\/p>\n<p>&nbsp;<\/p>\n<p>Rosehip oil is incorporated into Tortulan\u00ae Ultra Nourishing Cream to provide emollient and anti-irritant actions, acting against aggressive factors such as wind, cold in winter and the harmful ultraviolet rays of summer. Its active ingredients are astringent substances, specific tannins, Vitamin A precursors as skin regenerators and a high content of essential triglycerides, known as Vitamin F, whose absence causes accelerated aging and its presence, reconstitution of damaged cellular tissues.<\/p>","protected":false},"featured_media":16423,"comment_status":"closed","ping_status":"closed","template":"","meta":{"_acf_changed":false,"om_disable_all_campaigns":false,"_monsterinsights_skip_tracking":false,"_monsterinsights_sitenote_active":false,"_monsterinsights_sitenote_note":"","_monsterinsights_sitenote_category":0},"etheme_brands":[],"product_brand":[],"product_cat":[8819],"product_tag":[456,464,467,466,465],"class_list":{"0":"post-16440","1":"product","2":"type-product","3":"status-publish","4":"has-post-thumbnail","6":"product_cat-farmacia","7":"product_tag-crema","8":"product_tag-crema-dermaglos","9":"product_tag-crema-en-pote","10":"product_tag-crema-facial","11":"product_tag-dermaglos","13":"first","14":"instock","15":"taxable","16":"shipping-taxable","17":"purchasable","18":"product-type-simple"},"acf":[],"aioseo_notices":[],"_links":{"self":[{"href":"https:\/\/www.argensend.com\/en\/wp-json\/wp\/v2\/product\/16440","targetHints":{"allow":["GET"]}}],"collection":[{"href":"https:\/\/www.argensend.com\/en\/wp-json\/wp\/v2\/product"}],"about":[{"href":"https:\/\/www.argensend.com\/en\/wp-json\/wp\/v2\/types\/product"}],"replies":[{"embeddable":true,"href":"https:\/\/www.argensend.com\/en\/wp-json\/wp\/v2\/comments?post=16440"}],"version-history":[{"count":4,"href":"https:\/\/www.argensend.com\/en\/wp-json\/wp\/v2\/product\/16440\/revisions"}],"predecessor-version":[{"id":98851,"href":"https:\/\/www.argensend.com\/en\/wp-json\/wp\/v2\/product\/16440\/revisions\/98851"}],"wp:featuredmedia":[{"embeddable":true,"href":"https:\/\/www.argensend.com\/en\/wp-json\/wp\/v2\/media\/16423"}],"wp:attachment":[{"href":"https:\/\/www.argensend.com\/en\/wp-json\/wp\/v2\/media?parent=16440"}],"wp:term":[{"taxonomy":"brand","embeddable":true,"href":"https:\/\/www.argensend.com\/en\/wp-json\/wp\/v2\/etheme_brands?post=16440"},{"taxonomy":"product_brand","embeddable":true,"href":"https:\/\/www.argensend.com\/en\/wp-json\/wp\/v2\/product_brand?post=16440"},{"taxonomy":"product_cat","embeddable":true,"href":"https:\/\/www.argensend.com\/en\/wp-json\/wp\/v2\/product_cat?post=16440"},{"taxonomy":"product_tag","embeddable":true,"href":"https:\/\/www.argensend.com\/en\/wp-json\/wp\/v2\/product_tag?post=16440"}],"curies":[{"name":"wp","href":"https:\/\/api.w.org\/{rel}","templated":true}]}}