{"id":16441,"date":"2021-02-26T13:25:42","date_gmt":"2021-02-26T16:25:42","guid":{"rendered":"https:\/\/www.argensend.com\/?post_type=product&#038;p=16441"},"modified":"2024-12-06T15:59:11","modified_gmt":"2024-12-06T18:59:11","slug":"crema-hidratante-con-acido-hialuronico-sin-tacc-x-80gr","status":"publish","type":"product","link":"https:\/\/www.argensend.com\/en\/product\/crema-hidratante-con-acido-hialuronico-sin-tacc-x-80gr\/","title":{"rendered":"Tortulan &#8211; Crema Hidratante con Acido Hialuronico 80gr"},"content":{"rendered":"<section class=\"product-description-container\">\n<div class=\"product-description active\">\n<div class=\"productDescription\">\n<section class=\"product-description-container\">\n<div class=\"product-description active\">\n<div class=\"productDescription\"><\/div>\n<div class=\"product-modules\"><\/div>\n<\/div>\n<\/section>\n<section class=\"product-footer\">\n<section class=\"snippets-product\"><\/section>\n<section class=\"related-product\">\n<div class=\"section-container active\"><\/div>\n<\/section>\n<\/section>\n<\/div>\n<div class=\"product-modules\"><\/div>\n<\/div>\n<\/section>\n<section class=\"product-footer\">\n<section class=\"snippets-product\"><\/section>\n<section class=\"related-product\">\n<div class=\"section-container active\"><\/div>\n<\/section>\n<\/section>","protected":false},"excerpt":{"rendered":"<p>Nuestra Crema Hidratante con \u00c1cido Hialur\u00f3nico Tortulan\u00ae es una crema ultra ligera, de toque liviano y r\u00e1pida absorci\u00f3n que logr\u00f3 mejorar significativamente la humectaci\u00f3n de la piel gracias a su completa f\u00f3rmula con \u00e1cido hialur\u00f3nico, coenzima Q10 y emolientes. Este producto ha sido elaborado bajo estrictas normas de calidad para asegurar un contenido libre de gluten, de manera que las personas con intolerancia conocida a este ingrediente pueden aplicarse el producto sin riesgos de contaminaci\u00f3n a trav\u00e9s de las manos (ingesti\u00f3n accidental y\/o contaminaci\u00f3n de alimentos o utensilios que se tocan con las manos sin lavar). Al igual que todos los productos de la l\u00ednea Tortulan\u00ae este producto fue desarrollado sin lastimar ning\u00fan animal, por eso tenemos el reconocimiento de PeTA (People for the Ethical Treatment of Animals) y podemos identificar nuestros productos con el logo Cruelty Free.<\/p>\n<p>&nbsp;<\/p>\n<p>Our Tortulan\u00ae Moisturizing Cream with Hyaluronic Acid is an ultra-light, light touch and fast absorbing cream that significantly improves skin moisturization thanks to its complete formula with hyaluronic acid, coenzyme Q10 and emollients. This product has been developed under strict quality standards to ensure a gluten-free content, so that people with known intolerance to this ingredient can apply the product without risk of contamination through the hands (accidental ingestion and\/or contamination of food or utensils touched with unwashed hands). Like all products in the Tortulan\u00ae line, this product was developed without harming any animals, which is why we are recognized by PeTA (People for the Ethical Treatment of Animals) and can identify our products with the Cruelty Free logo.<\/p>","protected":false},"featured_media":16435,"comment_status":"closed","ping_status":"closed","template":"","meta":{"_acf_changed":false,"om_disable_all_campaigns":false,"_monsterinsights_skip_tracking":false,"_monsterinsights_sitenote_active":false,"_monsterinsights_sitenote_note":"","_monsterinsights_sitenote_category":0},"etheme_brands":[],"product_brand":[],"product_cat":[8819,8802],"product_tag":[456,464,467,466,465],"class_list":{"0":"post-16441","1":"product","2":"type-product","3":"status-publish","4":"has-post-thumbnail","6":"product_cat-farmacia","7":"product_cat-salud-y-belleza-sin-tacc","8":"product_tag-crema","9":"product_tag-crema-dermaglos","10":"product_tag-crema-en-pote","11":"product_tag-crema-facial","12":"product_tag-dermaglos","14":"first","15":"instock","16":"taxable","17":"shipping-taxable","18":"purchasable","19":"product-type-simple"},"acf":[],"aioseo_notices":[],"_links":{"self":[{"href":"https:\/\/www.argensend.com\/en\/wp-json\/wp\/v2\/product\/16441","targetHints":{"allow":["GET"]}}],"collection":[{"href":"https:\/\/www.argensend.com\/en\/wp-json\/wp\/v2\/product"}],"about":[{"href":"https:\/\/www.argensend.com\/en\/wp-json\/wp\/v2\/types\/product"}],"replies":[{"embeddable":true,"href":"https:\/\/www.argensend.com\/en\/wp-json\/wp\/v2\/comments?post=16441"}],"version-history":[{"count":3,"href":"https:\/\/www.argensend.com\/en\/wp-json\/wp\/v2\/product\/16441\/revisions"}],"predecessor-version":[{"id":98852,"href":"https:\/\/www.argensend.com\/en\/wp-json\/wp\/v2\/product\/16441\/revisions\/98852"}],"wp:featuredmedia":[{"embeddable":true,"href":"https:\/\/www.argensend.com\/en\/wp-json\/wp\/v2\/media\/16435"}],"wp:attachment":[{"href":"https:\/\/www.argensend.com\/en\/wp-json\/wp\/v2\/media?parent=16441"}],"wp:term":[{"taxonomy":"brand","embeddable":true,"href":"https:\/\/www.argensend.com\/en\/wp-json\/wp\/v2\/etheme_brands?post=16441"},{"taxonomy":"product_brand","embeddable":true,"href":"https:\/\/www.argensend.com\/en\/wp-json\/wp\/v2\/product_brand?post=16441"},{"taxonomy":"product_cat","embeddable":true,"href":"https:\/\/www.argensend.com\/en\/wp-json\/wp\/v2\/product_cat?post=16441"},{"taxonomy":"product_tag","embeddable":true,"href":"https:\/\/www.argensend.com\/en\/wp-json\/wp\/v2\/product_tag?post=16441"}],"curies":[{"name":"wp","href":"https:\/\/api.w.org\/{rel}","templated":true}]}}