{"id":16442,"date":"2021-02-26T13:28:05","date_gmt":"2021-02-26T16:28:05","guid":{"rendered":"https:\/\/www.argensend.com\/?post_type=product&#038;p=16442"},"modified":"2024-12-06T15:59:11","modified_gmt":"2024-12-06T18:59:11","slug":"crema-hidratante-con-filtro-solar-x-110-ml-tortulan","status":"publish","type":"product","link":"https:\/\/www.argensend.com\/en\/product\/crema-hidratante-con-filtro-solar-x-110-ml-tortulan\/","title":{"rendered":"Tortulan &#8211; Crema Hidratante con Filtro Solar 110ml"},"content":{"rendered":"<section class=\"product-description-container\">\n<div class=\"product-description active\">\n<div class=\"productDescription\">\n<section class=\"product-description-container\">\n<div class=\"product-description active\">\n<div class=\"productDescription\"><\/div>\n<div class=\"product-modules\"><\/div>\n<\/div>\n<\/section>\n<section class=\"product-footer\">\n<section class=\"snippets-product\"><\/section>\n<section class=\"related-product\">\n<div class=\"section-container active\"><\/div>\n<\/section>\n<\/section>\n<\/div>\n<div class=\"product-modules\"><\/div>\n<\/div>\n<\/section>\n<section class=\"product-footer\">\n<section class=\"snippets-product\"><\/section>\n<section class=\"related-product\">\n<div class=\"section-container active\"><\/div>\n<\/section>\n<\/section>","protected":false},"excerpt":{"rendered":"<p>La Crema Hidratante D\u00eda de Tortulan\u00ae contribuye al cuidado diario de la piel manteniendo y mejorando visiblemente el nivel de hidrataci\u00f3n hasta 24 horas despu\u00e9s de la aplicaci\u00f3n. Su f\u00f3rmula liviana y de r\u00e1pida absorci\u00f3n es apta para todo tipo de piel.<\/p>\n<p>&nbsp;<\/p>\n<p>Tortulan\u00ae Moisturizing Day Cream contributes to daily skin care by maintaining and visibly improving the skin&#8217;s moisture level for up to 24 hours after application. Its light and fast-absorbing formula is suitable for all skin types.<\/p>","protected":false},"featured_media":16427,"comment_status":"closed","ping_status":"closed","template":"","meta":{"_acf_changed":false,"om_disable_all_campaigns":false,"_monsterinsights_skip_tracking":false,"_monsterinsights_sitenote_active":false,"_monsterinsights_sitenote_note":"","_monsterinsights_sitenote_category":0},"etheme_brands":[],"product_brand":[],"product_cat":[8819],"product_tag":[456,464,467,466,465],"class_list":{"0":"post-16442","1":"product","2":"type-product","3":"status-publish","4":"has-post-thumbnail","6":"product_cat-farmacia","7":"product_tag-crema","8":"product_tag-crema-dermaglos","9":"product_tag-crema-en-pote","10":"product_tag-crema-facial","11":"product_tag-dermaglos","13":"first","14":"instock","15":"taxable","16":"shipping-taxable","17":"purchasable","18":"product-type-simple"},"acf":[],"aioseo_notices":[],"_links":{"self":[{"href":"https:\/\/www.argensend.com\/en\/wp-json\/wp\/v2\/product\/16442","targetHints":{"allow":["GET"]}}],"collection":[{"href":"https:\/\/www.argensend.com\/en\/wp-json\/wp\/v2\/product"}],"about":[{"href":"https:\/\/www.argensend.com\/en\/wp-json\/wp\/v2\/types\/product"}],"replies":[{"embeddable":true,"href":"https:\/\/www.argensend.com\/en\/wp-json\/wp\/v2\/comments?post=16442"}],"version-history":[{"count":4,"href":"https:\/\/www.argensend.com\/en\/wp-json\/wp\/v2\/product\/16442\/revisions"}],"predecessor-version":[{"id":98853,"href":"https:\/\/www.argensend.com\/en\/wp-json\/wp\/v2\/product\/16442\/revisions\/98853"}],"wp:featuredmedia":[{"embeddable":true,"href":"https:\/\/www.argensend.com\/en\/wp-json\/wp\/v2\/media\/16427"}],"wp:attachment":[{"href":"https:\/\/www.argensend.com\/en\/wp-json\/wp\/v2\/media?parent=16442"}],"wp:term":[{"taxonomy":"brand","embeddable":true,"href":"https:\/\/www.argensend.com\/en\/wp-json\/wp\/v2\/etheme_brands?post=16442"},{"taxonomy":"product_brand","embeddable":true,"href":"https:\/\/www.argensend.com\/en\/wp-json\/wp\/v2\/product_brand?post=16442"},{"taxonomy":"product_cat","embeddable":true,"href":"https:\/\/www.argensend.com\/en\/wp-json\/wp\/v2\/product_cat?post=16442"},{"taxonomy":"product_tag","embeddable":true,"href":"https:\/\/www.argensend.com\/en\/wp-json\/wp\/v2\/product_tag?post=16442"}],"curies":[{"name":"wp","href":"https:\/\/api.w.org\/{rel}","templated":true}]}}