{"id":16444,"date":"2021-02-26T13:32:27","date_gmt":"2021-02-26T16:32:27","guid":{"rendered":"https:\/\/www.argensend.com\/?post_type=product&#038;p=16444"},"modified":"2024-12-06T15:59:11","modified_gmt":"2024-12-06T18:59:11","slug":"anti-arrugas-c-triple-acido-de-frutas-x-110-ml-tortulan-copia","status":"publish","type":"product","link":"https:\/\/www.argensend.com\/en\/product\/anti-arrugas-c-triple-acido-de-frutas-x-110-ml-tortulan-copia\/","title":{"rendered":"Tortulan &#8211; Anti-Arrugas con Vitamina C y Retinol 110ml"},"content":{"rendered":"<section class=\"product-description-container\">\n<div class=\"product-description active\">\n<div class=\"productDescription\">\n<section class=\"product-description-container\">\n<div class=\"product-description active\">\n<div class=\"productDescription\"><\/div>\n<div class=\"product-modules\"><\/div>\n<\/div>\n<\/section>\n<section class=\"product-footer\">\n<section class=\"snippets-product\"><\/section>\n<section class=\"related-product\">\n<div class=\"section-container active\"><\/div>\n<\/section>\n<\/section>\n<\/div>\n<div class=\"product-modules\"><\/div>\n<\/div>\n<\/section>\n<section class=\"product-footer\">\n<section class=\"snippets-product\"><\/section>\n<section class=\"related-product\">\n<div class=\"section-container active\"><\/div>\n<\/section>\n<\/section>","protected":false},"excerpt":{"rendered":"<p>Las agresiones externas y el estr\u00e9s de la vida cotidiana alteran el equilibrio natural de la piel, provocando su deshidrataci\u00f3n y envejecimiento prematuro. La acci\u00f3n conjunta de la Vitamina C y el Retinol contribuye en la neutralizaci\u00f3n del efecto de los radicales libres -principal causa del envejecimiento prematuro de la piel-, ayudando en la activaci\u00f3n de protecci\u00f3n natural para conservar una piel joven y radiante.<\/p>\n<p>&nbsp;<\/p>\n<p>External aggressions and the stress of everyday life alter the natural balance of the skin, causing dehydration and premature aging. The combined action of Vitamin C and Retinol contributes to neutralize the effect of free radicals &#8211; the main cause of premature skin aging &#8211; helping to activate natural protection to keep skin young and radiant.<\/p>","protected":false},"featured_media":16430,"comment_status":"closed","ping_status":"closed","template":"","meta":{"_acf_changed":false,"om_disable_all_campaigns":false,"_monsterinsights_skip_tracking":false,"_monsterinsights_sitenote_active":false,"_monsterinsights_sitenote_note":"","_monsterinsights_sitenote_category":0},"etheme_brands":[],"product_brand":[],"product_cat":[8819],"product_tag":[456,464,467,466,465],"class_list":{"0":"post-16444","1":"product","2":"type-product","3":"status-publish","4":"has-post-thumbnail","6":"product_cat-farmacia","7":"product_tag-crema","8":"product_tag-crema-dermaglos","9":"product_tag-crema-en-pote","10":"product_tag-crema-facial","11":"product_tag-dermaglos","13":"first","14":"instock","15":"taxable","16":"shipping-taxable","17":"purchasable","18":"product-type-simple"},"acf":[],"aioseo_notices":[],"_links":{"self":[{"href":"https:\/\/www.argensend.com\/en\/wp-json\/wp\/v2\/product\/16444","targetHints":{"allow":["GET"]}}],"collection":[{"href":"https:\/\/www.argensend.com\/en\/wp-json\/wp\/v2\/product"}],"about":[{"href":"https:\/\/www.argensend.com\/en\/wp-json\/wp\/v2\/types\/product"}],"replies":[{"embeddable":true,"href":"https:\/\/www.argensend.com\/en\/wp-json\/wp\/v2\/comments?post=16444"}],"version-history":[{"count":5,"href":"https:\/\/www.argensend.com\/en\/wp-json\/wp\/v2\/product\/16444\/revisions"}],"predecessor-version":[{"id":98855,"href":"https:\/\/www.argensend.com\/en\/wp-json\/wp\/v2\/product\/16444\/revisions\/98855"}],"wp:featuredmedia":[{"embeddable":true,"href":"https:\/\/www.argensend.com\/en\/wp-json\/wp\/v2\/media\/16430"}],"wp:attachment":[{"href":"https:\/\/www.argensend.com\/en\/wp-json\/wp\/v2\/media?parent=16444"}],"wp:term":[{"taxonomy":"brand","embeddable":true,"href":"https:\/\/www.argensend.com\/en\/wp-json\/wp\/v2\/etheme_brands?post=16444"},{"taxonomy":"product_brand","embeddable":true,"href":"https:\/\/www.argensend.com\/en\/wp-json\/wp\/v2\/product_brand?post=16444"},{"taxonomy":"product_cat","embeddable":true,"href":"https:\/\/www.argensend.com\/en\/wp-json\/wp\/v2\/product_cat?post=16444"},{"taxonomy":"product_tag","embeddable":true,"href":"https:\/\/www.argensend.com\/en\/wp-json\/wp\/v2\/product_tag?post=16444"}],"curies":[{"name":"wp","href":"https:\/\/api.w.org\/{rel}","templated":true}]}}