{"id":16471,"date":"2022-10-23T16:33:34","date_gmt":"2022-10-23T19:33:34","guid":{"rendered":"https:\/\/www.argensend.com\/?post_type=product&#038;p=16471"},"modified":"2026-01-06T18:05:11","modified_gmt":"2026-01-06T21:05:11","slug":"quilmes-cerveza-sixpack-degustacion-tasting-sixpack","status":"publish","type":"product","link":"https:\/\/www.argensend.com\/en\/product\/quilmes-cerveza-sixpack-degustacion-tasting-sixpack\/","title":{"rendered":"Quilmes &#8211; Cerveza Pack Degustaci\u00f3n"},"content":{"rendered":"<p><strong>Quilmes Rubia Cl\u00e1sica:<\/strong> Es una t\u00edpica cerveza lager perfectamente equilibrada, transparente dorada, buen nivel de espuma y sabor. Para hacerla utilizamos s\u00f3lo ingredientes naturales que crecen en los campos de Argentina. Se puede combinar a la perfecci\u00f3n con platos como: Pizza de Muzzarella, Milanesas con Papas Fritas y Rabas. <span class=\"text\">Graduaci\u00f3n Alcoh\u00f3lica 4,9% \u2013 Amargor 15 \u2013 T\u00e9mperatura Ideal 3<\/span><span class=\"num\">\u00b0.<\/span><\/p>\n<p><strong>Quilmes Doble Malta:<\/strong> El suelo de nuestra querida Argentina esta vez nos regala dos tipos de maltas, Pilsen y Carapils, que le dan vida a esta Quilmes Doble Malta. Juntas, hacen que esta cerveza tenga doble sabor, un cuerpo m\u00e1s intenso y una espuma m\u00e1s persistente. Elegante por donde se la mire, tiene notas de cereal, leve dulzor y un amargor que contrarresta y balancea su perfil. Es nuestro orgullo. Disfrutala el doble<span class=\"num\">.<\/span><\/p>\n<p><strong>Quilmes Stout:<\/strong> Cerveza negra de color marr\u00f3n oscuro, de cuerpo y espuma cremosa. Tiene un intenso aroma torrado y un leve amargor en paladar que se compensa con el sabor dulce de sus notas de chocolate y caf\u00e9, provenientes del golpe de fuego que recibe la malta al momento de ser tostada. Se puede combinar a la perfecci\u00f3n con platos como: Bondiola de Cerdo con Salsa Agridulce, Fugazzeta Rellena.\u00a0<span class=\"text\">Graduaci\u00f3n Alcoh\u00f3lica 5% \u2013 Amargor 15 \u2013 T\u00e9mperatura Ideal 7<\/span><span class=\"num\">\u00b0.<\/span><\/p>\n<p><strong>Quilmes Red Lager:<\/strong> Cerveza de cuerpo medio, color cobrizo y acaramelada. Esta variedad debe sus caracter\u00edsticas al particular proceso de caramelizaci\u00f3n de las maltas con las que se elabora. Se puede combinar a la perfecci\u00f3n con platos como: Choripan, Carnes Rojas, Morr\u00f3n con Huevo o Tostado de Jam\u00f3n y Queso.\u00a0<span class=\"text\">Graduaci\u00f3n Alcoh\u00f3lica 4,9% \u2013 Amargor IBU 16,5 \u2013 T\u00e9mperatura Ideal 4<\/span><span class=\"num\">\u00b0.<\/span><\/p>\n<p><strong>Quilmes Bock:<\/strong> Cerveza de cuerpo robusto y sabor acaramelado. Su intenso amargor es por su alta cantidad de l\u00fapulo y su color oscuro borravino provienen de las tres variedades de malta con las que se elabora. Se puede combinar a la perfecci\u00f3n con platos como: Choripan, Morr\u00f3n con Huevo y Picada de Asado. <span class=\"text\">Graduaci\u00f3n Alcoh\u00f3lica 46,3% \u2013 Amargor 19 \u2013 T\u00e9mperatura Ideal 5<\/span>\u00b0.<\/p>\n<p><strong>Quilmes 0%:<\/strong> Cerveza lager refrescante, ligera y sin alcohol. A trav\u00e9s de un proceso de fermentaci\u00f3n en fr\u00edo se obtienen las mismas caracter\u00edsticas de la Quilmes Cl\u00e1sica pero sin alcohol. Logrando una cerveza igual de rica con la mitad de calor\u00edas. Se puede combinar a la perfecci\u00f3n con platos como:\u00a0<span class=\"text\">Graduaci\u00f3n Alcoh\u00f3lica 00,0% \u2013 Amargor 15 \u2013 T\u00e9mperatura Ideal 3<\/span>\u00b0.<\/p>\n<p><b>Quilmes IPA: <\/b>Una cerveza dorada con tonos cobrizos, brillante y con espuma persistente, 100% malta. En su aroma predomina el herbal del l\u00fapulo, con notas a cereal y malta, y posee alcohol y cuerpo medio, con dejo amargo moderado.<\/p>\n<p><span data-huuid=\"4802781783793380390\"><b>Quilmes 1890:<\/b> Es una cerveza rubia, de color dorado, elaborada con maltas caramelizadas que le dan un sabor intenso y cuerpo. <\/span><span data-huuid=\"4802781783793378589\">Es una lager rubia con 4.9% de alcohol, conocida por su sabor fresco y refrescante.\u00a0<\/span><span data-huuid=\"4802781783793380884\">Se elabora con agua pura de la Patagonia, cebada malteada de primera calidad y l\u00fapulos cuidadosamente seleccionados<\/span><\/p>","protected":false},"excerpt":{"rendered":"<p>Degustaci\u00f3n de 6 variedades de Cerveza Quilmes en base a stock disponible: Rubia Cl\u00e1sica, Doble Malta, Stout, Red Lager, Bock, 0% Sin Alcohol, 1890. 1 lata por sabor.<\/p>","protected":false},"featured_media":90336,"comment_status":"closed","ping_status":"closed","template":"","meta":{"_acf_changed":false,"om_disable_all_campaigns":false,"_monsterinsights_skip_tracking":false,"_monsterinsights_sitenote_active":false,"_monsterinsights_sitenote_note":"","_monsterinsights_sitenote_category":0,"jetpack_post_was_ever_published":false},"etheme_brands":[],"product_brand":[],"product_cat":[85,2141],"product_tag":[401,203,234,716,397,731,733,717,718,395,720,744,759,732,726,349,727,396,724,719,723,722,728,760],"class_list":{"0":"post-16471","1":"product","2":"type-product","3":"status-publish","4":"has-post-thumbnail","6":"product_cat-bebidas","7":"product_cat-cervezas","8":"product_tag-alcohol","9":"product_tag-argentina","10":"product_tag-argentine","11":"product_tag-beer","12":"product_tag-birra","13":"product_tag-blonde","14":"product_tag-bock","15":"product_tag-can","16":"product_tag-cebada","17":"product_tag-cerveza","18":"product_tag-clasica","19":"product_tag-classic","20":"product_tag-degustacion","21":"product_tag-gold","22":"product_tag-lager","23":"product_tag-lata","24":"product_tag-pack","25":"product_tag-quilmes","26":"product_tag-red","27":"product_tag-rubia","28":"product_tag-seis","29":"product_tag-six","30":"product_tag-stout","31":"product_tag-tasting","33":"first","34":"instock","35":"featured","36":"taxable","37":"shipping-taxable","38":"purchasable","39":"product-type-simple"},"acf":[],"aioseo_notices":[],"jetpack_sharing_enabled":true,"_links":{"self":[{"href":"https:\/\/www.argensend.com\/en\/wp-json\/wp\/v2\/product\/16471","targetHints":{"allow":["GET"]}}],"collection":[{"href":"https:\/\/www.argensend.com\/en\/wp-json\/wp\/v2\/product"}],"about":[{"href":"https:\/\/www.argensend.com\/en\/wp-json\/wp\/v2\/types\/product"}],"replies":[{"embeddable":true,"href":"https:\/\/www.argensend.com\/en\/wp-json\/wp\/v2\/comments?post=16471"}],"version-history":[{"count":7,"href":"https:\/\/www.argensend.com\/en\/wp-json\/wp\/v2\/product\/16471\/revisions"}],"predecessor-version":[{"id":120809,"href":"https:\/\/www.argensend.com\/en\/wp-json\/wp\/v2\/product\/16471\/revisions\/120809"}],"wp:featuredmedia":[{"embeddable":true,"href":"https:\/\/www.argensend.com\/en\/wp-json\/wp\/v2\/media\/90336"}],"wp:attachment":[{"href":"https:\/\/www.argensend.com\/en\/wp-json\/wp\/v2\/media?parent=16471"}],"wp:term":[{"taxonomy":"brand","embeddable":true,"href":"https:\/\/www.argensend.com\/en\/wp-json\/wp\/v2\/etheme_brands?post=16471"},{"taxonomy":"product_brand","embeddable":true,"href":"https:\/\/www.argensend.com\/en\/wp-json\/wp\/v2\/product_brand?post=16471"},{"taxonomy":"product_cat","embeddable":true,"href":"https:\/\/www.argensend.com\/en\/wp-json\/wp\/v2\/product_cat?post=16471"},{"taxonomy":"product_tag","embeddable":true,"href":"https:\/\/www.argensend.com\/en\/wp-json\/wp\/v2\/product_tag?post=16471"}],"curies":[{"name":"wp","href":"https:\/\/api.w.org\/{rel}","templated":true}]}}