{"id":16877,"date":"2021-03-08T15:07:51","date_gmt":"2021-03-08T18:07:51","guid":{"rendered":"https:\/\/www.argensend.com\/?post_type=product&#038;p=16877"},"modified":"2025-04-21T17:05:13","modified_gmt":"2025-04-21T20:05:13","slug":"sal-marina-entrefina-liberato-con-especias-250gr","status":"publish","type":"product","link":"https:\/\/www.argensend.com\/en\/product\/sal-marina-entrefina-liberato-con-especias-250gr\/","title":{"rendered":"Sal Marina Entrefina Liberato con Especias 250gr"},"content":{"rendered":"<p>INGREDIENTES: Sal entrefina enriquecida con Yodo para uso alimentario humano seg\u00fan Ley Nac. N\u00b0 17.259. Sin conservantes, Aj\u00ed molido, pimienta blanca molida, ajo deshidratado en polvo, or\u00e9gano deshidratado, antihumectante (fosfato tric\u00e1lcico).<br \/>\nMantener en un lugar fresco y seco, en su propio envase o en recipiente herm\u00e9tico.<br \/>\nTratar con cuidado, proteger de la luz y del calor.<br \/>\n<em>EN:<\/em> INGREDIENTS: Salt enriched with iodine for human food use according to National Law No. 17.259. No preservatives, ground chili, ground white pepper, dehydrated garlic powder, dehydrated oregano, antihumectant (tricalcium phosphate).<br \/>\nKeep in a cool and dry place, in its own container or in airtight container.<br \/>\nHandle with care, protect from light and heat.<\/p>","protected":false},"excerpt":{"rendered":"<p>La alta calidad de nuestra sal del Mediterr\u00e1neo se debe a la pureza de los cristales de sal que se obtienen del agua de mar, evaporados naturalmente por el viento y el sol en un \u00e1rea de conservaci\u00f3n natural de gran valor ecol\u00f3gico, en la Reserva Natural del Delta del R\u00edo Ebro, en la costa del Mediterr\u00e1neo de Espa\u00f1a. La sal marina Liberato es un producto 100% natural que se obtiene de un proceso en el que intervienen principalmente el mar, el sol y el viento. Su producci\u00f3n no requiere un elevado consumo el\u00e9ctrico. Es por tanto una producci\u00f3n limpia, respetuosa del medio ambiente y no contaminante.<\/p>\n<p><em>EN:<\/em> The high quality of our Mediterranean salt is due to the purity of the salt crystals obtained from sea water, naturally evaporated by the wind and the sun in a natural conservation area of great ecological value, in the Natural Reserve of the Ebro River Delta, on the Mediterranean coast of Spain. Liberato sea salt is a 100% natural product that is obtained from a process in which the sea, the sun and the wind mainly intervene. Its production does not require high electricity consumption. It is therefore a clean, environmentally friendly and non-polluting production.<\/p>","protected":false},"featured_media":16875,"comment_status":"closed","ping_status":"closed","template":"","meta":{"_acf_changed":false,"om_disable_all_campaigns":false,"_monsterinsights_skip_tracking":false,"_monsterinsights_sitenote_active":false,"_monsterinsights_sitenote_note":"","_monsterinsights_sitenote_category":0},"etheme_brands":[],"product_brand":[],"product_cat":[3868,2130],"product_tag":[1831,1830,776,778,775,780,781,1650,779,777,773,1829,1828,774],"class_list":{"0":"post-16877","1":"product","2":"type-product","3":"status-publish","4":"has-post-thumbnail","6":"product_cat-exclusivos","7":"product_cat-sal-especias","8":"product_tag-1831","9":"product_tag-25-de-mayo","10":"product_tag-aji-molido","11":"product_tag-ajo","12":"product_tag-especias","13":"product_tag-marina","14":"product_tag-marine","15":"product_tag-mayo","16":"product_tag-oregano","17":"product_tag-pimienta","18":"product_tag-sal","19":"product_tag-semana-de-mayo","20":"product_tag-semana-especial","21":"product_tag-yodada","23":"first","24":"instock","25":"sale","26":"taxable","27":"shipping-taxable","28":"purchasable","29":"product-type-simple"},"acf":[],"aioseo_notices":[],"_links":{"self":[{"href":"https:\/\/www.argensend.com\/en\/wp-json\/wp\/v2\/product\/16877","targetHints":{"allow":["GET"]}}],"collection":[{"href":"https:\/\/www.argensend.com\/en\/wp-json\/wp\/v2\/product"}],"about":[{"href":"https:\/\/www.argensend.com\/en\/wp-json\/wp\/v2\/types\/product"}],"replies":[{"embeddable":true,"href":"https:\/\/www.argensend.com\/en\/wp-json\/wp\/v2\/comments?post=16877"}],"version-history":[{"count":2,"href":"https:\/\/www.argensend.com\/en\/wp-json\/wp\/v2\/product\/16877\/revisions"}],"predecessor-version":[{"id":105448,"href":"https:\/\/www.argensend.com\/en\/wp-json\/wp\/v2\/product\/16877\/revisions\/105448"}],"wp:featuredmedia":[{"embeddable":true,"href":"https:\/\/www.argensend.com\/en\/wp-json\/wp\/v2\/media\/16875"}],"wp:attachment":[{"href":"https:\/\/www.argensend.com\/en\/wp-json\/wp\/v2\/media?parent=16877"}],"wp:term":[{"taxonomy":"brand","embeddable":true,"href":"https:\/\/www.argensend.com\/en\/wp-json\/wp\/v2\/etheme_brands?post=16877"},{"taxonomy":"product_brand","embeddable":true,"href":"https:\/\/www.argensend.com\/en\/wp-json\/wp\/v2\/product_brand?post=16877"},{"taxonomy":"product_cat","embeddable":true,"href":"https:\/\/www.argensend.com\/en\/wp-json\/wp\/v2\/product_cat?post=16877"},{"taxonomy":"product_tag","embeddable":true,"href":"https:\/\/www.argensend.com\/en\/wp-json\/wp\/v2\/product_tag?post=16877"}],"curies":[{"name":"wp","href":"https:\/\/api.w.org\/{rel}","templated":true}]}}