{"id":16879,"date":"2021-03-08T15:21:08","date_gmt":"2021-03-08T18:21:08","guid":{"rendered":"https:\/\/www.argensend.com\/?post_type=product&#038;p=16879"},"modified":"2025-04-21T17:05:16","modified_gmt":"2025-04-21T20:05:16","slug":"sales-liberato-tripack-marina-natural-8y1-marina-especias","status":"publish","type":"product","link":"https:\/\/www.argensend.com\/en\/product\/sales-liberato-tripack-marina-natural-8y1-marina-especias\/","title":{"rendered":"Sales Liberato Tripack: Marina Natural &#8211; \u201c8y1\u201d &#8211; Marina c\/Especias"},"content":{"rendered":"<p><strong>Marina Natural:<\/strong><br \/>\nLa alta calidad de nuestra sal del Mediterr\u00e1neo se debe a la pureza de los cristales de sal que se obtienen del agua de mar, evaporados naturalmente por el viento y el sol en un \u00e1rea de conservaci\u00f3n natural de gran valor ecol\u00f3gico, en la Reserva Natural del Delta del R\u00edo Ebro, en la costa del Mediterr\u00e1neo de Espa\u00f1a. La sal marina Liberato es un producto 100% natural que se obtiene de un proceso en el que intervienen principalmente el mar, el sol y el viento. Su producci\u00f3n no requiere un elevado consumo el\u00e9ctrico. Es por tanto una producci\u00f3n limpia, respetuosa del medio ambiente y no contaminante.<br \/>\n<em>EN:<\/em> The high quality of our Mediterranean salt is due to the purity of the salt crystals obtained from sea water, naturally evaporated by the wind and the sun in a natural conservation area of great ecological value, in the Natural Reserve of the Ebro River Delta, on the Mediterranean coast of Spain. Liberato sea salt is a 100% natural product that is obtained from a process in which the sea, the sun and the wind mainly intervene. Its production does not require high electricity consumption. It is therefore a clean, environmentally friendly and non-polluting production.<\/p>\n<p><strong>Especias 8y1:<\/strong><br \/>\nEl secreto de Liberato es la combinaci\u00f3n justa de sal y especias. Combinando Aj\u00ed molido, pimienta blanca molida, ajo en polvo y or\u00e9gano. Ideal para salar todo tipo de carnes, verduras y salsas.<br \/>\n<em>EN:<\/em>\u00a0Liberato\u2019s secret is the right combination of salt and spices. Combining ground chili, ground white pepper, garlic powder and oregano. Ideal for salting all kinds of meats, vegetables and sauces.<\/p>\n<p><strong>Marina con Especias:<br \/>\n<\/strong>La alta calidad de nuestra sal del Mediterr\u00e1neo se debe a la pureza de los cristales de sal que se obtienen del agua de mar, evaporados naturalmente por el viento y el sol en un \u00e1rea de conservaci\u00f3n natural de gran valor ecol\u00f3gico, en la Reserva Natural del Delta del R\u00edo Ebro, en la costa del Mediterr\u00e1neo de Espa\u00f1a. La sal marina Liberato es un producto 100% natural que se obtiene de un proceso en el que intervienen principalmente el mar, el sol y el viento. Su producci\u00f3n no requiere un elevado consumo el\u00e9ctrico. Es por tanto una producci\u00f3n limpia, respetuosa del medio ambiente y no contaminante.<br \/>\n<em>EN:<\/em>\u00a0The high quality of our Mediterranean salt is due to the purity of the salt crystals obtained from sea water, naturally evaporated by the wind and the sun in a natural conservation area of great ecological value, in the Natural Reserve of the Ebro River Delta, on the Mediterranean coast of Spain. Liberato sea salt is a 100% natural product that is obtained from a process in which the sea, the sun and the wind mainly intervene. Its production does not require high electricity consumption. It is therefore a clean, environmentally friendly and non-polluting production.<\/p>\n<p>INGREDIENTES: Sal entrefina enriquecida con Yodo para uso alimentario humano seg\u00fan Ley Nac. N\u00b0 17.259. Sin conservantes, Aj\u00ed molido, pimienta blanca molida, ajo deshidratado en polvo, or\u00e9gano deshidratado, antihumectante (fosfato tric\u00e1lcico).<br \/>\nMantener en un lugar fresco y seco, en su propio envase o en recipiente herm\u00e9tico.<br \/>\nTratar con cuidado, proteger de la luz y del calor.<br \/>\n<em>EN:<\/em> INGREDIENTS: Salt enriched with iodine for human food use according to National Law No. 17.259. No preservatives, ground chili, ground white pepper, dehydrated garlic powder, dehydrated oregano, antihumectant (tricalcium phosphate).<br \/>\nKeep in a cool and dry place, in its own container or in airtight container.<br \/>\nHandle with care, protect from light and heat.<\/p>","protected":false},"excerpt":{"rendered":"<p>Marina Natural: La alta calidad de nuestra sal del Mediterr\u00e1neo se debe a la pureza de los cristales de sal que se obtienen del agua&#8230;<\/p>","protected":false},"featured_media":16882,"comment_status":"closed","ping_status":"closed","template":"","meta":{"_acf_changed":false,"om_disable_all_campaigns":false,"_monsterinsights_skip_tracking":false,"_monsterinsights_sitenote_active":false,"_monsterinsights_sitenote_note":"","_monsterinsights_sitenote_category":0},"etheme_brands":[],"product_brand":[],"product_cat":[3868,2130],"product_tag":[783,776,778,782,775,780,781,779,727,777,773,784,774],"class_list":{"0":"post-16879","1":"product","2":"type-product","3":"status-publish","4":"has-post-thumbnail","6":"product_cat-exclusivos","7":"product_cat-sal-especias","8":"product_tag-783","9":"product_tag-aji-molido","10":"product_tag-ajo","11":"product_tag-entrefina","12":"product_tag-especias","13":"product_tag-marina","14":"product_tag-marine","15":"product_tag-oregano","16":"product_tag-pack","17":"product_tag-pimienta","18":"product_tag-sal","19":"product_tag-unidades","20":"product_tag-yodada","22":"first","23":"instock","24":"taxable","25":"shipping-taxable","26":"purchasable","27":"product-type-simple"},"acf":[],"aioseo_notices":[],"_links":{"self":[{"href":"https:\/\/www.argensend.com\/en\/wp-json\/wp\/v2\/product\/16879","targetHints":{"allow":["GET"]}}],"collection":[{"href":"https:\/\/www.argensend.com\/en\/wp-json\/wp\/v2\/product"}],"about":[{"href":"https:\/\/www.argensend.com\/en\/wp-json\/wp\/v2\/types\/product"}],"replies":[{"embeddable":true,"href":"https:\/\/www.argensend.com\/en\/wp-json\/wp\/v2\/comments?post=16879"}],"version-history":[{"count":1,"href":"https:\/\/www.argensend.com\/en\/wp-json\/wp\/v2\/product\/16879\/revisions"}],"predecessor-version":[{"id":87889,"href":"https:\/\/www.argensend.com\/en\/wp-json\/wp\/v2\/product\/16879\/revisions\/87889"}],"wp:featuredmedia":[{"embeddable":true,"href":"https:\/\/www.argensend.com\/en\/wp-json\/wp\/v2\/media\/16882"}],"wp:attachment":[{"href":"https:\/\/www.argensend.com\/en\/wp-json\/wp\/v2\/media?parent=16879"}],"wp:term":[{"taxonomy":"brand","embeddable":true,"href":"https:\/\/www.argensend.com\/en\/wp-json\/wp\/v2\/etheme_brands?post=16879"},{"taxonomy":"product_brand","embeddable":true,"href":"https:\/\/www.argensend.com\/en\/wp-json\/wp\/v2\/product_brand?post=16879"},{"taxonomy":"product_cat","embeddable":true,"href":"https:\/\/www.argensend.com\/en\/wp-json\/wp\/v2\/product_cat?post=16879"},{"taxonomy":"product_tag","embeddable":true,"href":"https:\/\/www.argensend.com\/en\/wp-json\/wp\/v2\/product_tag?post=16879"}],"curies":[{"name":"wp","href":"https:\/\/api.w.org\/{rel}","templated":true}]}}