{"id":17161,"date":"2021-03-15T22:03:25","date_gmt":"2021-03-16T01:03:25","guid":{"rendered":"https:\/\/www.argensend.com\/?post_type=product&#038;p=17161"},"modified":"2024-12-06T15:59:55","modified_gmt":"2024-12-06T18:59:55","slug":"la-salud-de-los-papas-por-nelson-castro","status":"publish","type":"product","link":"https:\/\/www.argensend.com\/en\/product\/la-salud-de-los-papas-por-nelson-castro\/","title":{"rendered":"La Salud de los Papas por Nelson Castro"},"content":{"rendered":"<p>\u00abNelson, tiene que escribir el libro de la salud de los papas. Empiece por m\u00ed. Le cuento mis neurosis.\u00bb Francisco Representantes de Dios en la Tierra, por siglos los papas han muerto en el trono hasta que, en los \u00faltimos a\u00f1os, diversas circunstancias pusieron en duda sus aptitudes para gobernar a causa del deterioro intelectual y f\u00edsico. A un Juan Pablo II vencido por el Parkinson sigui\u00f3 la sorpresiva abdicaci\u00f3n de Benedicto XVI. Fue Francisco quien busc\u00f3 terminar con las intrigas palaciegas. Franque\u00e1ndole al autor el m\u00edtico Archivo Vaticano y hablando \u00e9l mismo, sin tapujos, sobre los dolores del cuerpo y los pesares del alma, hasta ahora tab\u00faes, de un pont\u00edfice. De esta investigaci\u00f3n inusitada surge un libro \u00fanico. Revela -entre muchos otros secretos- la extra\u00f1a muerte de Juan Pablo I a un mes de haber asumido, la negligencia que casi desangra a Juan Pablo II y los rumores del \u00faltimo c\u00f3nclave, que buscaban desacreditar al candidato argentino aduciendo que solo ten\u00eda un pulm\u00f3n. Nelson Castro, m\u00e9dico respetado y periodista de extensa trayectoria, entrevista a especialistas y testigos, indaga en libros, diarios y documentos celosamente resguardados y devela los misterios que rodearon las enfermedades papales, sus efectos dentro de la curia y las repercusiones en la vida de millones de fieles.<br \/>\n<label>N\u00famero de p\u00e1ginas: <\/label><span id=\"ctl00_ContentPlaceHolder1_rptFicha_ctl00_prop_paginas\">288 &#8211; <\/span><label>Peso:<\/label><span id=\"ctl00_ContentPlaceHolder1_rptFicha_ctl00_prop_peso\">330 &#8211; <\/span><label>Formato: <\/label><span id=\"ctl00_ContentPlaceHolder1_rptFicha_ctl00_prop_encuadernacion\">R\u00fastica &#8211; <\/span><label>Edici\u00f3n: <\/label><span id=\"ctl00_ContentPlaceHolder1_rptFicha_ctl00_prop_edicion\">2021 &#8211; <\/span><label>Idioma: <\/label><span id=\"ctl00_ContentPlaceHolder1_rptFicha_ctl00_prop_idioma\">Castellano<\/span><\/p>\n<p><em>EN:<\/em> Nelson, you have to write the book on the health of the popes. Start with me. I tell you about my neuroses. &#8221; Francisco Representatives of God on Earth, for centuries popes have died on the throne until, in recent years, various circumstances called into question their abilities to govern due to intellectual and physical deterioration. A John Paul II defeated by Parkinson&#8217;s was followed by the surprising abdication of Benedict XVI. It was Francisco who sought to end the palace intrigues. Franchising the author the mythical Vatican Archive and speaking himself, openly, about the pains of the body and the sorrows of the soul, hitherto taboo, of a pontiff. A unique book emerges from this unusual research. It reveals &#8211; among many other secrets &#8211; the strange death of John Paul I a month after taking office, the negligence that almost bleeds John Paul II to death and the rumors of the last conclave, which sought to discredit the Argentine candidate on the grounds that he only had one lung. Nelson Castro, a respected physician and journalist with extensive experience, interviews specialists and witnesses, investigates jealously guarded books, diaries and documents and uncovers the mysteries surrounding papal diseases, their effects within the curia and the repercussions on the lives of millions of faithful.<br \/>\nNumber of pages: 288 &#8211; Weight: 330 &#8211; Format: Paperback &#8211; Edition: 2021 &#8211; Language: Spanish<\/p>","protected":false},"excerpt":{"rendered":"<p id=\"ctl00_ContentPlaceHolder1_rptFicha_ctl00_h4_subtitulo\">Medicina, Complots y Fe desde Le\u00f3n XIII hasta Francisco. Versi\u00f3n en Espa\u00f1ol.<\/p>\n<p>El libro m\u00e1s vendido en Argentina.<\/p>\n<p><em>EN:<\/em> Medicine, Plots and Faith from Leo XIII to Francisco. Spanish version.<\/p>\n<p>The best-selling book in Argentina.<\/p>","protected":false},"featured_media":17167,"comment_status":"closed","ping_status":"closed","template":"","meta":{"_acf_changed":false,"om_disable_all_campaigns":false,"_monsterinsights_skip_tracking":false,"_monsterinsights_sitenote_active":false,"_monsterinsights_sitenote_note":"","_monsterinsights_sitenote_category":0},"etheme_brands":[],"product_brand":[],"product_cat":[685],"product_tag":[224,755,810,752,806,808,809,807],"class_list":{"0":"post-17161","1":"product","2":"type-product","3":"status-publish","4":"has-post-thumbnail","6":"product_cat-libros","7":"product_tag-argentino","8":"product_tag-book","9":"product_tag-francisco","10":"product_tag-libro","11":"product_tag-nelson-castro","12":"product_tag-papas","13":"product_tag-pope","14":"product_tag-salud","16":"first","17":"instock","18":"taxable","19":"shipping-taxable","20":"purchasable","21":"product-type-simple"},"acf":[],"aioseo_notices":[],"_links":{"self":[{"href":"https:\/\/www.argensend.com\/en\/wp-json\/wp\/v2\/product\/17161","targetHints":{"allow":["GET"]}}],"collection":[{"href":"https:\/\/www.argensend.com\/en\/wp-json\/wp\/v2\/product"}],"about":[{"href":"https:\/\/www.argensend.com\/en\/wp-json\/wp\/v2\/types\/product"}],"replies":[{"embeddable":true,"href":"https:\/\/www.argensend.com\/en\/wp-json\/wp\/v2\/comments?post=17161"}],"version-history":[{"count":2,"href":"https:\/\/www.argensend.com\/en\/wp-json\/wp\/v2\/product\/17161\/revisions"}],"predecessor-version":[{"id":78222,"href":"https:\/\/www.argensend.com\/en\/wp-json\/wp\/v2\/product\/17161\/revisions\/78222"}],"wp:featuredmedia":[{"embeddable":true,"href":"https:\/\/www.argensend.com\/en\/wp-json\/wp\/v2\/media\/17167"}],"wp:attachment":[{"href":"https:\/\/www.argensend.com\/en\/wp-json\/wp\/v2\/media?parent=17161"}],"wp:term":[{"taxonomy":"brand","embeddable":true,"href":"https:\/\/www.argensend.com\/en\/wp-json\/wp\/v2\/etheme_brands?post=17161"},{"taxonomy":"product_brand","embeddable":true,"href":"https:\/\/www.argensend.com\/en\/wp-json\/wp\/v2\/product_brand?post=17161"},{"taxonomy":"product_cat","embeddable":true,"href":"https:\/\/www.argensend.com\/en\/wp-json\/wp\/v2\/product_cat?post=17161"},{"taxonomy":"product_tag","embeddable":true,"href":"https:\/\/www.argensend.com\/en\/wp-json\/wp\/v2\/product_tag?post=17161"}],"curies":[{"name":"wp","href":"https:\/\/api.w.org\/{rel}","templated":true}]}}