{"id":17195,"date":"2021-03-15T23:05:39","date_gmt":"2021-03-16T02:05:39","guid":{"rendered":"https:\/\/www.argensend.com\/?post_type=product&#038;p=17195"},"modified":"2024-12-06T15:59:57","modified_gmt":"2024-12-06T18:59:57","slug":"mal-educadas-de-florencia-freijo-maria","status":"publish","type":"product","link":"https:\/\/www.argensend.com\/en\/product\/mal-educadas-de-florencia-freijo-maria\/","title":{"rendered":"Libro &#8211; (Mal) Educadas de Florencia Freijo Maria"},"content":{"rendered":"<p>Las mujeres estamos reescribiendo la historia y espero que este libro te ayude a reescribir la tuya.El conocimiento nos har\u00e1 libres.C\u00f3mo se ha educado a las mujeres por siglos? Para qu\u00e9 se las ha educado? Hasta fines del siglo XIX las mujeres no asistieron a la escuela,su \u00fanica formaci\u00f3n tend\u00eda a que fueran &#8216;buenas&#8217;:buenas esposas,concubinas,amantes,madres,hijas,abuelas.Esta educaci\u00f3n inorg\u00e1nica,esta &#8216;mala&#8217; educaci\u00f3n,se vuelve un sustrato permanente y fort\u00edsimo que sigue formando a las mujeres a\u00fan hoy para cumplir miles de mandatos.Esto es lo que sostiene Mar\u00eda Florencia Freijo en (Mal) Educadas:que las mujeres han sido y a\u00fan son preparadas,tanto desde la educaci\u00f3n formal como la informal,para amar sin condiciones a riesgo de quedarse &#8216;solas&#8217;,y para limitar su propio poder y sus posibilidades expansivas.Con una aguda mirada hist\u00f3rica y una escritura l\u00facida y personal,la autora encuentra en el concepto de &#8216;mala educaci\u00f3n&#8217; un punto de partida que consolida una serie de prejuicios sobre las mujeres.As\u00ed se construyeron y se sostienen los arquetipos de la mala mujer:puta,bruja,vividora,loca. Mar\u00eda Florencia Freijo muestra y explica en este libro imprescindible la l\u00ednea que une la historia silenciada de las mujeres,en busca de descubrir el porqu\u00e9 de esto que aparece como un destino,pero que es en realidad un mandato que s\u00f3lo con conocimiento se podr\u00e1 cambiar,para que cada mujer pueda trazar una historia propia m\u00e1s libre y m\u00e1s consciente.<br \/>\n<label>Colecci\u00f3n: <\/label><span id=\"ctl00_ContentPlaceHolder1_rptFicha_ctl00_prop_coleccion\">Fuera de Colecci\u00f3n &#8211; <\/span><label>N\u00famero de p\u00e1ginas: <\/label><span id=\"ctl00_ContentPlaceHolder1_rptFicha_ctl00_prop_paginas\">272 &#8211; <\/span><label>Peso: <\/label><span id=\"ctl00_ContentPlaceHolder1_rptFicha_ctl00_prop_peso\">400 &#8211; <\/span><label>Formato: <\/label><span id=\"ctl00_ContentPlaceHolder1_rptFicha_ctl00_prop_encuadernacion\">R\u00fastica &#8211; <\/span><label>Edici\u00f3n: <\/label><span id=\"ctl00_ContentPlaceHolder1_rptFicha_ctl00_prop_edicion\">2020 &#8211; <\/span><label>Idioma: <\/label><span id=\"ctl00_ContentPlaceHolder1_rptFicha_ctl00_prop_idioma\">Castellano<\/span><\/p>\n<p><em>EN: <\/em>Women are rewriting history and I hope this book will help you rewrite yours. Knowledge will set us free. How have women been educated for centuries? What have they been educated for? Until the end of the 19th century, women did not attend school, their only training tended to be &#8216;good&#8217;: good wives, concubines, lovers, mothers, daughters, grandmothers.This inorganic education, this &#8216;bad&#8217; education, becomes a permanent and very strong substrate that continues to train women even today to fulfill thousands of mandates.This is what Mar\u00eda Florencia Freijo maintains in (Mal) Educadas: that women have been and still are prepared, both from formal and informal education , to love without conditions at the risk of remaining &#8216;alone&#8217;, and to limit her own power and expansive possibilities.With a keen historical look and a lucid and personal writing, the author finds in the concept of &#8216;bad education&#8217; a point of A game that consolidates a series of prejudices about women. This is how the archetypes of the bad woman were built and sustained: whore, witch, livelihood, madwoman. Mar\u00eda Florencia Freijo shows and explains in this essential book the line that unites the silenced history of women, in search of discovering the reason for this that appears as a destiny, but is actually a mandate that can only be changed with knowledge. so that each woman can draw a freer and more conscious story of her own.<br \/>\nCollection: Out of Collection &#8211; Number of pages: 272 &#8211; Weight: 400 &#8211; Format: Paperback &#8211; Edition: 2020 &#8211; Language: Spanish<\/p>","protected":false},"excerpt":{"rendered":"<p>Las mujeres estamos reescribiendo la historia y espero que este libro te ayude a reescribir la tuya.El conocimiento nos har\u00e1 libres.C\u00f3mo se ha educado a&#8230;<\/p>","protected":false},"featured_media":17197,"comment_status":"closed","ping_status":"closed","template":"","meta":{"_acf_changed":false,"om_disable_all_campaigns":false,"_monsterinsights_skip_tracking":false,"_monsterinsights_sitenote_active":false,"_monsterinsights_sitenote_note":"","_monsterinsights_sitenote_category":0,"jetpack_post_was_ever_published":false},"etheme_brands":[],"product_brand":[],"product_cat":[685],"product_tag":[755,823,824,752,822,815],"class_list":{"0":"post-17195","1":"product","2":"type-product","3":"status-publish","4":"has-post-thumbnail","6":"product_cat-libros","7":"product_tag-book","8":"product_tag-educadas","9":"product_tag-florencia-freijo-maria","10":"product_tag-libro","11":"product_tag-mal","12":"product_tag-planeta","14":"first","15":"instock","16":"taxable","17":"shipping-taxable","18":"purchasable","19":"product-type-simple"},"acf":[],"aioseo_notices":[],"jetpack_sharing_enabled":true,"_links":{"self":[{"href":"https:\/\/www.argensend.com\/en\/wp-json\/wp\/v2\/product\/17195","targetHints":{"allow":["GET"]}}],"collection":[{"href":"https:\/\/www.argensend.com\/en\/wp-json\/wp\/v2\/product"}],"about":[{"href":"https:\/\/www.argensend.com\/en\/wp-json\/wp\/v2\/types\/product"}],"replies":[{"embeddable":true,"href":"https:\/\/www.argensend.com\/en\/wp-json\/wp\/v2\/comments?post=17195"}],"version-history":[{"count":1,"href":"https:\/\/www.argensend.com\/en\/wp-json\/wp\/v2\/product\/17195\/revisions"}],"predecessor-version":[{"id":78219,"href":"https:\/\/www.argensend.com\/en\/wp-json\/wp\/v2\/product\/17195\/revisions\/78219"}],"wp:featuredmedia":[{"embeddable":true,"href":"https:\/\/www.argensend.com\/en\/wp-json\/wp\/v2\/media\/17197"}],"wp:attachment":[{"href":"https:\/\/www.argensend.com\/en\/wp-json\/wp\/v2\/media?parent=17195"}],"wp:term":[{"taxonomy":"brand","embeddable":true,"href":"https:\/\/www.argensend.com\/en\/wp-json\/wp\/v2\/etheme_brands?post=17195"},{"taxonomy":"product_brand","embeddable":true,"href":"https:\/\/www.argensend.com\/en\/wp-json\/wp\/v2\/product_brand?post=17195"},{"taxonomy":"product_cat","embeddable":true,"href":"https:\/\/www.argensend.com\/en\/wp-json\/wp\/v2\/product_cat?post=17195"},{"taxonomy":"product_tag","embeddable":true,"href":"https:\/\/www.argensend.com\/en\/wp-json\/wp\/v2\/product_tag?post=17195"}],"curies":[{"name":"wp","href":"https:\/\/api.w.org\/{rel}","templated":true}]}}