{"id":17202,"date":"2021-03-15T23:25:45","date_gmt":"2021-03-16T02:25:45","guid":{"rendered":"https:\/\/www.argensend.com\/?post_type=product&#038;p=17202"},"modified":"2024-12-06T15:59:57","modified_gmt":"2024-12-06T18:59:57","slug":"criar-con-empatia-de-maritchu-seitun","status":"publish","type":"product","link":"https:\/\/www.argensend.com\/en\/product\/criar-con-empatia-de-maritchu-seitun\/","title":{"rendered":"Criar con Empat\u00eda de Maritchu Seitun"},"content":{"rendered":"<p>Despu\u00e9s de haber atravesado tiempos tan dif\u00edciles, es necesario que los adultos desplieguen sus mejores habilidades para demostrarles a sus hijos que de las peores crisis y cambios se sale con amor, respeto y amabilidad. Maritchu Seit\u00fan sent\u00f3 en este libro las bases de la crianza, desde el nacimiento hasta la adolescencia tard\u00eda, un libro que interpela a madres y padres sobre los valores m\u00e1s profundos y las cuestiones cotidianas, un libro con ideas claras sobre el ejercicio de la maternidad y la paternidad bajo la mirada amorosa y firme de la psic\u00f3loga infantil m\u00e1s le\u00edda de la Argentina. La propuesta es que los adultos piensen en sus propias infancias, qu\u00e9 madres y padres tuvieron y qu\u00e9 madres y padres pueden y quieren ser. Maritchu reflexiona sobre los temas que contribuyen a la formaci\u00f3n de los hijos, para que se conviertan en personas \u00e9ticas y act\u00faen en consecuencia cuando los mayores ya no est\u00e9n cerca. Indaga en los cambios que atraviesan los ni\u00f1os en las diferentes etapas, y c\u00f3mo acompa\u00f1arlos en cada una. Y aborda los temas centrales en la crianza, como la autoestima y el estr\u00e9s, y qu\u00e9 hacer para afrontar los momentos duros de la vida. Criar con empat\u00eda es una obra l\u00facida, basada en la propia experiencia de la autora como profesional, madre y abuela. Un libro indispensable para superar \u00e9pocas complejas.<br \/>\n<label>N\u00famero de p\u00e1ginas: <\/label><span id=\"ctl00_ContentPlaceHolder1_rptFicha_ctl00_prop_paginas\">384 &#8211; <\/span><label>Peso: <\/label><span id=\"ctl00_ContentPlaceHolder1_rptFicha_ctl00_prop_peso\">400 &#8211; <\/span><label>Formato: <\/label><span id=\"ctl00_ContentPlaceHolder1_rptFicha_ctl00_prop_encuadernacion\">R\u00fastica &#8211; <\/span><label>Edici\u00f3n: <\/label><span id=\"ctl00_ContentPlaceHolder1_rptFicha_ctl00_prop_edicion\">2021 &#8211; <\/span><label>Idioma: <\/label><span id=\"ctl00_ContentPlaceHolder1_rptFicha_ctl00_prop_idioma\">Castellano<\/span><\/p>\n<p><em>EN: <\/em>After having gone through such difficult times, it is necessary for adults to use their best skills to show their children that the worst crises and changes come out with love, respect and kindness. In this book Maritchu Seit\u00fan laid the foundations of parenting, from birth to late adolescence, a book that challenges mothers and fathers about the deepest values \u200b\u200band daily issues, a book with clear ideas about the exercise of motherhood and fatherhood under the loving and firm gaze of the most widely read child psychologist in Argentina. The proposal is that adults think about their own childhoods, what mothers and fathers they had and what mothers and fathers they can and want to be. Maritchu reflects on the issues that contribute to the formation of children, so that they become ethical people and act accordingly when the elders are no longer around. She investigates the changes that children go through in the different stages, and how to accompany them in each one. And she addresses the core issues in parenting, like self-esteem and stress, and what to do to cope with life&#8217;s tough times. Raising with empathy is a lucid work, based on the author&#8217;s own experience as a professional, mother and grandmother. An indispensable book to overcome complex times.<br \/>\nNumber of pages: 384 &#8211; Weight: 400 &#8211; Format: Paperback &#8211; Edition: 2021 &#8211; Language: Spanish<\/p>","protected":false},"excerpt":{"rendered":"<p>Despu\u00e9s de haber atravesado tiempos tan dif\u00edciles, es necesario que los adultos desplieguen sus mejores habilidades para demostrarles a sus hijos que de las peores&#8230;<\/p>","protected":false},"featured_media":17203,"comment_status":"closed","ping_status":"closed","template":"","meta":{"_acf_changed":false,"om_disable_all_campaigns":false,"_monsterinsights_skip_tracking":false,"_monsterinsights_sitenote_active":false,"_monsterinsights_sitenote_note":"","_monsterinsights_sitenote_category":0},"etheme_brands":[],"product_brand":[],"product_cat":[685],"product_tag":[755,831,830,752,832],"class_list":{"0":"post-17202","1":"product","2":"type-product","3":"status-publish","4":"has-post-thumbnail","6":"product_cat-libros","7":"product_tag-book","8":"product_tag-criar-con-empatia","9":"product_tag-grijalbo","10":"product_tag-libro","11":"product_tag-maritchu-seitun","13":"first","14":"instock","15":"taxable","16":"shipping-taxable","17":"purchasable","18":"product-type-simple"},"acf":[],"aioseo_notices":[],"_links":{"self":[{"href":"https:\/\/www.argensend.com\/en\/wp-json\/wp\/v2\/product\/17202","targetHints":{"allow":["GET"]}}],"collection":[{"href":"https:\/\/www.argensend.com\/en\/wp-json\/wp\/v2\/product"}],"about":[{"href":"https:\/\/www.argensend.com\/en\/wp-json\/wp\/v2\/types\/product"}],"replies":[{"embeddable":true,"href":"https:\/\/www.argensend.com\/en\/wp-json\/wp\/v2\/comments?post=17202"}],"version-history":[{"count":2,"href":"https:\/\/www.argensend.com\/en\/wp-json\/wp\/v2\/product\/17202\/revisions"}],"predecessor-version":[{"id":100637,"href":"https:\/\/www.argensend.com\/en\/wp-json\/wp\/v2\/product\/17202\/revisions\/100637"}],"wp:featuredmedia":[{"embeddable":true,"href":"https:\/\/www.argensend.com\/en\/wp-json\/wp\/v2\/media\/17203"}],"wp:attachment":[{"href":"https:\/\/www.argensend.com\/en\/wp-json\/wp\/v2\/media?parent=17202"}],"wp:term":[{"taxonomy":"brand","embeddable":true,"href":"https:\/\/www.argensend.com\/en\/wp-json\/wp\/v2\/etheme_brands?post=17202"},{"taxonomy":"product_brand","embeddable":true,"href":"https:\/\/www.argensend.com\/en\/wp-json\/wp\/v2\/product_brand?post=17202"},{"taxonomy":"product_cat","embeddable":true,"href":"https:\/\/www.argensend.com\/en\/wp-json\/wp\/v2\/product_cat?post=17202"},{"taxonomy":"product_tag","embeddable":true,"href":"https:\/\/www.argensend.com\/en\/wp-json\/wp\/v2\/product_tag?post=17202"}],"curies":[{"name":"wp","href":"https:\/\/api.w.org\/{rel}","templated":true}]}}