{"id":17283,"date":"2021-03-18T16:17:02","date_gmt":"2021-03-18T19:17:02","guid":{"rendered":"https:\/\/www.argensend.com\/?post_type=product&#038;p=17283"},"modified":"2024-12-06T16:00:02","modified_gmt":"2024-12-06T19:00:02","slug":"shampoo-solido-vegano-lemongrass-cedro","status":"publish","type":"product","link":"https:\/\/www.argensend.com\/en\/product\/shampoo-solido-vegano-lemongrass-cedro\/","title":{"rendered":"Shampoo S\u00f3lido Vegano Lemongrass &#8211; Cedro"},"content":{"rendered":"","protected":false},"excerpt":{"rendered":"<p><strong>Shampoo s\u00f3lido a base de tensioactivos derivados del coco, aceites vegetales, y aceites esenciales. Producto biodegradable y no testeado en animales, apto para veganos. Aprobado por ANMAT.\u00a0RINDE APROXIMADAMENTE 60 LAVADOS.<\/strong><\/p>\n<p>Este shampoo ha sido formulado para pelo normal a seco, por las propiedades humectantes y nutritivas del aceite de almendras y de jojoba. La fragancia est\u00e1 compuesta por una combinaci\u00f3n de aceites esenciales puros, destilados directamente de las plantas.<\/p>\n<ul>\n<li><em>sin sulfatos<\/em><\/li>\n<li><em>sin fragancias artificiales<\/em><\/li>\n<li><em>sin colorantes<\/em><\/li>\n<\/ul>\n<p><strong>Modo de uso:<\/strong>\u00a0aplicar la pastilla del shampoo sobre el cuero cabelludo mojado, frotar con las manos formando espuma y enjuagar con abundante agua.<\/p>\n<p>Nuestros shampoo no requieren de per\u00edodo de adaptaci\u00f3n, ya que no est\u00e1n elaborados por el proceso de saponificaci\u00f3n. \u00a1El pelo te queda sedoso y brillante desde el\u00a0primer lavado!<\/p>","protected":false},"featured_media":17284,"comment_status":"closed","ping_status":"closed","template":"","meta":{"_acf_changed":false,"om_disable_all_campaigns":false,"_monsterinsights_skip_tracking":false,"_monsterinsights_sitenote_active":false,"_monsterinsights_sitenote_note":"","_monsterinsights_sitenote_category":0},"etheme_brands":[],"product_brand":[],"product_cat":[4453],"product_tag":[456,464,467,466,465],"class_list":{"0":"post-17283","1":"product","2":"type-product","3":"status-publish","4":"has-post-thumbnail","6":"product_cat-salud-y-belleza-vegana","7":"product_tag-crema","8":"product_tag-crema-dermaglos","9":"product_tag-crema-en-pote","10":"product_tag-crema-facial","11":"product_tag-dermaglos","13":"first","14":"instock","15":"sale","16":"taxable","17":"shipping-taxable","18":"purchasable","19":"product-type-simple"},"acf":[],"aioseo_notices":[],"_links":{"self":[{"href":"https:\/\/www.argensend.com\/en\/wp-json\/wp\/v2\/product\/17283","targetHints":{"allow":["GET"]}}],"collection":[{"href":"https:\/\/www.argensend.com\/en\/wp-json\/wp\/v2\/product"}],"about":[{"href":"https:\/\/www.argensend.com\/en\/wp-json\/wp\/v2\/types\/product"}],"replies":[{"embeddable":true,"href":"https:\/\/www.argensend.com\/en\/wp-json\/wp\/v2\/comments?post=17283"}],"version-history":[{"count":1,"href":"https:\/\/www.argensend.com\/en\/wp-json\/wp\/v2\/product\/17283\/revisions"}],"predecessor-version":[{"id":98957,"href":"https:\/\/www.argensend.com\/en\/wp-json\/wp\/v2\/product\/17283\/revisions\/98957"}],"wp:featuredmedia":[{"embeddable":true,"href":"https:\/\/www.argensend.com\/en\/wp-json\/wp\/v2\/media\/17284"}],"wp:attachment":[{"href":"https:\/\/www.argensend.com\/en\/wp-json\/wp\/v2\/media?parent=17283"}],"wp:term":[{"taxonomy":"brand","embeddable":true,"href":"https:\/\/www.argensend.com\/en\/wp-json\/wp\/v2\/etheme_brands?post=17283"},{"taxonomy":"product_brand","embeddable":true,"href":"https:\/\/www.argensend.com\/en\/wp-json\/wp\/v2\/product_brand?post=17283"},{"taxonomy":"product_cat","embeddable":true,"href":"https:\/\/www.argensend.com\/en\/wp-json\/wp\/v2\/product_cat?post=17283"},{"taxonomy":"product_tag","embeddable":true,"href":"https:\/\/www.argensend.com\/en\/wp-json\/wp\/v2\/product_tag?post=17283"}],"curies":[{"name":"wp","href":"https:\/\/api.w.org\/{rel}","templated":true}]}}