{"id":17587,"date":"2021-03-26T19:47:20","date_gmt":"2021-03-26T22:47:20","guid":{"rendered":"https:\/\/www.argensend.com\/?post_type=product&#038;p=17587"},"modified":"2024-12-06T16:00:15","modified_gmt":"2024-12-06T19:00:15","slug":"simple-fibras-por-bago","status":"publish","type":"product","link":"https:\/\/www.argensend.com\/en\/product\/simple-fibras-por-bago\/","title":{"rendered":"Simple Fibras Por Bag\u00f3"},"content":{"rendered":"","protected":false},"excerpt":{"rendered":"<p>&#8216;- 1 Pote de 60 gomitas &#8220;Simple Fibra&#8221;<\/p>\n<p>Ayuda a regularizar el tr\u00e1nsito intestinal. Complementa el contenido de fibra en la dieta. Pastillas de goma sabor frutos rojos con s\u00f3lo 6,5kcalor\u00edas por unidad. 2 unidades por d\u00eda aportan el 12% de la IDR.<\/p>\n<p>&nbsp;<\/p>\n<p>&nbsp;<\/p>","protected":false},"featured_media":17588,"comment_status":"closed","ping_status":"closed","template":"","meta":{"_acf_changed":false,"om_disable_all_campaigns":false,"_monsterinsights_skip_tracking":false,"_monsterinsights_sitenote_active":false,"_monsterinsights_sitenote_note":"","_monsterinsights_sitenote_category":0},"etheme_brands":[],"product_brand":[],"product_cat":[8819],"product_tag":[],"class_list":{"0":"post-17587","1":"product","2":"type-product","3":"status-publish","4":"has-post-thumbnail","6":"product_cat-farmacia","8":"first","9":"instock","10":"taxable","11":"shipping-taxable","12":"purchasable","13":"product-type-simple"},"acf":[],"aioseo_notices":[],"_links":{"self":[{"href":"https:\/\/www.argensend.com\/en\/wp-json\/wp\/v2\/product\/17587","targetHints":{"allow":["GET"]}}],"collection":[{"href":"https:\/\/www.argensend.com\/en\/wp-json\/wp\/v2\/product"}],"about":[{"href":"https:\/\/www.argensend.com\/en\/wp-json\/wp\/v2\/types\/product"}],"replies":[{"embeddable":true,"href":"https:\/\/www.argensend.com\/en\/wp-json\/wp\/v2\/comments?post=17587"}],"version-history":[{"count":3,"href":"https:\/\/www.argensend.com\/en\/wp-json\/wp\/v2\/product\/17587\/revisions"}],"predecessor-version":[{"id":119243,"href":"https:\/\/www.argensend.com\/en\/wp-json\/wp\/v2\/product\/17587\/revisions\/119243"}],"wp:featuredmedia":[{"embeddable":true,"href":"https:\/\/www.argensend.com\/en\/wp-json\/wp\/v2\/media\/17588"}],"wp:attachment":[{"href":"https:\/\/www.argensend.com\/en\/wp-json\/wp\/v2\/media?parent=17587"}],"wp:term":[{"taxonomy":"brand","embeddable":true,"href":"https:\/\/www.argensend.com\/en\/wp-json\/wp\/v2\/etheme_brands?post=17587"},{"taxonomy":"product_brand","embeddable":true,"href":"https:\/\/www.argensend.com\/en\/wp-json\/wp\/v2\/product_brand?post=17587"},{"taxonomy":"product_cat","embeddable":true,"href":"https:\/\/www.argensend.com\/en\/wp-json\/wp\/v2\/product_cat?post=17587"},{"taxonomy":"product_tag","embeddable":true,"href":"https:\/\/www.argensend.com\/en\/wp-json\/wp\/v2\/product_tag?post=17587"}],"curies":[{"name":"wp","href":"https:\/\/api.w.org\/{rel}","templated":true}]}}