{"id":17599,"date":"2021-03-26T20:42:24","date_gmt":"2021-03-26T23:42:24","guid":{"rendered":"https:\/\/www.argensend.com\/?post_type=product&#038;p=17599"},"modified":"2024-12-06T16:00:16","modified_gmt":"2024-12-06T19:00:16","slug":"la-merced-yerba-mate-campo-sur-500-gr-yerba-mate-south-field-17-63-oz","status":"publish","type":"product","link":"https:\/\/www.argensend.com\/en\/product\/la-merced-yerba-mate-campo-sur-500-gr-yerba-mate-south-field-17-63-oz\/","title":{"rendered":"La Merced &#8211; Yerba Mate Campo Sur 500gr"},"content":{"rendered":"<div class=\"ui-pdp-container__row\">\n<div class=\"ui-pdp-container__col col-1\">\n<div class=\"ui-pdp-collapsable ui-pdp-description-collapse\">\n<div class=\"ui-pdp-collapsable__container\">\n<div class=\"ui-pdp-description pl-45 pr-45 ui-pdp-collapsable--is-collapsed\">\n<p class=\"ui-pdp-description__content\">La yerba mate La Merced Campo Sur en presentaci\u00f3n de 500g ofrece una experiencia robusta y aut\u00e9ntica del mate argentino. Con un sabor intenso y equilibrado, es ideal para quienes disfrutan de un mate con cuerpo y car\u00e1cter. Su aroma herb\u00e1ceo y ligero amargor son distintivos, proporcionando una bebida reconfortante y energizante. La presentaci\u00f3n en caja asegura frescura y practicidad en el almacenamiento, siendo perfecta para compartir en reuniones o para momentos de tranquilidad. La Merced Campo Sur es una elecci\u00f3n popular entre los amantes del mate que buscan calidad y tradici\u00f3n en cada sorbo.<\/p>\n<\/div>\n<\/div>\n<\/div>\n<\/div>\n<\/div>\n<div class=\"ui-pdp-container__row\">\n<div class=\"ui-pdp-container__col col-1\"><\/div>\n<\/div>\n<div class=\"ui-pdp-container__row ui-pdp-recommendations-row\">\n<div class=\"ui-pdp-container__col col-1\">\n<div class=\"ui-pdp-spot-middle\">\n<section class=\"ui-recommendations-carousel-wrapper-ref\">\n<div class=\"ui-recommendations-carousel-snapped mt-40 mb-40 ui-pdp-spot-middle__separator recos-override__card-vertical\">\n<div class=\"ui-recommendations-carousel-snapped__header\">\n<div class=\"ui-recommendations-carousel-snapped__header-titles\"><\/div>\n<\/div>\n<\/div>\n<\/section>\n<\/div>\n<\/div>\n<\/div>","protected":false},"excerpt":{"rendered":"<p>yerba mate La Merced Campo Sur<\/p>","protected":false},"featured_media":17600,"comment_status":"closed","ping_status":"closed","template":"","meta":{"_acf_changed":false,"om_disable_all_campaigns":false,"_monsterinsights_skip_tracking":false,"_monsterinsights_sitenote_active":false,"_monsterinsights_sitenote_note":"","_monsterinsights_sitenote_category":0},"etheme_brands":[],"product_brand":[],"product_cat":[2124],"product_tag":[203,234,921,616,5378,225,6947,165,6952,6951,228,10631,163],"class_list":{"0":"post-17599","1":"product","2":"type-product","3":"status-publish","4":"has-post-thumbnail","6":"product_cat-yerbas","7":"product_tag-argentina","8":"product_tag-argentine","9":"product_tag-caja","10":"product_tag-campo","11":"product_tag-field","12":"product_tag-infusion","13":"product_tag-la-merced","14":"product_tag-mate","15":"product_tag-south","16":"product_tag-sur","17":"product_tag-tradicional","18":"product_tag-xmass24","19":"product_tag-yerba","21":"first","22":"instock","23":"taxable","24":"shipping-taxable","25":"purchasable","26":"product-type-simple"},"acf":[],"aioseo_notices":[],"_links":{"self":[{"href":"https:\/\/www.argensend.com\/en\/wp-json\/wp\/v2\/product\/17599","targetHints":{"allow":["GET"]}}],"collection":[{"href":"https:\/\/www.argensend.com\/en\/wp-json\/wp\/v2\/product"}],"about":[{"href":"https:\/\/www.argensend.com\/en\/wp-json\/wp\/v2\/types\/product"}],"replies":[{"embeddable":true,"href":"https:\/\/www.argensend.com\/en\/wp-json\/wp\/v2\/comments?post=17599"}],"version-history":[{"count":5,"href":"https:\/\/www.argensend.com\/en\/wp-json\/wp\/v2\/product\/17599\/revisions"}],"predecessor-version":[{"id":116438,"href":"https:\/\/www.argensend.com\/en\/wp-json\/wp\/v2\/product\/17599\/revisions\/116438"}],"wp:featuredmedia":[{"embeddable":true,"href":"https:\/\/www.argensend.com\/en\/wp-json\/wp\/v2\/media\/17600"}],"wp:attachment":[{"href":"https:\/\/www.argensend.com\/en\/wp-json\/wp\/v2\/media?parent=17599"}],"wp:term":[{"taxonomy":"brand","embeddable":true,"href":"https:\/\/www.argensend.com\/en\/wp-json\/wp\/v2\/etheme_brands?post=17599"},{"taxonomy":"product_brand","embeddable":true,"href":"https:\/\/www.argensend.com\/en\/wp-json\/wp\/v2\/product_brand?post=17599"},{"taxonomy":"product_cat","embeddable":true,"href":"https:\/\/www.argensend.com\/en\/wp-json\/wp\/v2\/product_cat?post=17599"},{"taxonomy":"product_tag","embeddable":true,"href":"https:\/\/www.argensend.com\/en\/wp-json\/wp\/v2\/product_tag?post=17599"}],"curies":[{"name":"wp","href":"https:\/\/api.w.org\/{rel}","templated":true}]}}