{"id":17659,"date":"2021-03-28T14:40:35","date_gmt":"2021-03-28T17:40:35","guid":{"rendered":"https:\/\/www.argensend.com\/?post_type=product&#038;p=17659"},"modified":"2024-12-06T16:00:22","modified_gmt":"2024-12-06T19:00:22","slug":"kit-de-depilacion-sistema-descartable-roll-on-depimiel","status":"publish","type":"product","link":"https:\/\/www.argensend.com\/en\/product\/kit-de-depilacion-sistema-descartable-roll-on-depimiel\/","title":{"rendered":"Depimiel &#8211; Kit de Depilaci\u00f3n Sistema Descartable Roll On"},"content":{"rendered":"","protected":false},"excerpt":{"rendered":"<p>Kit De Depilaci\u00f3n Sistema Descartable Roll On Depimiel<\/p>\n<p>BENEFICIOS<\/p>\n<p>El Kit De Depilaci\u00f3n Sistema Descartable Roll On Depimiel , es un sistema r\u00e1pido, f\u00e1cil y eficaz, desarrollado especialmente para vos que deseas seguridad, confort, practicidad y belleza. Es un completo kit de depilaci\u00f3n que le proveer\u00e1 diferentes productos para una depilaci\u00f3n perfecta y confortable.<\/p>\n<p>CARACTER\u00cdSTICAS<\/p>\n<p>&#8211; Provee diferentes productos para la depilaci\u00f3n<\/p>\n<p>&#8211; Con s\u00f3lo 30 minutos de calentamiento de la cera est\u00e1 lista para realizar la depilaci\u00f3n.<\/p>\n<p>&#8211; El Derretidor El\u00e9ctrico posee un termostato que se enciende y apaga autom\u00e1ticamente para mantener la cera a una temperatura deseada y constante.<\/p>\n<p>INCLUYE<\/p>\n<p>&#8211; 1 Derretidor El\u00e9ctrico DEPIMIEL para Roll-on, 220v<\/p>\n<p>&#8211; 1 Cera Roll-on Cl\u00e1sica x 100g DEPIMIEL<\/p>\n<p>&#8211; 1 paquete de bandas de Papel x 10 unidades<\/p>\n<p>&#8211; 1 \u00d3leo de Limpieza hidratante DEPIMIEL x 110 CC<\/p>\n<p>&nbsp;<\/p>\n<p>Depimiel Roll On Disposable Hair Removal System Kit<\/p>\n<p>BENEFITS<\/p>\n<p>The Depimiel Roll On Disposable Depilation Kit is a fast, easy and effective system, developed especially for you who want safety, comfort, practicality and beauty. It is a complete hair removal kit that will provide you with different products for a perfect and comfortable hair removal.<\/p>\n<p>FEATURES<\/p>\n<p>&#8211; Provides different products for hair removal<\/p>\n<p>&#8211; With only 30 minutes of heating the wax is ready to perform hair removal.<\/p>\n<p>&#8211; The Electric Melter has a thermostat that turns on and off automatically to keep the wax at a desired and constant temperature.<\/p>\n<p>INCLUDES<\/p>\n<p>&#8211; 1 DEPIMIEL Electric Roll-On Wax Melter, 220v<\/p>\n<p>&#8211; 1 DEPIMIEL Classic Roll-on Wax x 100g<\/p>\n<p>&#8211; 1 pack of Paper Strips x 10 units<\/p>\n<p>&#8211; 1 DEPIMIEL Moisturizing Cleansing Oil x 110 CC<\/p>","protected":false},"featured_media":17660,"comment_status":"closed","ping_status":"closed","template":"","meta":{"_acf_changed":false,"om_disable_all_campaigns":false,"_monsterinsights_skip_tracking":false,"_monsterinsights_sitenote_active":false,"_monsterinsights_sitenote_note":"","_monsterinsights_sitenote_category":0},"etheme_brands":[],"product_brand":[],"product_cat":[8819],"product_tag":[456,463,462],"class_list":{"0":"post-17659","1":"product","2":"type-product","3":"status-publish","4":"has-post-thumbnail","6":"product_cat-farmacia","7":"product_tag-crema","8":"product_tag-crema-para-bebes","9":"product_tag-hipoglos","11":"first","12":"instock","13":"taxable","14":"shipping-taxable","15":"purchasable","16":"product-type-simple"},"acf":[],"aioseo_notices":[],"_links":{"self":[{"href":"https:\/\/www.argensend.com\/en\/wp-json\/wp\/v2\/product\/17659","targetHints":{"allow":["GET"]}}],"collection":[{"href":"https:\/\/www.argensend.com\/en\/wp-json\/wp\/v2\/product"}],"about":[{"href":"https:\/\/www.argensend.com\/en\/wp-json\/wp\/v2\/types\/product"}],"replies":[{"embeddable":true,"href":"https:\/\/www.argensend.com\/en\/wp-json\/wp\/v2\/comments?post=17659"}],"version-history":[{"count":3,"href":"https:\/\/www.argensend.com\/en\/wp-json\/wp\/v2\/product\/17659\/revisions"}],"predecessor-version":[{"id":99014,"href":"https:\/\/www.argensend.com\/en\/wp-json\/wp\/v2\/product\/17659\/revisions\/99014"}],"wp:featuredmedia":[{"embeddable":true,"href":"https:\/\/www.argensend.com\/en\/wp-json\/wp\/v2\/media\/17660"}],"wp:attachment":[{"href":"https:\/\/www.argensend.com\/en\/wp-json\/wp\/v2\/media?parent=17659"}],"wp:term":[{"taxonomy":"brand","embeddable":true,"href":"https:\/\/www.argensend.com\/en\/wp-json\/wp\/v2\/etheme_brands?post=17659"},{"taxonomy":"product_brand","embeddable":true,"href":"https:\/\/www.argensend.com\/en\/wp-json\/wp\/v2\/product_brand?post=17659"},{"taxonomy":"product_cat","embeddable":true,"href":"https:\/\/www.argensend.com\/en\/wp-json\/wp\/v2\/product_cat?post=17659"},{"taxonomy":"product_tag","embeddable":true,"href":"https:\/\/www.argensend.com\/en\/wp-json\/wp\/v2\/product_tag?post=17659"}],"curies":[{"name":"wp","href":"https:\/\/api.w.org\/{rel}","templated":true}]}}