{"id":17665,"date":"2021-03-28T15:40:19","date_gmt":"2021-03-28T18:40:19","guid":{"rendered":"https:\/\/www.argensend.com\/?post_type=product&#038;p=17665"},"modified":"2024-12-06T16:00:22","modified_gmt":"2024-12-06T19:00:22","slug":"shampoo-evita-piojos-capilatis-500ml","status":"publish","type":"product","link":"https:\/\/www.argensend.com\/en\/product\/shampoo-evita-piojos-capilatis-500ml\/","title":{"rendered":"Capilatis &#8211; Shampoo Anti Piojos 500ml"},"content":{"rendered":"","protected":false},"excerpt":{"rendered":"<section class=\"product-description-container\">\n<div class=\"product-description active\">\n<div class=\"productDescription\">\n<p>Descripci\u00f3n:<br \/>\nEvitan la presencia de piojos y ayudan a desprender las liendres. Sus f\u00f3rmulas no agreden el cabello, permitiendo un uso frecuente y dej\u00e1ndolo suave, brillante y protegido. Shampoo y Desenredante Capilatis a base de Palo Amargo ayudan a evitar la presencia de piojos. Sus ingredientes han sido cuidadosamente seleccionados para no agredir al cabello permitiendo su uso frecuente, dej\u00e1ndolo suave, brillante y protegido. F\u00f3rmulas sin pediculicidas qu\u00edmicos.<\/p>\n<p>&#8211;<\/p>\n<p><em>EN:<br \/>\n<\/em>Description:<br \/>\nPrevent the presence of lice and help to remove nits. Their formulas do not damage the hair, allowing frequent use and leaving it soft, shiny and protected. Capilatis Shampoo and Detangler based on Palo Amargo help prevent the presence of head lice. Its ingredients have been carefully selected so as not to damage the hair, allowing frequent use, leaving it soft, shiny and protected. Formulas without chemical pediculicides.<\/p>\n<\/div>\n<\/div>\n<\/section>","protected":false},"featured_media":50998,"comment_status":"closed","ping_status":"closed","template":"","meta":{"_acf_changed":false,"om_disable_all_campaigns":false,"_monsterinsights_skip_tracking":false,"_monsterinsights_sitenote_active":false,"_monsterinsights_sitenote_note":"","_monsterinsights_sitenote_category":0},"etheme_brands":[],"product_brand":[],"product_cat":[8819,8820],"product_tag":[93,1863,8950,68,5310,70,8968,273,914,8967,8971,8970,8969,3925],"class_list":{"0":"post-17665","1":"product","2":"type-product","3":"status-publish","4":"has-post-thumbnail","6":"product_cat-farmacia","7":"product_cat-jabones-y-shampoo","8":"product_tag-93","9":"product_tag-anti","10":"product_tag-capilatis","11":"product_tag-de","12":"product_tag-evita","13":"product_tag-la","14":"product_tag-lice","15":"product_tag-mililitros","16":"product_tag-ml","17":"product_tag-piojos","18":"product_tag-presencia","19":"product_tag-prevencion","20":"product_tag-prevention","21":"product_tag-shampoo","23":"first","24":"instock","25":"taxable","26":"shipping-taxable","27":"purchasable","28":"product-type-simple"},"acf":[],"aioseo_notices":[],"_links":{"self":[{"href":"https:\/\/www.argensend.com\/en\/wp-json\/wp\/v2\/product\/17665","targetHints":{"allow":["GET"]}}],"collection":[{"href":"https:\/\/www.argensend.com\/en\/wp-json\/wp\/v2\/product"}],"about":[{"href":"https:\/\/www.argensend.com\/en\/wp-json\/wp\/v2\/types\/product"}],"replies":[{"embeddable":true,"href":"https:\/\/www.argensend.com\/en\/wp-json\/wp\/v2\/comments?post=17665"}],"version-history":[{"count":5,"href":"https:\/\/www.argensend.com\/en\/wp-json\/wp\/v2\/product\/17665\/revisions"}],"predecessor-version":[{"id":99017,"href":"https:\/\/www.argensend.com\/en\/wp-json\/wp\/v2\/product\/17665\/revisions\/99017"}],"wp:featuredmedia":[{"embeddable":true,"href":"https:\/\/www.argensend.com\/en\/wp-json\/wp\/v2\/media\/50998"}],"wp:attachment":[{"href":"https:\/\/www.argensend.com\/en\/wp-json\/wp\/v2\/media?parent=17665"}],"wp:term":[{"taxonomy":"brand","embeddable":true,"href":"https:\/\/www.argensend.com\/en\/wp-json\/wp\/v2\/etheme_brands?post=17665"},{"taxonomy":"product_brand","embeddable":true,"href":"https:\/\/www.argensend.com\/en\/wp-json\/wp\/v2\/product_brand?post=17665"},{"taxonomy":"product_cat","embeddable":true,"href":"https:\/\/www.argensend.com\/en\/wp-json\/wp\/v2\/product_cat?post=17665"},{"taxonomy":"product_tag","embeddable":true,"href":"https:\/\/www.argensend.com\/en\/wp-json\/wp\/v2\/product_tag?post=17665"}],"curies":[{"name":"wp","href":"https:\/\/api.w.org\/{rel}","templated":true}]}}